{"id":997,"date":"2024-06-17T15:09:36","date_gmt":"2024-06-17T13:09:36","guid":{"rendered":"https:\/\/www.amprintservice.com\/?page_id=997"},"modified":"2025-12-16T15:43:09","modified_gmt":"2025-12-16T14:43:09","slug":"complete-guide-hp-mjf-3d-printer","status":"publish","type":"page","link":"https:\/\/www.amprintservice.com\/en\/3d-utskrift-i-plast\/komplett-guide-hp-mjf-3d-printer\/","title":{"rendered":"3D Print med HP&#8217;s Multi Jet Fusion (MJF) Skrivare"},"content":{"rendered":"\n\n\t\t<meta itemprop=\"url\" content=\"https:\/\/www.amprintservice.com\/wp-content\/uploads\/2024\/06\/01.-Reinvent-3D-Printing-4200-launch-event-intro-video-May-2016.mp4\" \/><div style=\"width: 640px;\" class=\"wp-video\"><video class=\"wp-video-shortcode\" id=\"video-997-1\" width=\"640\" height=\"360\" poster=\"https:\/\/www.amprintservice.com\/wp-content\/uploads\/2024\/06\/hp-mjf-vid-poster.webp\" preload=\"none\" controls=\"controls\"><source type=\"video\/mp4\" src=\"https:\/\/www.amprintservice.com\/wp-content\/uploads\/2024\/06\/01.-Reinvent-3D-Printing-4200-launch-event-intro-video-May-2016.mp4?_=1\" \/><source type=\"video\/mp4\" src=\"https:\/\/www.amprintservice.com\/wp-content\/uploads\/2024\/06\/01.-Reinvent-3D-Printing-4200-launch-event-intro-video-May-2016.mp4?_=1\" \/><a href=\"https:\/\/www.amprintservice.com\/wp-content\/uploads\/2024\/06\/01.-Reinvent-3D-Printing-4200-launch-event-intro-video-May-2016.mp4\">https:\/\/www.amprintservice.com\/wp-content\/uploads\/2024\/06\/01.-Reinvent-3D-Printing-4200-launch-event-intro-video-May-2016.mp4<\/a><\/video><\/div>\t\n<h1>\n\t\t\t3D Print med HP&#8217;s Multi Jet Fusion (MJF) Skrivare\t<\/h1>\n\t<p>Multi Jet Fusion, eller MJF, \u00e4r en avancerad 3D-printingteknologi utvecklad av HP. Tekniken \u00e4r s\u00e4rskilt k\u00e4nd f\u00f6r sin f\u00f6rm\u00e5ga att producera komponenter med h\u00f6g detaljrikedom, j\u00e4mn ytkvalitet och starka mekaniska egenskaper. <\/p>\n<p>Genom att anv\u00e4nda materialpulver och en bindemedelsagent skapar MJF delar med precision och h\u00e5llbarhet. Detta g\u00f6r tekniken till ett popul\u00e4rt val inom flera <a href=\"https:\/\/www.amprintservice.com\/3d-print-for-tillverkningsindustri\/\" target=\"_blank\" rel=\"noreferrer noopener\">industrier<\/a>.\u00a0\u00a0<\/p>\n\t<h2><strong>S\u00e5 fungerar Multi Jet Fusion (MJF)\u00a0\u00a0<\/strong><\/h2>\n<p>MJF-tekniken skiljer sig fr\u00e5n andra 3D-printingmetoder genom att den kombinerar flera steg i en enda sammanh\u00e4ngande process. Materialpulver sprids j\u00e4mnt \u00f6ver en byggplattform. D\u00e4refter appliceras en heat-absorbing agent (fusing agent<b>)<\/b> p\u00e5 de omr\u00e5den som ska sm\u00e4ltas samman. Samtidigt anv\u00e4nds en dimension accuracy agent (detailing agent) f\u00f6r att skapa h\u00f6g precision i detaljerna. V\u00e4rme anv\u00e4nds f\u00f6r att sm\u00e4lta och binda materialet lager f\u00f6r lager. Processen upprepas tills komponenten \u00e4r klar.\u00a0<\/p>\n<p>Efter utskriften avl\u00e4gsnas \u00f6verfl\u00f6digt pulver med tryckluft eller dammsugare och \u00e5tervinns f\u00f6r framtida anv\u00e4ndning. F\u00f6r att uppn\u00e5 den slutliga ytfinishen kan komponenterna bearbetas vidare genom polering, f\u00e4rgning, g\u00e4ngning eller lackering. Denna metod \u00e4r inte bara snabb och exakt utan ger ocks\u00e5 h\u00f6g materialeffektivitet, vilket bidrar till l\u00e4gre produktionskostnader.\u00a0<\/p>\n\t\t\t\t<img decoding=\"async\" src=\"https:\/\/www.amprintservice.com\/wp-content\/uploads\/2024\/06\/hp-jet-fusion-5200-3d-printing-amprintservice-1.webp\" alt=\"HP Multi jet fusion (MJF)\" itemprop=\"image\" height=\"1407\" width=\"1920\" title=\"hp-jet-fusion-5200-3d-printing-amprintservice-1\" onerror=\"this.style.display='none'\" loading=\"lazy\" \/>\n\t\t\t\t<img decoding=\"async\" src=\"https:\/\/www.amprintservice.com\/wp-content\/uploads\/2024\/06\/hp-jet-fusion-5200-3d-printing-amprintservice-2.webp\" alt=\"HP Multi jet fusion (MJF)\" itemprop=\"image\" height=\"1280\" width=\"1920\" title=\"hp-jet-fusion-5200-3d-printing-amprintservice-2\" onerror=\"this.style.display='none'\" loading=\"lazy\" \/>\n\t\t\t\t<img decoding=\"async\" src=\"https:\/\/www.amprintservice.com\/wp-content\/uploads\/2020\/12\/amprintservice-hero-header-scaled.jpg\" alt=\"AM Printservice order 3D Prints online\" itemprop=\"image\" height=\"1920\" width=\"2560\" title=\"amprintservice-hero-header\" onerror=\"this.style.display='none'\" loading=\"lazy\" \/>\n\t<h3><b>Material f\u00f6r Multi Jet Fusion (MJF)<\/b>\u00a0<\/h3>\n<ul>\n<li data-leveltext=\"\uf0b7\" data-font=\"Symbol\" data-listid=\"3\" data-list-defn-props=\"{&quot;335552541&quot;:1,&quot;335559685&quot;:720,&quot;335559991&quot;:360,&quot;469769226&quot;:&quot;Symbol&quot;,&quot;469769242&quot;:[8226],&quot;469777803&quot;:&quot;left&quot;,&quot;469777804&quot;:&quot;\uf0b7&quot;,&quot;469777815&quot;:&quot;hybridMultilevel&quot;}\" aria-setsize=\"-1\" data-aria-posinset=\"1\" data-aria-level=\"1\"><a href=\"https:\/\/www.amprintservice.com\/3d-utskrift-i-plast\/komplett-guide-pa12-utskrifter-i-plast\/\"><b>PA12 (Nylon 12)<\/b><\/a><b>:<\/b> H\u00e5llfast, kemikalieresistent och stabilt. L\u00e4mpligt f\u00f6r h\u00f6ljen, kapslingar och funktionella prototyper.<\/li>\n<li data-leveltext=\"\uf0b7\" data-font=\"Symbol\" data-listid=\"3\" data-list-defn-props=\"{&quot;335552541&quot;:1,&quot;335559685&quot;:720,&quot;335559991&quot;:360,&quot;469769226&quot;:&quot;Symbol&quot;,&quot;469769242&quot;:[8226],&quot;469777803&quot;:&quot;left&quot;,&quot;469777804&quot;:&quot;\uf0b7&quot;,&quot;469777815&quot;:&quot;hybridMultilevel&quot;}\" aria-setsize=\"-1\" data-aria-posinset=\"2\" data-aria-level=\"1\"><b>PA12 Glas P\u00e4rla:<\/b> F\u00f6rb\u00e4ttrad styvhet och dimensionsstabilitet f\u00f6r jiggar och fixturer.<\/li>\n<li data-leveltext=\"\uf0b7\" data-font=\"Symbol\" data-listid=\"3\" data-list-defn-props=\"{&quot;335552541&quot;:1,&quot;335559685&quot;:720,&quot;335559991&quot;:360,&quot;469769226&quot;:&quot;Symbol&quot;,&quot;469769242&quot;:[8226],&quot;469777803&quot;:&quot;left&quot;,&quot;469777804&quot;:&quot;\uf0b7&quot;,&quot;469777815&quot;:&quot;hybridMultilevel&quot;}\" aria-setsize=\"-1\" data-aria-posinset=\"3\" data-aria-level=\"1\"><b>PA11 (Nylon 11):<\/b> Flexibelt och slagt\u00e5ligt f\u00f6r dynamiska applikationer som g\u00e5ngj\u00e4rn och skyddsk\u00e5por.<\/li>\n<li data-leveltext=\"\uf0b7\" data-font=\"Symbol\" data-listid=\"3\" data-list-defn-props=\"{&quot;335552541&quot;:1,&quot;335559685&quot;:720,&quot;335559991&quot;:360,&quot;469769226&quot;:&quot;Symbol&quot;,&quot;469769242&quot;:[8226],&quot;469777803&quot;:&quot;left&quot;,&quot;469777804&quot;:&quot;\uf0b7&quot;,&quot;469777815&quot;:&quot;hybridMultilevel&quot;}\" aria-setsize=\"-1\" data-aria-posinset=\"4\" data-aria-level=\"1\"><b>TPU:<\/b> Elastiskt och slitstarkt f\u00f6r t\u00e4tningar, grepp och b\u00e4rbara enheter.<\/li>\n<li data-leveltext=\"\uf0b7\" data-font=\"Symbol\" data-listid=\"3\" data-list-defn-props=\"{&quot;335552541&quot;:1,&quot;335559685&quot;:720,&quot;335559991&quot;:360,&quot;469769226&quot;:&quot;Symbol&quot;,&quot;469769242&quot;:[8226],&quot;469777803&quot;:&quot;left&quot;,&quot;469777804&quot;:&quot;\uf0b7&quot;,&quot;469777815&quot;:&quot;hybridMultilevel&quot;}\" aria-setsize=\"-1\" data-aria-posinset=\"4\" data-aria-level=\"1\"><b>PP:<\/b> Kemikaliebest\u00e4ndigt och l\u00e4tt f\u00f6r v\u00e4tskesystem och beh\u00e5llare.\u00a0<\/li>\n<\/ul>\n<p>Med detta urval kan MJF anpassas f\u00f6r olika behov. \u00c4r du os\u00e4ker vilket material du vill anv\u00e4nda f\u00f6r ditt projekt? <a href=\"https:\/\/www.amprintservice.com\/contact\/\">Kontakta oss<\/a>!\u00a0<\/p>\n\t<h3><b>F\u00f6rdelar<\/b><\/h3>\n<p>MJF har flera f\u00f6rdelar j\u00e4mf\u00f6rt med teknologier som <a href=\"https:\/\/www.amprintservice.com\/3d-utskrift-i-plast\/sls-printing\/\">SLS<\/a> (selektiv lasersintring) eller <a href=\"https:\/\/www.amprintservice.com\/3d-utskrift-i-plast\/fdm-printing\/\">FDM<\/a> (fused deposition modeling). Tack vare den snabba produktionen kan MJF leverera upp till tio g\u00e5nger h\u00f6gre hastighet \u00e4n traditionella metoder. Dessutom m\u00f6jligg\u00f6r tekniken \u00e5teranv\u00e4ndning av material, vilket g\u00f6r den b\u00e5de kostnadseffektiv och h\u00e5llbar.\u00a0\u00a0<\/p>\n\t\t\t\t<img decoding=\"async\" src=\"https:\/\/www.amprintservice.com\/wp-content\/uploads\/2024\/11\/AM-Printservice-08-scaled.jpg\" alt=\"3d printade dr\u00f6nare\" itemprop=\"image\" height=\"1707\" width=\"2560\" title=\"AM Printservice-08\" onerror=\"this.style.display='none'\" loading=\"lazy\" \/>\n\t\t\t\t<img decoding=\"async\" src=\"https:\/\/www.amprintservice.com\/wp-content\/uploads\/2020\/12\/amprintservice-chaser.jpg\" alt=\"AM Printservice order 3D Prints online\" itemprop=\"image\" height=\"987\" width=\"1837\" title=\"amprintservice-chaser\" onerror=\"this.style.display='none'\" loading=\"lazy\" \/>\n\t\t\t\t<img decoding=\"async\" src=\"https:\/\/www.amprintservice.com\/wp-content\/uploads\/2020\/12\/logo_img.png\" alt=\"AM Printservice order 3D Prints online\" itemprop=\"image\" height=\"860\" width=\"860\" title=\"logo_img\" onerror=\"this.style.display='none'\" loading=\"lazy\" \/>\n\t<h3><b>Varf\u00f6r v\u00e4lja AM Printservice f\u00f6r MJF?<\/b>\u00a0<\/h3>\n<p>AM Printservice kombinerar den senaste MJF-tekniken med snabb och p\u00e5litlig produktion. F\u00f6retaget erbjuder m\u00f6jligheten att direkt ladda upp 3D-modeller via sin plattform, vilket ger snabb prisinformation och enkel orderl\u00e4ggning. Med erfarenhet fr\u00e5n flera industrier och ett brett materialutbud kan AM Printservice leverera skr\u00e4ddarsydda l\u00f6sningar f\u00f6r prototyper och serieproduktion.\u00a0<\/p>\n<p>F\u00f6r f\u00f6retag som s\u00f6ker p\u00e5litliga l\u00f6sningar f\u00f6r avancerad tillverkning \u00e4r MJF ett f\u00f6rstahandsval. <a href=\"https:\/\/www.amprintservice.com\/contact\/\" target=\"_blank\" rel=\"noreferrer noopener\">Kontakta oss<\/a> f\u00f6r mer information om hur vi kan hj\u00e4lpa dig med din n\u00e4sta tillverkningsl\u00f6sning. <\/p>\n<p>Har du en f\u00e4rdig ritning? <a href=\"https:\/\/www.amprintservice.com\/order\/\" target=\"_blank\" rel=\"noreferrer noopener\">Best\u00e4ll din 3d-pritning h\u00e4r<\/a>.\u00a0<\/p>\n\t<h3>Kontakta oss<\/h3>\n<p>Kontakta oss g\u00e4rna idag med dina funderingar s\u00e5 kan vi ber\u00e4tta mer om v\u00e5rt koncept och hur er verksamhet kan dra f\u00f6rdelar av v\u00e5ra tj\u00e4nster.<\/p>\n<p><a id=\"contact-email\" href=\"mailto:info@amprintservice.com\">info@amprintservice.com<\/a><\/p>\n    \t<a style=\"text-decoration: none;\" href=\"https:\/\/www.instagram.com\/amprintservice\/\" target=\"_blank\" rel=\"noopener\">\n\t\t<img decoding=\"async\" style=\"width: 50px; height: auto;\" src=\"https:\/\/www.amprintservice.com\/wp-content\/themes\/amprintservice\/images\/instagram.svg\">\n\t<\/a>\n\t\n    \t<a style=\"text-decoration: none;\" href=\"https:\/\/www.linkedin.com\/company\/amprintservice\/\" target=\"_blank\" rel=\"noopener\">\n\t\t<img decoding=\"async\" style=\"width: 50px; height: auto;\" src=\"https:\/\/www.amprintservice.com\/wp-content\/themes\/amprintservice\/images\/linkedin.svg\">\n\t<\/a>\n\t\n\t\n<div class=\"wpcf7 no-js\" id=\"wpcf7-f5-o1\" lang=\"sv-SE\" dir=\"ltr\" data-wpcf7-id=\"5\">\n<div class=\"screen-reader-response\"><p role=\"status\" aria-live=\"polite\" aria-atomic=\"true\"><\/p> <ul><\/ul><\/div>\n<form action=\"\/en\/wp-json\/wp\/v2\/pages\/997#wpcf7-f5-o1\" method=\"post\" class=\"wpcf7-form init\" aria-label=\"Kontaktformul\u00e4r\" novalidate=\"novalidate\" data-status=\"init\">\n<fieldset class=\"hidden-fields-container\"><input type=\"hidden\" name=\"_wpcf7\" value=\"5\" \/><input type=\"hidden\" name=\"_wpcf7_version\" value=\"6.1.5\" \/><input type=\"hidden\" name=\"_wpcf7_locale\" value=\"sv_SE\" \/><input type=\"hidden\" name=\"_wpcf7_unit_tag\" value=\"wpcf7-f5-o1\" \/><input type=\"hidden\" name=\"_wpcf7_container_post\" value=\"0\" \/><input type=\"hidden\" name=\"_wpcf7_posted_data_hash\" value=\"\" \/>\n<\/fieldset>\n<p><label> Namn<br \/>\n<span class=\"wpcf7-form-control-wrap\" data-name=\"your-name\"><input size=\"40\" maxlength=\"400\" class=\"wpcf7-form-control wpcf7-text wpcf7-validates-as-required\" aria-required=\"true\" aria-invalid=\"false\" value=\"\" type=\"text\" name=\"your-name\" \/><\/span> <\/label>\n<\/p>\n<p><label> E-post<br \/>\n<span class=\"wpcf7-form-control-wrap\" data-name=\"your-email\"><input size=\"40\" maxlength=\"400\" class=\"wpcf7-form-control wpcf7-email wpcf7-validates-as-required wpcf7-text wpcf7-validates-as-email\" aria-required=\"true\" aria-invalid=\"false\" value=\"\" type=\"email\" name=\"your-email\" \/><\/span> <\/label>\n<\/p>\n<p><label> Meddelande<br \/>\n<span class=\"wpcf7-form-control-wrap\" data-name=\"your-message\"><textarea cols=\"40\" rows=\"10\" maxlength=\"2000\" class=\"wpcf7-form-control wpcf7-textarea wpcf7-validates-as-required\" aria-required=\"true\" aria-invalid=\"false\" name=\"your-message\"><\/textarea><\/span> <\/label>\n<\/p>\n<p><span class=\"wpcf7-form-control-wrap\" data-name=\"quiz-799\"><label><span class=\"wpcf7-quiz-label\">\u00c4r du en robot? Hur m\u00e5nga bokst\u00e4ver finns det i ordet PRINT ?<\/span> <input size=\"40\" class=\"wpcf7-form-control wpcf7-quiz\" autocomplete=\"off\" aria-required=\"true\" aria-invalid=\"false\" type=\"text\" name=\"quiz-799\" \/><\/label><input type=\"hidden\" name=\"_wpcf7_quiz_answer_quiz-799\" value=\"c3047008f9ff68ac5b81426e2bf8c630\" \/><\/span>\n<\/p>\n<p><input class=\"wpcf7-form-control wpcf7-submit has-spinner\" type=\"submit\" value=\"Skicka\" \/>\n<\/p><p style=\"display: none !important;\" class=\"akismet-fields-container\" data-prefix=\"_wpcf7_ak_\"><label>&#916;<textarea name=\"_wpcf7_ak_hp_textarea\" cols=\"45\" rows=\"8\" maxlength=\"100\"><\/textarea><\/label><input type=\"hidden\" id=\"ak_js_1\" name=\"_wpcf7_ak_js\" value=\"163\"\/><script>document.getElementById( \"ak_js_1\" ).setAttribute( \"value\", ( new Date() ).getTime() );<\/script><\/p><div class=\"wpcf7-response-output\" aria-hidden=\"true\"><\/div>\n<\/form>\n<\/div>\n\n\n","protected":false},"excerpt":{"rendered":"<p>3D Print med HP&#8217;s Multi Jet Fusion (MJF) Skrivare Multi Jet Fusion, eller MJF, \u00e4r en avancerad 3D-printingteknologi utvecklad av HP. Tekniken \u00e4r s\u00e4rskilt k\u00e4nd f\u00f6r sin f\u00f6rm\u00e5ga att producera komponenter med h\u00f6g detaljrikedom, j\u00e4mn ytkvalitet och starka mekaniska egenskaper. Genom att anv\u00e4nda materialpulver och en bindemedelsagent skapar MJF delar med precision och h\u00e5llbarhet. Detta [&hellip;]<\/p>\n","protected":false},"author":10,"featured_media":998,"parent":930,"menu_order":0,"comment_status":"closed","ping_status":"closed","template":"page-templates\/template-pagebuilder.php","meta":{"_acf_changed":false,"_genesis_hide_title":false,"_genesis_hide_breadcrumbs":false,"_genesis_hide_singular_image":false,"_genesis_hide_footer_widgets":false,"_genesis_custom_body_class":"","_genesis_custom_post_class":"","_genesis_layout":"","footnotes":""},"class_list":{"0":"post-997","1":"page","2":"type-page","3":"status-publish","4":"has-post-thumbnail","6":"entry"},"acf":[],"_links":{"self":[{"href":"https:\/\/www.amprintservice.com\/en\/wp-json\/wp\/v2\/pages\/997","targetHints":{"allow":["GET"]}}],"collection":[{"href":"https:\/\/www.amprintservice.com\/en\/wp-json\/wp\/v2\/pages"}],"about":[{"href":"https:\/\/www.amprintservice.com\/en\/wp-json\/wp\/v2\/types\/page"}],"author":[{"embeddable":true,"href":"https:\/\/www.amprintservice.com\/en\/wp-json\/wp\/v2\/users\/10"}],"replies":[{"embeddable":true,"href":"https:\/\/www.amprintservice.com\/en\/wp-json\/wp\/v2\/comments?post=997"}],"version-history":[{"count":11,"href":"https:\/\/www.amprintservice.com\/en\/wp-json\/wp\/v2\/pages\/997\/revisions"}],"predecessor-version":[{"id":2037,"href":"https:\/\/www.amprintservice.com\/en\/wp-json\/wp\/v2\/pages\/997\/revisions\/2037"}],"up":[{"embeddable":true,"href":"https:\/\/www.amprintservice.com\/en\/wp-json\/wp\/v2\/pages\/930"}],"wp:featuredmedia":[{"embeddable":true,"href":"https:\/\/www.amprintservice.com\/en\/wp-json\/wp\/v2\/media\/998"}],"wp:attachment":[{"href":"https:\/\/www.amprintservice.com\/en\/wp-json\/wp\/v2\/media?parent=997"}],"curies":[{"name":"wp","href":"https:\/\/api.w.org\/{rel}","templated":true}]}}