{"id":967,"date":"2024-06-05T12:01:41","date_gmt":"2024-06-05T10:01:41","guid":{"rendered":"https:\/\/www.amprintservice.com\/?page_id=967"},"modified":"2025-09-02T11:35:10","modified_gmt":"2025-09-02T09:35:10","slug":"blog","status":"publish","type":"page","link":"https:\/\/www.amprintservice.com\/en\/blogg\/","title":{"rendered":"Blog"},"content":{"rendered":"<h1>BLOGG &#8211; KRAFTEN BAKOM 3D-PRINTING<\/h1>\n<hr \/>\n<p>&nbsp;<\/p>\n<p>YOUR ONLINE PARTNER FOR 3D PROTOTYPES &amp; PRODUCTION<\/p>\n<p>&nbsp;<\/p>\n\t\t\t<a href=\"https:\/\/www.amprintservice.com\/en\/order\/\" target=\"_self\">\n\t\t\t\t\t\t\tOrder 3D printing\n\t\t\t\t\t<\/a>\n\t\t\t<a href=\"https:\/\/www.amprintservice.com\/en\/contact\/\" target=\"_self\">\n\t\t\t\t\t\t\tContact us\n\t\t\t\t\t<\/a>\n\t<section class=\"am-post-grid\">         <article class=\"latest-post js-scroll anim-fadeup\">\n            <a href=\"https:\/\/www.amprintservice.com\/en\/svensk-dronare-med-3d-print\/\">\n\n                           <img decoding=\"async\" src=\"https:\/\/www.amprintservice.com\/wp-content\/uploads\/2026\/05\/uav-prototyp-3d-print-svensk-dron-3.jpg-1024x575.jpg\" alt=\"Swedish drone with 3D print\">\n                              \n               <h2>Swedish drone with 3D print<\/h2>\n               <span>07.05.2026<\/span>\n            <\/a>\n         <\/article>\n                  <article class=\"latest-post js-scroll anim-fadeup\">\n            <a href=\"https:\/\/www.amprintservice.com\/en\/3d-print-for-smyckestillverkning\/\">\n\n                           <img decoding=\"async\" src=\"https:\/\/www.amprintservice.com\/wp-content\/uploads\/2026\/03\/Forstorade-sandkorn-fran-i-3D-printing-1024x741.jpeg\" alt=\"3D printing for jewellery making\">\n                              \n               <h2>3D printing for jewellery making<\/h2>\n               <span>10.03.2026<\/span>\n            <\/a>\n         <\/article>\n                  <article class=\"latest-post js-scroll anim-fadeup\">\n            <a href=\"https:\/\/www.amprintservice.com\/en\/3d-printing-for-militaren-rocket-wrench\/\">\n\n                           <img decoding=\"async\" src=\"https:\/\/www.amprintservice.com\/wp-content\/uploads\/2026\/01\/Rocket-wrench-3D-PA12-1024x768.webp\" alt=\"3D printing for the military - Rocket Wrench\">\n                              \n               <h2>3D printing for the military - Rocket Wrench<\/h2>\n               <span>20.01.2026<\/span>\n            <\/a>\n         <\/article>\n                  <article class=\"latest-post js-scroll anim-fadeup\">\n            <a href=\"https:\/\/www.amprintservice.com\/en\/reservdelar-for-maskiner-case-atlas-copco-ga15\/\">\n\n                           <img decoding=\"async\" src=\"https:\/\/www.amprintservice.com\/wp-content\/uploads\/2025\/10\/Originaldel-och-3D-del-768x1024.webp\" alt=\"Spare parts for machines \u2013 case: Atlas Copco GA15\">\n                              \n               <h2>Spare parts for machines \u2013 case: Atlas Copco GA15<\/h2>\n               <span>16.10.2025<\/span>\n            <\/a>\n         <\/article>\n                  <article class=\"latest-post js-scroll anim-fadeup\">\n            <a href=\"https:\/\/www.amprintservice.com\/en\/3d-medaljer-for-mjardevistafetten\/\">\n\n                           <img decoding=\"async\" src=\"https:\/\/www.amprintservice.com\/wp-content\/uploads\/2025\/10\/3D-medaljer-1-768x1024.webp\" alt=\"3D medals for Mj\u00e4rdevistafetten 2025\">\n                              \n               <h2>3D medals for Mj\u00e4rdevistafetten 2025<\/h2>\n               <span>10.10.2025<\/span>\n            <\/a>\n         <\/article>\n                  <article class=\"latest-post js-scroll anim-fadeup\">\n            <a href=\"https:\/\/www.amprintservice.com\/en\/3d-del-for-maserati-4200-gt\/\">\n\n                           <img decoding=\"async\" src=\"https:\/\/www.amprintservice.com\/wp-content\/uploads\/2025\/10\/Maserati-4200-GT.webp\" alt=\"3D part for Maserati 4200 GT\">\n                              \n               <h2>3D part for Maserati 4200 GT<\/h2>\n               <span>02.10.2025<\/span>\n            <\/a>\n         <\/article>\n                  <article class=\"latest-post js-scroll anim-fadeup\">\n            <a href=\"https:\/\/www.amprintservice.com\/en\/3d-print-on-demand\/\">\n\n                           <img decoding=\"async\" src=\"https:\/\/www.amprintservice.com\/wp-content\/uploads\/2025\/09\/3D-parts_on-demand-production-and-prototypes-1024x768.webp\" alt=\"Prototypes with short lead times through 3D printing online\u00a0\">\n                              \n               <h2>Prototypes with short lead times through 3D printing online\u00a0<\/h2>\n               <span>18.09.2025<\/span>\n            <\/a>\n         <\/article>\n                  <article class=\"latest-post js-scroll anim-fadeup\">\n            <a href=\"https:\/\/www.amprintservice.com\/en\/samarbete-on-demand-2033\/\">\n\n                           <img decoding=\"async\" src=\"https:\/\/www.amprintservice.com\/wp-content\/uploads\/2025\/09\/on-demand-3D.webp\" alt=\"Collaboration with On Demand 2033\">\n                              \n               <h2>Collaboration with On Demand 2033<\/h2>\n               <span>18.09.2025<\/span>\n            <\/a>\n         <\/article>\n                  <article class=\"latest-post js-scroll anim-fadeup\">\n            <a href=\"https:\/\/www.amprintservice.com\/en\/model-smr-for-blykalla\/\">\n\n                           <img decoding=\"async\" src=\"https:\/\/www.amprintservice.com\/wp-content\/uploads\/2025\/08\/1-1024x768.jpg\" alt=\"Model SMR for Blykalla\">\n                              \n               <h2>Model SMR for Blykalla<\/h2>\n               <span>15.08.2025<\/span>\n            <\/a>\n         <\/article>\n                  <article class=\"latest-post js-scroll anim-fadeup\">\n            <a href=\"https:\/\/www.amprintservice.com\/en\/uas-forum-dronare-ai-och-3d-utskrift\/\">\n\n                           <img decoding=\"async\" src=\"https:\/\/www.amprintservice.com\/wp-content\/uploads\/2025\/05\/Catharina-Sandberg-1024x768.jpeg\" alt=\"UAS Forum \u2013 Drones, AI and 3D Printing\u00a0\">\n                              \n               <h2>UAS Forum \u2013 Drones, AI and 3D Printing\u00a0<\/h2>\n               <span>30.05.2025<\/span>\n            <\/a>\n         <\/article>\n                  <article class=\"latest-post js-scroll anim-fadeup\">\n            <a href=\"https:\/\/www.amprintservice.com\/en\/3d-utskrift-av-verktyg-for-produktion\/\">\n\n                           <img decoding=\"async\" src=\"https:\/\/www.amprintservice.com\/wp-content\/uploads\/2025\/05\/Printheads-och-fusinglamps-modul-3D-MJF-HP-1024x768.jpg\" alt=\"3D printing of tools for production\u00a0\">\n                              \n               <h2>3D printing of tools for production\u00a0<\/h2>\n               <span>12.05.2025<\/span>\n            <\/a>\n         <\/article>\n                  <article class=\"latest-post js-scroll anim-fadeup\">\n            <a href=\"https:\/\/www.amprintservice.com\/en\/3d-printing-stal-funktionella-reservdelar-pa-dina-villkor\/\">\n\n                           <img decoding=\"async\" src=\"https:\/\/www.amprintservice.com\/wp-content\/uploads\/2025\/04\/3d-metall-reservdel-1024x612.jpg\" alt=\"3D printing steel \u2013 functional spare parts on your terms\">\n                              \n               <h2>3D printing steel \u2013 functional spare parts on your terms<\/h2>\n               <span>16.04.2025<\/span>\n            <\/a>\n         <\/article>\n                  <article class=\"latest-post js-scroll anim-fadeup\">\n            <a href=\"https:\/\/www.amprintservice.com\/en\/3d-printing-med-abs-ett-alternativ-till-formsprutning\/\">\n\n                           <img decoding=\"async\" src=\"https:\/\/www.amprintservice.com\/wp-content\/uploads\/2025\/03\/ABS-1024x768.jpg\" alt=\"3D Printing with ABS \u2013 An Alternative to Injection Molding\">\n                              \n               <h2>3D Printing with ABS \u2013 An Alternative to Injection Molding<\/h2>\n               <span>25.03.2025<\/span>\n            <\/a>\n         <\/article>\n                  <article class=\"latest-post js-scroll anim-fadeup\">\n            <a href=\"https:\/\/www.amprintservice.com\/en\/amprintservice-pa-ima-one-3d-utskrift-i-praktiken-framtiden-for-droneproduktion\/\">\n\n                           <img decoding=\"async\" src=\"https:\/\/www.amprintservice.com\/wp-content\/uploads\/2025\/02\/AM-printservice-IMA-one-1024x569.png\" alt=\"Amprintservice at IMA One: 3D printing in practice \u2013 The future of drone production\">\n                              \n               <h2>Amprintservice at IMA One: 3D printing in practice \u2013 The future of drone production<\/h2>\n               <span>14.02.2025<\/span>\n            <\/a>\n         <\/article>\n                  <article class=\"latest-post js-scroll anim-fadeup\">\n            <a href=\"https:\/\/www.amprintservice.com\/en\/3d-utskrift-med-abs-i-formsprutnings-kvalitet\/\">\n\n                           <img decoding=\"async\" src=\"https:\/\/www.amprintservice.com\/wp-content\/uploads\/2025\/02\/STEP-black-grey-am-printservice-1024x683.jpg\" alt=\"3D printing with injection-molded ABS\">\n                              \n               <h2>3D printing with injection-molded ABS<\/h2>\n               <span>07.02.2025<\/span>\n            <\/a>\n         <\/article>\n                  <article class=\"latest-post js-scroll anim-fadeup\">\n            <a href=\"https:\/\/www.amprintservice.com\/en\/sa-kan-3d-print-hjalpa-svenska-maskinbyggare-att-losa-sina-utmaningar\/\">\n\n                           <img decoding=\"async\" src=\"https:\/\/www.amprintservice.com\/wp-content\/uploads\/2024\/10\/hp-machine-builder-3-cropped.jpg\" alt=\"How 3D printing can help Swedish machine builders solve their challenges\">\n                              \n               <h2>How 3D printing can help Swedish machine builders solve their challenges<\/h2>\n               <span>01.12.2024<\/span>\n            <\/a>\n         <\/article>\n                  <article class=\"latest-post js-scroll anim-fadeup\">\n            <a href=\"https:\/\/www.amprintservice.com\/en\/integratorer-levererar-mer-med-3d-print-for-industrirobotar\/\">\n\n                           <img decoding=\"async\" src=\"https:\/\/www.amprintservice.com\/wp-content\/uploads\/2024\/12\/se_automation_blog_image-1024x576.png\" alt=\"Integrators deliver more with 3D printing for industrial robots\">\n                              \n               <h2>Integrators deliver more with 3D printing for industrial robots<\/h2>\n               <span>01.12.2024<\/span>\n            <\/a>\n         <\/article>\n                  <article class=\"latest-post js-scroll anim-fadeup\">\n            <a href=\"https:\/\/www.amprintservice.com\/en\/3d-print-i-fordonsindustrin-kortar-ledtider-i-utvecklingsfasen\/\">\n\n                           <img decoding=\"async\" src=\"https:\/\/www.amprintservice.com\/wp-content\/uploads\/2024\/12\/minicooper-blog-image-1024x576.png\" alt=\"3D printing in the automotive industry shortens lead times in the development phase\">\n                              \n               <h2>3D printing in the automotive industry shortens lead times in the development phase<\/h2>\n               <span>01.12.2024<\/span>\n            <\/a>\n         <\/article>\n                  <article class=\"latest-post js-scroll anim-fadeup\">\n            <a href=\"https:\/\/www.amprintservice.com\/en\/3d-utskrift-och-framtiden-for-material-am-printservice-och-innovativa-materialarenan\/\">\n\n                           <img decoding=\"async\" src=\"https:\/\/www.amprintservice.com\/wp-content\/uploads\/2024\/11\/am_printservice_ima-1024x603.png\" alt=\"3D printing and the future of materials: AM Printservice and Innovativa Materialarenan\">\n                              \n               <h2>3D printing and the future of materials: AM Printservice and Innovativa Materialarenan<\/h2>\n               <span>04.11.2024<\/span>\n            <\/a>\n         <\/article>\n                  <article class=\"latest-post js-scroll anim-fadeup\">\n            <a href=\"https:\/\/www.amprintservice.com\/en\/3d-printade-reservdelar-loser-kritiska-utmaningar-for-mst-marin\/\">\n\n                           <img decoding=\"async\" src=\"https:\/\/www.amprintservice.com\/wp-content\/uploads\/2024\/10\/mstmarin4.png\" alt=\"3D printing for spare parts solves critical challenges for MST Marin\">\n                              \n               <h2>3D printing for spare parts solves critical challenges for MST Marin<\/h2>\n               <span>26.10.2024<\/span>\n            <\/a>\n         <\/article>\n                  <article class=\"latest-post js-scroll anim-fadeup\">\n            <a href=\"https:\/\/www.amprintservice.com\/en\/3d-utskriven-reservdel-raddar-en-maserati\/\">\n\n                           <img decoding=\"async\" src=\"https:\/\/www.amprintservice.com\/wp-content\/uploads\/2024\/09\/spare-part-window-cog-maserati-gt-3500-1024x767.webp\" alt=\"Custom-Made 3D Printed Car Spare Part \u2013 Restores Classic Cars like Maserati and Simplifies Restorations in Car Culture\">\n                              \n               <h2>Custom-Made 3D Printed Car Spare Part \u2013 Restores Classic Cars like Maserati and Simplifies Restorations in Car Culture<\/h2>\n               <span>13.09.2024<\/span>\n            <\/a>\n         <\/article>\n                  <article class=\"latest-post js-scroll anim-fadeup\">\n            <a href=\"https:\/\/www.amprintservice.com\/en\/hur-3d-printing-forvandlar-klassisk-design-le-corbusier-och-nutidens-teknik\/\">\n\n                           <img decoding=\"async\" src=\"https:\/\/www.amprintservice.com\/wp-content\/uploads\/2024\/08\/1719299954674-1024x579.jpeg\" alt=\"How 3D Printing Transforms Classic Design: Le Corbusier and Today&#039;s Technology\">\n                              \n               <h2>How 3D Printing Transforms Classic Design: Le Corbusier and Today's Technology<\/h2>\n               <span>30.08.2024<\/span>\n            <\/a>\n         <\/article>\n                  <article class=\"latest-post js-scroll anim-fadeup\">\n            <a href=\"https:\/\/www.amprintservice.com\/en\/vi-raddade-morgonkaffet-med-3d-printing-on-demand-reservdelar\/\">\n\n                           <img decoding=\"async\" src=\"https:\/\/www.amprintservice.com\/wp-content\/uploads\/2024\/06\/3d-printing-on-demand-reservdelar-1024x768.webp\" alt=\"How we saved our morning coffee by 3D printing spare parts on demand\">\n                              \n               <h2>How we saved our morning coffee by 3D printing spare parts on demand<\/h2>\n               <span>24.06.2024<\/span>\n            <\/a>\n         <\/article>\n                  <article class=\"latest-post js-scroll anim-fadeup\">\n            <a href=\"https:\/\/www.amprintservice.com\/en\/egen-design-priser-medaljer-foretag-foreningar\/\">\n\n                           <img decoding=\"async\" src=\"https:\/\/www.amprintservice.com\/wp-content\/uploads\/2024\/06\/discgolf-price-custom-design-1024x768.webp\" alt=\"3D Printing \u2013 Custom Design for Disc Golf Awards in Historical Vintage\">\n                              \n               <h2>3D Printing \u2013 Custom Design for Disc Golf Awards in Historical Vintage<\/h2>\n               <span>05.06.2024<\/span>\n            <\/a>\n         <\/article>\n         <\/section>","protected":false},"excerpt":{"rendered":"<p>Hur kombinerar man 3D-utskrift med historia och discgolf? Vi finansierade och levererade ett unikt pris till den svenska pro tour-t\u00e4vlingen i V\u00e4stervik! Om Discgolf Disc golf, \u00e4ven k\u00e4nt som frisbeegolf, \u00e4r en snabbt v\u00e4xande sport som kombinerar frisbeens och golfens b\u00e4sta aspekter. Precis som i traditionell golf navigerar spelare genom en &#8221;bana&#8221;, men ist\u00e4llet f\u00f6r [&hellip;]<\/p>\n","protected":false},"author":2,"featured_media":959,"parent":0,"menu_order":0,"comment_status":"closed","ping_status":"closed","template":"page-templates\/template-pagebuilder.php","meta":{"_acf_changed":false,"_genesis_hide_title":false,"_genesis_hide_breadcrumbs":false,"_genesis_hide_singular_image":false,"_genesis_hide_footer_widgets":false,"_genesis_custom_body_class":"","_genesis_custom_post_class":"","_genesis_layout":"","footnotes":""},"class_list":{"0":"post-967","1":"page","2":"type-page","3":"status-publish","4":"has-post-thumbnail","6":"entry"},"acf":[],"_links":{"self":[{"href":"https:\/\/www.amprintservice.com\/en\/wp-json\/wp\/v2\/pages\/967","targetHints":{"allow":["GET"]}}],"collection":[{"href":"https:\/\/www.amprintservice.com\/en\/wp-json\/wp\/v2\/pages"}],"about":[{"href":"https:\/\/www.amprintservice.com\/en\/wp-json\/wp\/v2\/types\/page"}],"author":[{"embeddable":true,"href":"https:\/\/www.amprintservice.com\/en\/wp-json\/wp\/v2\/users\/2"}],"replies":[{"embeddable":true,"href":"https:\/\/www.amprintservice.com\/en\/wp-json\/wp\/v2\/comments?post=967"}],"version-history":[{"count":9,"href":"https:\/\/www.amprintservice.com\/en\/wp-json\/wp\/v2\/pages\/967\/revisions"}],"predecessor-version":[{"id":1866,"href":"https:\/\/www.amprintservice.com\/en\/wp-json\/wp\/v2\/pages\/967\/revisions\/1866"}],"wp:featuredmedia":[{"embeddable":true,"href":"https:\/\/www.amprintservice.com\/en\/wp-json\/wp\/v2\/media\/959"}],"wp:attachment":[{"href":"https:\/\/www.amprintservice.com\/en\/wp-json\/wp\/v2\/media?parent=967"}],"curies":[{"name":"wp","href":"https:\/\/api.w.org\/{rel}","templated":true}]}}