{"id":939,"date":"2024-05-09T11:58:22","date_gmt":"2024-05-09T09:58:22","guid":{"rendered":"https:\/\/www.amprintservice.com\/?page_id=939"},"modified":"2025-11-20T15:44:46","modified_gmt":"2025-11-20T14:44:46","slug":"complete-guide-pa12-printing-in-plastic","status":"publish","type":"page","link":"https:\/\/www.amprintservice.com\/en\/3d-utskrift-i-plast\/komplett-guide-pa12-utskrifter-i-plast\/","title":{"rendered":"Complete guide to PA12 and high precision plastic 3D printing"},"content":{"rendered":"<h1>3D PRINTING PA12: A COMPLETE GUIDE<\/h1>\n<hr \/>\n<p>&nbsp;<\/p>\n<p>YOUR ONLINE PARTNER FOR 3D PROTOTYPES &amp; PRODUCTION<\/p>\n<p>&nbsp;<\/p>\n\t\t\t<a href=\"https:\/\/www.amprintservice.com\/en\/order\/\" target=\"_self\">\n\t\t\t\t\t\t\tOrder 3D printing\n\t\t\t\t\t<\/a>\n\t\t\t<a href=\"https:\/\/www.amprintservice.com\/en\/contact\/\" target=\"_self\">\n\t\t\t\t\t\t\tContact us\n\t\t\t\t\t<\/a>\n\t<h2 aria-level=\"3\">What is PA12 nylon?<\/h2>\n<p class=\"translation-block\"><span data-contrast=\"auto\"><span class=\"TextRun SCXW155736770 BCX0\" lang=\"SV-SE\" xml:lang=\"SV-SE\" data-contrast=\"auto\"><span class=\"NormalTextRun SCXW155736770 BCX0\">The plastic that we use to<\/span><span class=\"NormalTextRun SCXW155736770 BCX0\">to<\/span><span class=\"NormalTextRun SCXW155736770 BCX0\">to<\/span><span class=\"NormalTextRun SCXW155736770 BCX0\">act<\/span><a href=\"https:\/\/www.amprintservice.com\/en\/3d-printing-in-plastic\/\" target=\"_self\"><span class=\"NormalTextRun SCXW155736770 BCX0\"> 3D<\/span><span class=\"NormalTextRun SCXW155736770 BCX0\"> in plastic<\/span><\/a> <span class=\"NormalTextRun SCXW155736770 BCX0\">\u00e4<\/span><span class=\"NormalTextRun SCXW155736770 BCX0\">r<\/span> <span class=\"NormalTextRun SCXW155736770 BCX0\">P<\/span><span class=\"NormalTextRun SCXW155736770 BCX0\">A12<\/span><span class=\"NormalTextRun SCXW155736770 BCX0\">.<\/span> <span class=\"NormalTextRun SCXW155736770 BCX0\">With this guide we want to give a clear picture of its properties and use in <\/span><\/span><a class=\"Hyperlink SCXW155736770 BCX0\" href=\"https:\/\/www.amprintservice.com\/en\/3d-printing-in-plastic\/complete-guide-hp-mjf-3d-printer\/\" target=\"_blank\" rel=\"noreferrer noopener\"><span class=\"TextRun Underlined SCXW155736770 BCX0\" lang=\"SV-SE\" xml:lang=\"SV-SE\" data-contrast=\"auto\"><span class=\"NormalTextRun SCXW155736770 BCX0\" data-ccp-charstyle=\"Hyperlink\">HP's Multi Jet Fusion<\/span><\/span><\/a><span class=\"TextRun SCXW155736770 BCX0\" lang=\"SV-SE\" xml:lang=\"SV-SE\" data-contrast=\"auto\"><span class=\"NormalTextRun SCXW155736770 BCX0\">. <\/span><\/span><\/span><\/p>\n<p class=\"translation-block\">PA12 is a polyamide commonly known as nylon. It is characterized by recurring amide bonds in its molecular structure, which in turn gives the material strength, resilience and chemical resistance. PA12 has high tensile strength, impact resistance and low moisture absorption. In addition, its dimensional stability ensures consistent results. Therefore, it is a very popular material choice in the 3D printing industry.<\/p>\n\t<h3 aria-level=\"3\"><b>Advantages of PA12 nylon for 3D printing<\/b>\u00a0<\/h3>\n<ul>\n<li>Durability\u00a0<\/li>\n<li>Chemical resistance\u00a0<\/li>\n<li>Low moisture absorption\u00a0<\/li>\n<li>Flexibility\u00a0<\/li>\n<\/ul>\n<p>Learn more about PA12 (nylon) for HP Multi Jet Fusion and view the technical specifications for the material in our datasheet.<\/p>\n\t\t\t<a href=\"https:\/\/www.amprintservice.com\/wp-content\/uploads\/2024\/05\/PA12.pdf\" target=\"_blank\" rel=\"noopener\">\n\t\t\t\t\t\tData sheet PA12 Nylon\n\t\t\t\t\t<\/a>\n\t\n<div class=\"wpcf7 no-js\" id=\"wpcf7-f5-o1\" lang=\"sv-SE\" dir=\"ltr\" data-wpcf7-id=\"5\">\n<div class=\"screen-reader-response\"><p role=\"status\" aria-live=\"polite\" aria-atomic=\"true\"><\/p> <ul><\/ul><\/div>\n<form action=\"\/en\/wp-json\/wp\/v2\/pages\/939#wpcf7-f5-o1\" method=\"post\" class=\"wpcf7-form init\" aria-label=\"Contact form\" novalidate=\"novalidate\" data-status=\"init\" data-trp-original-action=\"\/en\/wp-json\/wp\/v2\/pages\/939#wpcf7-f5-o1\">\n<fieldset class=\"hidden-fields-container\"><input type=\"hidden\" name=\"_wpcf7\" value=\"5\" \/><input type=\"hidden\" name=\"_wpcf7_version\" value=\"6.1.6\" \/><input type=\"hidden\" name=\"_wpcf7_locale\" value=\"sv_SE\" \/><input type=\"hidden\" name=\"_wpcf7_unit_tag\" value=\"wpcf7-f5-o1\" \/><input type=\"hidden\" name=\"_wpcf7_container_post\" value=\"0\" \/><input type=\"hidden\" name=\"_wpcf7_posted_data_hash\" value=\"\" \/>\n<\/fieldset>\n<p><label> Name<br \/>\n<span class=\"wpcf7-form-control-wrap\" data-name=\"your-name\"><input size=\"40\" maxlength=\"400\" class=\"wpcf7-form-control wpcf7-text wpcf7-validates-as-required\" aria-required=\"true\" aria-invalid=\"false\" value=\"\" type=\"text\" name=\"your-name\" \/><\/span> <\/label>\n<\/p>\n<p><label> E-mail<br \/>\n<span class=\"wpcf7-form-control-wrap\" data-name=\"your-email\"><input size=\"40\" maxlength=\"400\" class=\"wpcf7-form-control wpcf7-email wpcf7-validates-as-required wpcf7-text wpcf7-validates-as-email\" aria-required=\"true\" aria-invalid=\"false\" value=\"\" type=\"email\" name=\"your-email\" \/><\/span> <\/label>\n<\/p>\n<p><label> Message<br \/>\n<span class=\"wpcf7-form-control-wrap\" data-name=\"your-message\"><textarea cols=\"40\" rows=\"10\" maxlength=\"2000\" class=\"wpcf7-form-control wpcf7-textarea wpcf7-validates-as-required\" aria-required=\"true\" aria-invalid=\"false\" name=\"your-message\"><\/textarea><\/span> <\/label>\n<\/p>\n<p><span class=\"wpcf7-form-control-wrap\" data-name=\"quiz-799\"><label><span class=\"wpcf7-quiz-label\">Are you a robot? How many letters are there in the word PRINT?<\/span> <input size=\"40\" class=\"wpcf7-form-control wpcf7-quiz\" autocomplete=\"off\" aria-required=\"true\" aria-invalid=\"false\" type=\"text\" name=\"quiz-799\" \/><\/label><input type=\"hidden\" name=\"_wpcf7_quiz_answer_quiz-799\" value=\"c3047008f9ff68ac5b81426e2bf8c630\" \/><\/span>\n<\/p>\n<p><input class=\"wpcf7-form-control wpcf7-submit has-spinner\" type=\"submit\" value=\"Send\" \/>\n<\/p><p style=\"display: none !important;\" class=\"akismet-fields-container\" data-prefix=\"_wpcf7_ak_\"><label>\u0394<textarea name=\"_wpcf7_ak_hp_textarea\" cols=\"45\" rows=\"8\" maxlength=\"100\"><\/textarea><\/label><input type=\"hidden\" id=\"ak_js_1\" name=\"_wpcf7_ak_js\" value=\"2\"\/><script>\ndocument.getElementById( \"ak_js_1\" ).setAttribute( \"value\", ( new Date() ).getTime() );\n<\/script>\n<\/p><div class=\"wpcf7-response-output\" aria-hidden=\"true\"><\/div>\n<input type=\"hidden\" name=\"trp-form-language\" value=\"en\"\/><\/form>\n<\/div>\n\n\t\t\t\t<img decoding=\"async\" src=\"https:\/\/www.amprintservice.com\/wp-content\/uploads\/2025\/03\/2.jpg\" alt=\"3d printed parts\" itemprop=\"image\" height=\"414\" width=\"620\" title=\"3D printing with ABS\" onerror=\"this.style.display='none'\" loading=\"lazy\" \/>\n\t<h3 aria-level=\"3\">Applications with PA12<\/h3>\n<p>PA12's versatility extends across a number of industries. In the aerospace industry, it is used to manufacture lightweight structural components and fixtures that improve fuel efficiency. <a href=\"https:\/\/www.amprintservice.com\/en\/3d-print-for-manufacturing-industry\/3d-printing-for-automotive-industry\/\">The automotive sector<\/a> benefits from PA12's durability and customisability, enabling efficient production of prototypes which in turn reduces lead times and costs.\u00a0\u00a0\u00a0<\/p>\n<p>Similarly, PA12's biocompatibility and sterilizability make it an ideal choice for medical devices, implants, and patient-specific anatomical models.\u00a0<\/p>\n\t<h3 aria-level=\"3\"><b>HP Multi Jet Fusion and PA12 nylon<\/b>\u00a0<\/h3>\n<p>In 3D printing, accuracy and repeatability are crucial to success. <a href=\"https:\/\/www.amprintservice.com\/en\/3d-utskrift-plast\/complete-guide-hp-mjf-3d-printer\/\">HP's Multi Jet Fusion<\/a> is known for its speed, precision and ability to create complex geometries. The technology is based on spraying agents onto PA12 powder and melting it layer by layer.\u00a0\u00a0<\/p>\n<p>PA12 combined with HP Multi Jet Fusion offers improved speed, precision and surface finish compared to traditional 3D printing techniques. The technology enables rapid prototyping and production of durable components with minimal post-processing. By optimizing parameters such as injection speed and energy intensity, manufacturers can ensure high quality and dimensional accuracy.\u00a0<\/p>\n<p>Post-processing, such as shot peening and heat treatment, further improves the mechanical properties and durability of the parts. This combination of PA12 and MJF redefines industry standards and offers opportunities for innovation in multiple sectors.<\/p>\n\t\t\t\t<img decoding=\"async\" src=\"https:\/\/www.amprintservice.com\/wp-content\/uploads\/2024\/03\/amprintservice-basf.webp\" alt=\"3d print\" itemprop=\"image\" height=\"720\" width=\"1080\" title=\"amprintservice-basf\" onerror=\"this.style.display='none'\" loading=\"lazy\" \/>\n\t\t\t<a href=\"https:\/\/www.amprintservice.com\/en\/order\/\" target=\"_self\">\n\t\t\t\t\t\t\tOrder 3D printing\n\t\t\t\t\t<\/a>\n\t\t\t<a href=\"https:\/\/www.amprintservice.com\/en\/contact\/\" target=\"_self\">\n\t\t\t\t\t\t\tContact us\n\t\t\t\t\t<\/a>\n\t\t\t\t<img decoding=\"async\" src=\"https:\/\/www.amprintservice.com\/wp-content\/uploads\/2025\/03\/3.jpg\" alt=\"3d printed parts\" itemprop=\"image\" height=\"1173\" width=\"1920\" title=\"3\" onerror=\"this.style.display='none'\" loading=\"lazy\" \/>\n\t<h3 aria-level=\"3\"><b>The future of PA12 nylon<\/b>\u00a0<\/h3>\n<p>As advances in materials science and printing technology continue to unfold, we can expect further improvements in performance, efficiency, and sustainability. From bio-based polymers to advanced composites, next-generation PA12 materials and the Multi Jet Fusion HP system promise innovation and opportunity across industries, driving sustainable growth and competitiveness in the global marketplace.\u00a0<\/p>\n<p>Join us in embracing the potential of PA12 and Multi Jet Fusion HP technology and shaping the future of manufacturing, one print at a time.<\/p>\n\t<h3>Contact us<\/h3>\n<p>Please contact us with your concerns and we can tell you more about our concept and how your business can benefit from our services.<\/p>\n<p><a id=\"contact-email\" href=\"mailto:info@amprintservice.com\">mailto:info@amprintservice.com<\/a><\/p>\n\t\n<div class=\"wpcf7 no-js\" id=\"wpcf7-f5-o2\" lang=\"sv-SE\" dir=\"ltr\" data-wpcf7-id=\"5\">\n<div class=\"screen-reader-response\"><p role=\"status\" aria-live=\"polite\" aria-atomic=\"true\"><\/p> <ul><\/ul><\/div>\n<form action=\"\/en\/wp-json\/wp\/v2\/pages\/939#wpcf7-f5-o2\" method=\"post\" class=\"wpcf7-form init\" aria-label=\"Contact form\" novalidate=\"novalidate\" data-status=\"init\" data-trp-original-action=\"\/en\/wp-json\/wp\/v2\/pages\/939#wpcf7-f5-o2\">\n<fieldset class=\"hidden-fields-container\"><input type=\"hidden\" name=\"_wpcf7\" value=\"5\" \/><input type=\"hidden\" name=\"_wpcf7_version\" value=\"6.1.6\" \/><input type=\"hidden\" name=\"_wpcf7_locale\" value=\"sv_SE\" \/><input type=\"hidden\" name=\"_wpcf7_unit_tag\" value=\"wpcf7-f5-o2\" \/><input type=\"hidden\" name=\"_wpcf7_container_post\" value=\"0\" \/><input type=\"hidden\" name=\"_wpcf7_posted_data_hash\" value=\"\" \/>\n<\/fieldset>\n<p><label> Name<br \/>\n<span class=\"wpcf7-form-control-wrap\" data-name=\"your-name\"><input size=\"40\" maxlength=\"400\" class=\"wpcf7-form-control wpcf7-text wpcf7-validates-as-required\" aria-required=\"true\" aria-invalid=\"false\" value=\"\" type=\"text\" name=\"your-name\" \/><\/span> <\/label>\n<\/p>\n<p><label> E-mail<br \/>\n<span class=\"wpcf7-form-control-wrap\" data-name=\"your-email\"><input size=\"40\" maxlength=\"400\" class=\"wpcf7-form-control wpcf7-email wpcf7-validates-as-required wpcf7-text wpcf7-validates-as-email\" aria-required=\"true\" aria-invalid=\"false\" value=\"\" type=\"email\" name=\"your-email\" \/><\/span> <\/label>\n<\/p>\n<p><label> Message<br \/>\n<span class=\"wpcf7-form-control-wrap\" data-name=\"your-message\"><textarea cols=\"40\" rows=\"10\" maxlength=\"2000\" class=\"wpcf7-form-control wpcf7-textarea wpcf7-validates-as-required\" aria-required=\"true\" aria-invalid=\"false\" name=\"your-message\"><\/textarea><\/span> <\/label>\n<\/p>\n<p><span class=\"wpcf7-form-control-wrap\" data-name=\"quiz-799\"><label><span class=\"wpcf7-quiz-label\">Are you a robot? How many letters are there in the word PRINT?<\/span> <input size=\"40\" class=\"wpcf7-form-control wpcf7-quiz\" autocomplete=\"off\" aria-required=\"true\" aria-invalid=\"false\" type=\"text\" name=\"quiz-799\" \/><\/label><input type=\"hidden\" name=\"_wpcf7_quiz_answer_quiz-799\" value=\"c3047008f9ff68ac5b81426e2bf8c630\" \/><\/span>\n<\/p>\n<p><input class=\"wpcf7-form-control wpcf7-submit has-spinner\" type=\"submit\" value=\"Send\" \/>\n<\/p><p style=\"display: none !important;\" class=\"akismet-fields-container\" data-prefix=\"_wpcf7_ak_\"><label>\u0394<textarea name=\"_wpcf7_ak_hp_textarea\" cols=\"45\" rows=\"8\" maxlength=\"100\"><\/textarea><\/label><input type=\"hidden\" id=\"ak_js_2\" name=\"_wpcf7_ak_js\" value=\"176\"\/><script>\ndocument.getElementById( \"ak_js_2\" ).setAttribute( \"value\", ( new Date() ).getTime() );\n<\/script>\n<\/p><div class=\"wpcf7-response-output\" aria-hidden=\"true\"><\/div>\n<input type=\"hidden\" name=\"trp-form-language\" value=\"en\"\/><\/form>\n<\/div>","protected":false},"excerpt":{"rendered":"<p>PA12: EN KOMPLETT GUIDE &nbsp; DIN PARTNER ONLINE F\u00d6R PROTOTYPER &amp; PRODUKTION I 3D &nbsp; Best\u00e4ll 3D-utskrift Kontakta oss Vad \u00e4r PA12 nylon? Plasten som vi anv\u00e4nder f\u00f6r att tillverka 3D\u00a0i plast \u00e4r PA12. Med denna guide vill vi ge en tydlig bild av dess egenskaper och anv\u00e4ndning i HP:s Multi Jet Fusion. PA12 \u00e4r [&hellip;]<\/p>\n","protected":false},"author":10,"featured_media":0,"parent":930,"menu_order":0,"comment_status":"closed","ping_status":"closed","template":"page-templates\/template-pagebuilder.php","meta":{"_acf_changed":false,"_genesis_hide_title":false,"_genesis_hide_breadcrumbs":false,"_genesis_hide_singular_image":false,"_genesis_hide_footer_widgets":false,"_genesis_custom_body_class":"","_genesis_custom_post_class":"","_genesis_layout":"","footnotes":""},"class_list":{"0":"post-939","1":"page","2":"type-page","3":"status-publish","5":"entry"},"acf":[],"_links":{"self":[{"href":"https:\/\/www.amprintservice.com\/en\/wp-json\/wp\/v2\/pages\/939","targetHints":{"allow":["GET"]}}],"collection":[{"href":"https:\/\/www.amprintservice.com\/en\/wp-json\/wp\/v2\/pages"}],"about":[{"href":"https:\/\/www.amprintservice.com\/en\/wp-json\/wp\/v2\/types\/page"}],"author":[{"embeddable":true,"href":"https:\/\/www.amprintservice.com\/en\/wp-json\/wp\/v2\/users\/10"}],"replies":[{"embeddable":true,"href":"https:\/\/www.amprintservice.com\/en\/wp-json\/wp\/v2\/comments?post=939"}],"version-history":[{"count":35,"href":"https:\/\/www.amprintservice.com\/en\/wp-json\/wp\/v2\/pages\/939\/revisions"}],"predecessor-version":[{"id":1853,"href":"https:\/\/www.amprintservice.com\/en\/wp-json\/wp\/v2\/pages\/939\/revisions\/1853"}],"up":[{"embeddable":true,"href":"https:\/\/www.amprintservice.com\/en\/wp-json\/wp\/v2\/pages\/930"}],"wp:attachment":[{"href":"https:\/\/www.amprintservice.com\/en\/wp-json\/wp\/v2\/media?parent=939"}],"curies":[{"name":"wp","href":"https:\/\/api.w.org\/{rel}","templated":true}]}}