{"id":930,"date":"2024-05-09T11:18:49","date_gmt":"2024-05-09T09:18:49","guid":{"rendered":"https:\/\/www.amprintservice.com\/?page_id=930"},"modified":"2026-05-07T18:53:36","modified_gmt":"2026-05-07T16:53:36","slug":"3d-printing-in-plastic","status":"publish","type":"page","link":"https:\/\/www.amprintservice.com\/en\/3d-utskrift-i-plast\/","title":{"rendered":"3D printing in PA12"},"content":{"rendered":"<h1>HIGH PRECISION PLASTIC 3D PRINTING<\/h1>\n<hr \/>\n<p>&nbsp;<\/p>\n<p>YOUR ONLINE PARTNER FOR 3D PROTOTYPES &amp; PRODUCTION<\/p>\n<p>&nbsp;<\/p>\n\t\t\t<a href=\"https:\/\/www.amprintservice.com\/en\/order\/\"  target=\"_self\">\n\t\t\t\t\t\t\tOrder 3D printing\n\t\t\t\t\t<\/a>\n\t\t\t<a href=\"https:\/\/www.amprintservice.com\/en\/contact\/\"  target=\"_self\">\n\t\t\t\t\t\t\tContact us\n\t\t\t\t\t<\/a>\n<h2>\n\t\t\t3D-utskrift i plast &#8211; revolutionen f\u00f6r effektiv produktion\t<\/h2>\n\t<p>3D print plast har f\u00f6r\u00e4ndrat spelreglerna f\u00f6r industriell tillverkning. Med denna teknik kan vi skapa precisionsanpassade komponenter, prototyper och reservdelar snabbare och mer kostnadseffektivt \u00e4n n\u00e5gonsin. Fr\u00e5n bil- och flygindustri till medicinteknik och elektronik &#8211; m\u00f6jligheterna \u00e4r n\u00e4ra o\u00e4ndliga.<\/p>\n<p>Why choose 3D printing plastic? Because it gives you the freedom to produce complex geometries, reduce material waste and accelerate your time to market. Let's explore how this technology can empower your business.<\/p>\n         <img decoding=\"async\" src=\"https:\/\/www.amprintservice.com\/wp-content\/uploads\/2024\/04\/amprintservice-obj-10.webp\" alt=\"\" loading=\"lazy\"\/><h3>High material strength<\/h3>      \n         <img decoding=\"async\" src=\"https:\/\/www.amprintservice.com\/wp-content\/uploads\/2024\/04\/amprintservice-obj-6.webp\" alt=\"\" loading=\"lazy\"\/><h3>Versatile<\/h3>      \n         <img decoding=\"async\" src=\"https:\/\/www.amprintservice.com\/wp-content\/uploads\/2024\/04\/amprintservice-obj-2.webp\" alt=\"\" loading=\"lazy\"\/><h3>Rapid prototyping<\/h3>      \n         <img decoding=\"async\" src=\"https:\/\/www.amprintservice.com\/wp-content\/uploads\/2024\/04\/amprintservice-obj-3.webp\" alt=\"\" loading=\"lazy\"\/><h3>Chemical resistance<\/h3>      \n         <img decoding=\"async\" src=\"https:\/\/www.amprintservice.com\/wp-content\/uploads\/2024\/04\/amprintservice-obj-12.webp\" alt=\"\" loading=\"lazy\"\/><h3>Repeatability<\/h3>      \n         <img decoding=\"async\" src=\"https:\/\/www.amprintservice.com\/wp-content\/uploads\/2024\/04\/amprintservice-obj-7.webp\" alt=\"\" loading=\"lazy\"\/><h3>Fast production<\/h3>      \n<h3>\n\t\t\tMaterial selection in 3D printing plastic \t<\/h3>\n\t<ul>\n<li><b><a href=\"https:\/\/www.amprintservice.com\/en\/3d-printing-in-plastic\/complete-guide-pa12-printing-in-plastic\/\">PA12<\/a>\u00a0&#8211; <\/b>Durable and chemical-resistant, perfect for tough environments.<\/li>\n<li><b><a href=\"https:\/\/www.amprintservice.com\/en\/3d-printing-in-plastic\/pa12-gb\/\">PA12-GB<\/a> &#8211; <\/b>Glass fibre-reinforced material with high stiffness and improved dimensional stability, suitable for mechanically loaded components.,<\/li>\n<li><b><a href=\"https:\/\/www.amprintservice.com\/en\/3d-utskrift-i-tbu\/\">TPU<\/a> &#8211; <\/b>Flexible and durable, used for seals and flexible components.<b><br \/>\n<\/b><\/li>\n<li><b>PA11<\/b> &#8211; Slitstyrka och slagseghet.<\/li>\n<li class=\"translation-block\"><strong>ABS<\/strong> \u2013 Easily processed and impact resistant, excellent for <span style=\"font-weight: 400\">prototyping<\/span> and covers.<\/li>\n<li><b>PETG<\/b>\u00a0&#8211; Ett flexibelt material som \u00e4r resistent mot temperatur- och fuktf\u00f6r\u00e4ndringar.<\/li>\n<li><strong>ESD material<\/strong> &#8211; Skyddar mot elektrostatisk urladdning, viktigt inom elektronik.<\/li>\n<li><strong>PEEK<\/strong>\u00a0&#8211; H\u00f6gpresterande plast f\u00f6r extrem temperatur- och kemikalieexponering.<\/li>\n<\/ul>\n<p>Which material is best suited for 3D printing in plastic depends on your requirements for strength, temperature resistance and function.<\/p>\n<figure itemscope itemtype=\"https:\/\/schema.org\/ImageObject\">\n\t\t\t\t<img decoding=\"async\" src=\"https:\/\/www.amprintservice.com\/wp-content\/uploads\/2021\/02\/skeppdammsug2-scaled.jpg\" alt=\"AM Printservice order 3D Prints online\" height=\"2560\" width=\"1920\" title=\"ship vacuum cleaner2\" onerror=\"this.style.display='none'\" loading=\"lazy\" \/>\n\t<\/figure>\n\t\t\t<a href=\"https:\/\/www.amprintservice.com\/en\/order\/\"  target=\"_self\">\n\t\t\t\t\t\t\tOrder 3D printing\n\t\t\t\t\t<\/a>\n\t\t\t<a href=\"https:\/\/www.amprintservice.com\/en\/contact\/\"  target=\"_self\">\n\t\t\t\t\t\t\tContact us\n\t\t\t\t\t<\/a>\n<figure itemscope itemtype=\"https:\/\/schema.org\/ImageObject\">\n\t\t\t\t<img decoding=\"async\" src=\"https:\/\/www.amprintservice.com\/wp-content\/uploads\/2020\/12\/AM_Print_3DCenter.jpg\" alt=\"HP 3D printers\" height=\"640\" width=\"641\" title=\"AM_Print_3DCentre\" onerror=\"this.style.display='none'\" loading=\"lazy\" \/>\n\t<\/figure>\n\t\t\t<a href=\"https:\/\/www.amprintservice.com\/en\/order\/\"  target=\"_self\">\n\t\t\t\t\t\t\tOrder 3D printing\n\t\t\t\t\t<\/a>\n\t\t\t<a href=\"https:\/\/www.amprintservice.com\/en\/contact\/\"  target=\"_self\">\n\t\t\t\t\t\t\tContact us\n\t\t\t\t\t<\/a>\n<h3>\n\t\t\tPlastic 3D printing techniques\t<\/h3>\n\t<p>Within 3D printing in plastic materials, there are a number of different technologies to choose from depending on the application, precision requirements and mechanical properties.<\/p>\n<ul>\n<li><strong><a href=\"https:\/\/www.amprintservice.com\/en\/3d-printing-in-plastic\/complete-guide-hp-mjf-3d-printer\/\">MJF<\/a> &#8211; <\/strong>Fast and efficient method for small batches and functional prototypes with good strength and detail.<\/li>\n<li><strong><a href=\"https:\/\/www.amprintservice.com\/en\/3d-printing-with-step-technology\/\">STEP<\/a> &#8211; <\/strong>New technology that combines high precision with robust parts in e.g. ABS. Well-suited for series production.<\/li>\n<li><a href=\"https:\/\/www.amprintservice.com\/en\/3d-printing-in-plastic\/sls-printing\/\"><strong>SLS <\/strong><\/a>\u00a0&#8211; Skapar starka och funktionella delar i t.ex. PA12, utan behov av st\u00f6dstrukturer. Bra f\u00f6r slutprodukter.<\/li>\n<li class=\"translation-block\"><strong>FDM<\/strong> \u2013 Simple and cost-effective method, perfect for prototypes and simpler parts in ABS, PETG or TPU.<\/li>\n<li><strong>ALS <\/strong>&#8211; Ger mycket h\u00f6g precision och sl\u00e4ta ytor. Anv\u00e4nds f\u00f6r detaljerade komponenter, t.ex. inom medicin eller smycken.<\/li>\n<\/ul>\n<p>Depending on needs, other methods can also be used, such as resin-based techniques or metal-based 3D printing.<\/p>\n<h3>\n\t\t\tWhat you can do with 3D printing in plastic\t<\/h3>\n\t<p>Med 3D print plast bryter du mot de gamla begr\u00e4nsningarna. Komplexa geometrier som var om\u00f6jliga att tillverka traditionellt blir pl\u00f6tsligt l\u00e4tta att realisera. Materialet anv\u00e4nds optimalt &#8211; du betalar bara f\u00f6r det du faktiskt anv\u00e4nder. Och oavsett om du beh\u00f6ver ett enda exemplar eller en liten serie, kan du skala produktionen upp och ner precis som dina behov kr\u00e4ver.<\/p>\n<p>Det h\u00e4r \u00e4r inte bara en ny teknik &#8211; det \u00e4r ett nytt s\u00e4tt att t\u00e4nka p\u00e5 tillverkning. Ett s\u00e4tt som ger dig full kontroll och total flexibilitet i en v\u00e4rld d\u00e4r snabbhet och anpassningsf\u00f6rm\u00e5ga \u00e4r allt.<\/p>\n\t\t\t<a href=\"https:\/\/www.amprintservice.com\/en\/order\/\"  target=\"_self\">\n\t\t\t\t\t\t\tOrder 3D printing\n\t\t\t\t\t<\/a>\n\t\t\t<a href=\"https:\/\/www.amprintservice.com\/en\/contact\/\"  target=\"_self\">\n\t\t\t\t\t\t\tContact us\n\t\t\t\t\t<\/a>\n<figure itemscope itemtype=\"https:\/\/schema.org\/ImageObject\">\n\t\t\t\t<img decoding=\"async\" src=\"https:\/\/www.amprintservice.com\/wp-content\/uploads\/2025\/02\/IMA-One-AM-Printserivce-scaled.jpg\" alt=\"AM Print Service at IMA One\" height=\"2219\" width=\"2560\" title=\"IMA One-AM Printserivce\" onerror=\"this.style.display='none'\" loading=\"lazy\" \/>\n\t<\/figure>\n\t<h3>Contact us<\/h3>\n<p>Please contact us with your concerns and we can tell you more about our concept and how your business can benefit from our services.<\/p>\n<p><a id=\"contact-email\" href=\"mailto:info@amprintservice.com\">mailto:info@amprintservice.com<\/a><\/p>\n    \t<a style=\"text-decoration: none;\" href=\"https:\/\/www.instagram.com\/amprintservice\/\" target=\"_blank\" rel=\"noopener\">\n\t\t<img decoding=\"async\" style=\"width: 50px; height: auto;\" src=\"https:\/\/www.amprintservice.com\/wp-content\/themes\/amprintservice\/images\/instagram.svg\">\n\t<\/a>\n\t\n    \t<a style=\"text-decoration: none;\" href=\"https:\/\/www.linkedin.com\/company\/amprintservice\/\" target=\"_blank\" rel=\"noopener\">\n\t\t<img decoding=\"async\" style=\"width: 50px; height: auto;\" src=\"https:\/\/www.amprintservice.com\/wp-content\/themes\/amprintservice\/images\/linkedin.svg\">\n\t<\/a>\n\t\n\t\n<div class=\"wpcf7 no-js\" id=\"wpcf7-f5-o1\" lang=\"sv-SE\" dir=\"ltr\" data-wpcf7-id=\"5\">\n<div class=\"screen-reader-response\"><p role=\"status\" aria-live=\"polite\" aria-atomic=\"true\"><\/p> <ul><\/ul><\/div>\n<form action=\"\/en\/wp-json\/wp\/v2\/pages\/930#wpcf7-f5-o1\" method=\"post\" class=\"wpcf7-form init\" aria-label=\"Contact form\" novalidate=\"novalidate\" data-status=\"init\" data-trp-original-action=\"\/en\/wp-json\/wp\/v2\/pages\/930#wpcf7-f5-o1\">\n<fieldset class=\"hidden-fields-container\"><input type=\"hidden\" name=\"_wpcf7\" value=\"5\" \/><input type=\"hidden\" name=\"_wpcf7_version\" value=\"6.1.6\" \/><input type=\"hidden\" name=\"_wpcf7_locale\" value=\"sv_SE\" \/><input type=\"hidden\" name=\"_wpcf7_unit_tag\" value=\"wpcf7-f5-o1\" \/><input type=\"hidden\" name=\"_wpcf7_container_post\" value=\"0\" \/><input type=\"hidden\" name=\"_wpcf7_posted_data_hash\" value=\"\" \/>\n<\/fieldset>\n<p><label> Name<br \/>\n<span class=\"wpcf7-form-control-wrap\" data-name=\"your-name\"><input size=\"40\" maxlength=\"400\" class=\"wpcf7-form-control wpcf7-text wpcf7-validates-as-required\" aria-required=\"true\" aria-invalid=\"false\" value=\"\" type=\"text\" name=\"your-name\" \/><\/span> <\/label>\n<\/p>\n<p><label> E-mail<br \/>\n<span class=\"wpcf7-form-control-wrap\" data-name=\"your-email\"><input size=\"40\" maxlength=\"400\" class=\"wpcf7-form-control wpcf7-email wpcf7-validates-as-required wpcf7-text wpcf7-validates-as-email\" aria-required=\"true\" aria-invalid=\"false\" value=\"\" type=\"email\" name=\"your-email\" \/><\/span> <\/label>\n<\/p>\n<p><label> Message<br \/>\n<span class=\"wpcf7-form-control-wrap\" data-name=\"your-message\"><textarea cols=\"40\" rows=\"10\" maxlength=\"2000\" class=\"wpcf7-form-control wpcf7-textarea wpcf7-validates-as-required\" aria-required=\"true\" aria-invalid=\"false\" name=\"your-message\"><\/textarea><\/span> <\/label>\n<\/p>\n<p><span class=\"wpcf7-form-control-wrap\" data-name=\"quiz-799\"><label><span class=\"wpcf7-quiz-label\">Are you a robot? How many letters are there in the word PRINT?<\/span> <input size=\"40\" class=\"wpcf7-form-control wpcf7-quiz\" autocomplete=\"off\" aria-required=\"true\" aria-invalid=\"false\" type=\"text\" name=\"quiz-799\" \/><\/label><input type=\"hidden\" name=\"_wpcf7_quiz_answer_quiz-799\" value=\"c3047008f9ff68ac5b81426e2bf8c630\" \/><\/span>\n<\/p>\n<p><input class=\"wpcf7-form-control wpcf7-submit has-spinner\" type=\"submit\" value=\"Send\" \/>\n<\/p><p style=\"display: none !important;\" class=\"akismet-fields-container\" data-prefix=\"_wpcf7_ak_\"><label>\u0394<textarea name=\"_wpcf7_ak_hp_textarea\" cols=\"45\" rows=\"8\" maxlength=\"100\"><\/textarea><\/label><input type=\"hidden\" id=\"ak_js_1\" name=\"_wpcf7_ak_js\" value=\"223\"\/><script>\ndocument.getElementById( \"ak_js_1\" ).setAttribute( \"value\", ( new Date() ).getTime() );\n<\/script>\n<\/p><div class=\"wpcf7-response-output\" aria-hidden=\"true\"><\/div>\n<input type=\"hidden\" name=\"trp-form-language\" value=\"en\"\/><\/form>\n<\/div>","protected":false},"excerpt":{"rendered":"<p>3D-UTSKRIFT I PLAST MED H\u00d6G PRECISION &nbsp; DIN PARTNER ONLINE F\u00d6R PROTOTYPER &amp; PRODUKTION I 3D &nbsp; Best\u00e4ll 3D-utskrift Kontakta oss 3D-utskrift i plast &#8211; revolutionen f\u00f6r effektiv produktion 3D print plast har f\u00f6r\u00e4ndrat spelreglerna f\u00f6r industriell tillverkning. Med denna teknik kan vi skapa precisionsanpassade komponenter, prototyper och reservdelar snabbare och mer kostnadseffektivt \u00e4n n\u00e5gonsin. [&hellip;]<\/p>\n","protected":false},"author":10,"featured_media":0,"parent":0,"menu_order":0,"comment_status":"closed","ping_status":"closed","template":"page-templates\/template-pagebuilder.php","meta":{"_acf_changed":false,"_genesis_hide_title":false,"_genesis_hide_breadcrumbs":false,"_genesis_hide_singular_image":false,"_genesis_hide_footer_widgets":false,"_genesis_custom_body_class":"","_genesis_custom_post_class":"","_genesis_layout":"","footnotes":""},"class_list":{"0":"post-930","1":"page","2":"type-page","3":"status-publish","5":"entry"},"acf":[],"_links":{"self":[{"href":"https:\/\/www.amprintservice.com\/en\/wp-json\/wp\/v2\/pages\/930","targetHints":{"allow":["GET"]}}],"collection":[{"href":"https:\/\/www.amprintservice.com\/en\/wp-json\/wp\/v2\/pages"}],"about":[{"href":"https:\/\/www.amprintservice.com\/en\/wp-json\/wp\/v2\/types\/page"}],"author":[{"embeddable":true,"href":"https:\/\/www.amprintservice.com\/en\/wp-json\/wp\/v2\/users\/10"}],"replies":[{"embeddable":true,"href":"https:\/\/www.amprintservice.com\/en\/wp-json\/wp\/v2\/comments?post=930"}],"version-history":[{"count":31,"href":"https:\/\/www.amprintservice.com\/en\/wp-json\/wp\/v2\/pages\/930\/revisions"}],"predecessor-version":[{"id":2149,"href":"https:\/\/www.amprintservice.com\/en\/wp-json\/wp\/v2\/pages\/930\/revisions\/2149"}],"wp:attachment":[{"href":"https:\/\/www.amprintservice.com\/en\/wp-json\/wp\/v2\/media?parent=930"}],"curies":[{"name":"wp","href":"https:\/\/api.w.org\/{rel}","templated":true}]}}