{"id":841,"date":"2024-02-13T10:17:03","date_gmt":"2024-02-13T09:17:03","guid":{"rendered":"https:\/\/www.amprintservice.com\/?page_id=841"},"modified":"2026-01-19T16:34:48","modified_gmt":"2026-01-19T15:34:48","slug":"3d-printing-utanfor-linkoping","status":"publish","type":"page","link":"https:\/\/www.amprintservice.com\/en\/3d-printing-utanfor-linkoping\/","title":{"rendered":"3D Printing 10 miles outside Link\u00f6ping"},"content":{"rendered":"<h1>\n\t\tService bureau for 3D printing 10 miles outside Link\u00f6ping\n\t<\/h1>\n\t<p>AM Printservice is a service agency for 3D printing located 10 miles outside Link\u00f6ping. We deliver high-quality prints in both plastic and metal to small and large companies, private individuals and public organisations.<\/p>\n<p><strong>Our services:<\/strong><\/p>\n3D printing in plastic and metal<br \/>\nFast and efficient delivery<br \/>\nCompetitive prices<br \/>\nHigh quality customer service\n<p><strong>We can help you with:<\/strong><\/p>\nPrototypes<br \/>\nEnd products<br \/>\nSpare parts<br \/>\nCustomised products<br \/>\nKontakta oss idag f\u00f6r en kostnadsfri offert!\nTelefon: <a href=\"tel:010-7888350\">010-788 83 50<\/a><br \/>\nE-mail: <a href=\"mailto:info@amprintservice.com\">mailto:info@amprintservice.com<\/a>\n<p>We look forward to working with you!<\/p>\n\t\t\t<a href=\"https:\/\/www.amprintservice.com\/en\/\" target=\"_self\">\n\t\t\t\t\t\tRead more on the home page\n\t\t\t\t\t<\/a>\n\t<iframe src=\"https:\/\/www.google.com\/maps\/embed\/v1\/place?q=V%C3%A4stervik&#038;key=AIzaSyD09zQ9PNDNNy9TadMuzRV_UsPUoWKntt8\" aria-hidden=\"true\"><\/iframe>","protected":false},"excerpt":{"rendered":"<p>Servicebyr\u00e5 f\u00f6r 3D-utskrifter 10 mil utanf\u00f6r Link\u00f6ping AM Printservice \u00e4r en servicebyr\u00e5 f\u00f6r 3D-utskrifter som finns 10 mil utanf\u00f6r Link\u00f6ping. Vi levererar h\u00f6gkvalitativa utskrifter i b\u00e5de plast och metall till sm\u00e5 och stora f\u00f6retag, privatpersoner och offentliga verksamheter. V\u00e5ra tj\u00e4nster: 3D-utskrifter i plast och metall Snabb och effektiv leverans Konkurrenskraftiga priser H\u00f6gkvalitativ kundservice Vi kan [&hellip;]<\/p>\n","protected":false},"author":2,"featured_media":209,"parent":0,"menu_order":0,"comment_status":"closed","ping_status":"closed","template":"page-templates\/template-pagebuilder.php","meta":{"_acf_changed":false,"_genesis_hide_title":false,"_genesis_hide_breadcrumbs":false,"_genesis_hide_singular_image":false,"_genesis_hide_footer_widgets":false,"_genesis_custom_body_class":"","_genesis_custom_post_class":"","_genesis_layout":"","footnotes":""},"class_list":{"0":"post-841","1":"page","2":"type-page","3":"status-publish","4":"has-post-thumbnail","6":"entry"},"acf":[],"_links":{"self":[{"href":"https:\/\/www.amprintservice.com\/en\/wp-json\/wp\/v2\/pages\/841","targetHints":{"allow":["GET"]}}],"collection":[{"href":"https:\/\/www.amprintservice.com\/en\/wp-json\/wp\/v2\/pages"}],"about":[{"href":"https:\/\/www.amprintservice.com\/en\/wp-json\/wp\/v2\/types\/page"}],"author":[{"embeddable":true,"href":"https:\/\/www.amprintservice.com\/en\/wp-json\/wp\/v2\/users\/2"}],"replies":[{"embeddable":true,"href":"https:\/\/www.amprintservice.com\/en\/wp-json\/wp\/v2\/comments?post=841"}],"version-history":[{"count":6,"href":"https:\/\/www.amprintservice.com\/en\/wp-json\/wp\/v2\/pages\/841\/revisions"}],"predecessor-version":[{"id":1657,"href":"https:\/\/www.amprintservice.com\/en\/wp-json\/wp\/v2\/pages\/841\/revisions\/1657"}],"wp:featuredmedia":[{"embeddable":true,"href":"https:\/\/www.amprintservice.com\/en\/wp-json\/wp\/v2\/media\/209"}],"wp:attachment":[{"href":"https:\/\/www.amprintservice.com\/en\/wp-json\/wp\/v2\/media?parent=841"}],"curies":[{"name":"wp","href":"https:\/\/api.w.org\/{rel}","templated":true}]}}