{"id":806,"date":"2023-08-29T11:25:45","date_gmt":"2023-08-29T09:25:45","guid":{"rendered":"https:\/\/www.amprintservice.com\/?page_id=806"},"modified":"2025-06-12T13:08:57","modified_gmt":"2025-06-12T11:08:57","slug":"snabba-prototyper-i-3d","status":"publish","type":"page","link":"https:\/\/www.amprintservice.com\/en\/snabba-prototyper-i-3d\/","title":{"rendered":"Rapid prototyping with 3D printing"},"content":{"rendered":"<h1>\n\t\tRapid prototyping with 3D printing\n\t<\/h1>\n\t<h3>Fast delivery of professional prototypes with MJF 3d printing technology<\/h3>\n<p>Rapid prototyping with 3D printing is AM Printservice's speciality. With our MJF-based 3d printing technology from <a href=\"http:\/\/www.hp.com\" target=\"_blank\" rel=\"noopener\">HP<\/a> we deliver fast 3D prints that have high quality and good mechanical properties.<\/p>\n<p>Contact AM Printservice today and we will help you with your project or visit our order tool where you can upload your model and get a quote directly in the browser!<\/p>\n\t\t\t<a href=\"https:\/\/www.amprintservice.com\/en\/order\/\" target=\"_self\" rel=\"noopener\">\n\t\t\t\t\t\t\tOrder tools\n\t\t\t\t\t<\/a>\n\t\t\t<a href=\"https:\/\/www.amprintservice.com\/en\/contact\/\" target=\"_self\" rel=\"noopener\">\n\t\t\t\t\t\t\tContact us\n\t\t\t\t\t<\/a>","protected":false},"excerpt":{"rendered":"<p>Snabba prototyper med 3d-print Snabb leverans av professionella prototyper med MJF 3d-printteknik Snabba prototyper med 3d-print \u00e4r AM Printservice specialitet. Med v\u00e5r MJF-baserad 3d-printteknik fr\u00e5n HP levererar vi snabba 3d-utskrifter som har h\u00f6g kvalitet och goda mekaniska egenskaper. Kontakta AM Printservice idag s\u00e5 hj\u00e4lper vi dig med ditt projekt eller bes\u00f6k v\u00e5rat orderverktyg d\u00e4r du [&hellip;]<\/p>\n","protected":false},"author":2,"featured_media":209,"parent":0,"menu_order":0,"comment_status":"closed","ping_status":"closed","template":"page-templates\/template-pagebuilder.php","meta":{"_acf_changed":false,"_genesis_hide_title":false,"_genesis_hide_breadcrumbs":false,"_genesis_hide_singular_image":false,"_genesis_hide_footer_widgets":false,"_genesis_custom_body_class":"","_genesis_custom_post_class":"","_genesis_layout":"","footnotes":""},"class_list":{"0":"post-806","1":"page","2":"type-page","3":"status-publish","4":"has-post-thumbnail","6":"entry"},"acf":[],"_links":{"self":[{"href":"https:\/\/www.amprintservice.com\/en\/wp-json\/wp\/v2\/pages\/806","targetHints":{"allow":["GET"]}}],"collection":[{"href":"https:\/\/www.amprintservice.com\/en\/wp-json\/wp\/v2\/pages"}],"about":[{"href":"https:\/\/www.amprintservice.com\/en\/wp-json\/wp\/v2\/types\/page"}],"author":[{"embeddable":true,"href":"https:\/\/www.amprintservice.com\/en\/wp-json\/wp\/v2\/users\/2"}],"replies":[{"embeddable":true,"href":"https:\/\/www.amprintservice.com\/en\/wp-json\/wp\/v2\/comments?post=806"}],"version-history":[{"count":11,"href":"https:\/\/www.amprintservice.com\/en\/wp-json\/wp\/v2\/pages\/806\/revisions"}],"predecessor-version":[{"id":1693,"href":"https:\/\/www.amprintservice.com\/en\/wp-json\/wp\/v2\/pages\/806\/revisions\/1693"}],"wp:featuredmedia":[{"embeddable":true,"href":"https:\/\/www.amprintservice.com\/en\/wp-json\/wp\/v2\/media\/209"}],"wp:attachment":[{"href":"https:\/\/www.amprintservice.com\/en\/wp-json\/wp\/v2\/media?parent=806"}],"curies":[{"name":"wp","href":"https:\/\/api.w.org\/{rel}","templated":true}]}}