{"id":761,"date":"2023-05-16T09:14:36","date_gmt":"2023-05-16T07:14:36","guid":{"rendered":"https:\/\/www.amprintservice.com\/?page_id=761"},"modified":"2025-06-12T13:14:27","modified_gmt":"2025-06-12T11:14:27","slug":"ide-blev-verklighet-3d-print-levererar","status":"publish","type":"page","link":"https:\/\/www.amprintservice.com\/en\/ide-blev-verklighet-3d-print-levererar\/","title":{"rendered":"Idea became reality - 3D printing delivers"},"content":{"rendered":"<img loading=\"lazy\" decoding=\"async\" src=\"https:\/\/www.amprintservice.com\/wp-content\/uploads\/2023\/05\/1619603058333.jpeg\" alt=\"1619603058333\" itemprop=\"image\" height=\"600\" width=\"800\" title=\"1619603058333\" onerror=\"this.style.display='none'\"  \/>\n<h1>\n\t\tId\u00e9 blev verklighet &#8211; 3D print levererar\n\t<\/h1>\n\t<p>AM printservice, with offices in V\u00e4stervik and Link\u00f6ping, can become an important and crucial cog in the wheel of local industry and innovative entrepreneurship. Fast, cheap and with unbeatable quality.<\/p>\n<p>In and around V\u00e4stervik, there are many large and small companies that face new challenges every day. In a rapidly changing world, it is important to be on your toes, constantly evolve and maintain high quality. Sometimes the ideas are grandiose and sometimes very small, but everyone can lead a company and its development forward. In this environment, many entrepreneurs' ideas can become reality and 3d printing delivers results in a short time and with little resources.<\/p>\n<p>Whether it's just a small cog in a machine that needs fine-tuning or a large mould that can make all the difference, it has historically been both time-consuming and costly to achieve. Sometimes to such an extent that it has not been economically justifiable. 3D printing company AM printservice saw early on that there was a need here. With the help of production 3D printers and experienced designers, they have been able to quickly deliver quality solutions to the customers who contacted them.<\/p>\n<p>&#8211; Additiv tillverkning (3D print) m\u00f6ts ibland av en del skepsis och f\u00f6rklaringen till det \u00e4r enkel. De skrivare som idag finns ute p\u00e5 marknaden f\u00f6r gemeneman \u00e4r sj\u00e4lvklart mer f\u00f6r modellbygge och inte f\u00f6r serietillverkning eller h\u00e5llbara prototyper. Kvaliteten h\u00e5ller inte m\u00e5ttet och m\u00e5nga tror d\u00e5 att det \u00e4r s\u00e5 det \u00e4r, menar Lisa Antonsson, VD AM printservice och forts\u00e4tter:<\/p>\n<p>Using 3D printing in real production requires very good printers and is obviously a significant investment in quality.<\/p>\n<p>Nordic Envoy's CEO Morgan Andersson is one of many entrepreneurs who found AM Printservice. He needed a sustainable and quick solution to his problem, while at the same time it needed to be cost-effective.<\/p>\n<p>&#8211; Vi har haft m\u00f6jlighet att v\u00e4xa och beh\u00f6ver d\u00e4rmed ocks\u00e5 effektivisera v\u00e5r verksamhet. N\u00e4r vi trycker v\u00e5ra Klean Kanteen flaskor i fullf\u00e4rg beh\u00f6ver flaskorna passa i h\u00e5llaren med exakt precision. Minsta avvikelse g\u00f6r att trycket hamnar snett och d\u00e5 f\u00e5r vi kassera den flaskan.<\/p>\n<p>A waste that in the long run means losses for the company, of course.<\/p>\n<p>The fixture that came with the printer is unreliable and difficult to handle. By providing AM printservice with the drawings of the different bottle models and also the statement of need, they quickly came up with a solution to the problem.<\/p>\n<p>&#8211; Bara n\u00e5gra dagar senare hade jag en h\u00e5llare som fixerar flaskorna perfekt i h\u00e5llaren, s\u00e4ger en n\u00f6jd Morgan Andersson.<\/p>\n<p>He has also recently developed a new fixture for the laser engraver that allows him to engrave several bottles at a time with the same impeccable results.<\/p>\n<p>The plastic used in the prints is of very high quality and can withstand years of use. It is also unaffected by chemicals and can withstand very high temperatures. As a customer, you can also choose to order one print or several thousand.<\/p>\n<p>&#8211; Det finns m\u00e5nga innovat\u00f6rer och f\u00f6retagare som har behov av liknande l\u00f6sningar. V\u00e5rt f\u00f6retag kan snabbt och mycket billigt ta fram prototyper och faktiska produkter f\u00f6r deras behov. F\u00f6r att kunna h\u00e5lla en bra och personlig service finns det nu tv\u00e5 servicebyr\u00e5er. En i V\u00e4stervik och en i Link\u00f6ping.<\/p>\n<p>Mirjam Schackenborg<\/p>\n<p><a href=\"https:\/\/www.amprintservice.com\/en\/\">Read more<\/a><\/p>","protected":false},"excerpt":{"rendered":"<p>Id\u00e9 blev verklighet &#8211; 3D print levererar AM printservice med kontor i V\u00e4stervik och i Link\u00f6ping kan bli en viktig och avg\u00f6rande kugge i hjulet p\u00e5 lokal industri och innovativ f\u00f6retagsanda. Snabbt, billigt och med oslagbar kvalitet. B\u00e5de i och runt V\u00e4stervik finns m\u00e4ngder med stora och sm\u00e5 f\u00f6retag som dagligen m\u00f6ter nya utmaningar. I [&hellip;]<\/p>\n","protected":false},"author":2,"featured_media":762,"parent":0,"menu_order":0,"comment_status":"closed","ping_status":"closed","template":"page-templates\/template-pagebuilder.php","meta":{"_acf_changed":false,"_genesis_hide_title":false,"_genesis_hide_breadcrumbs":false,"_genesis_hide_singular_image":false,"_genesis_hide_footer_widgets":false,"_genesis_custom_body_class":"","_genesis_custom_post_class":"","_genesis_layout":"","footnotes":""},"class_list":{"0":"post-761","1":"page","2":"type-page","3":"status-publish","4":"has-post-thumbnail","6":"entry"},"acf":[],"_links":{"self":[{"href":"https:\/\/www.amprintservice.com\/en\/wp-json\/wp\/v2\/pages\/761","targetHints":{"allow":["GET"]}}],"collection":[{"href":"https:\/\/www.amprintservice.com\/en\/wp-json\/wp\/v2\/pages"}],"about":[{"href":"https:\/\/www.amprintservice.com\/en\/wp-json\/wp\/v2\/types\/page"}],"author":[{"embeddable":true,"href":"https:\/\/www.amprintservice.com\/en\/wp-json\/wp\/v2\/users\/2"}],"replies":[{"embeddable":true,"href":"https:\/\/www.amprintservice.com\/en\/wp-json\/wp\/v2\/comments?post=761"}],"version-history":[{"count":5,"href":"https:\/\/www.amprintservice.com\/en\/wp-json\/wp\/v2\/pages\/761\/revisions"}],"predecessor-version":[{"id":1712,"href":"https:\/\/www.amprintservice.com\/en\/wp-json\/wp\/v2\/pages\/761\/revisions\/1712"}],"wp:featuredmedia":[{"embeddable":true,"href":"https:\/\/www.amprintservice.com\/en\/wp-json\/wp\/v2\/media\/762"}],"wp:attachment":[{"href":"https:\/\/www.amprintservice.com\/en\/wp-json\/wp\/v2\/media?parent=761"}],"curies":[{"name":"wp","href":"https:\/\/api.w.org\/{rel}","templated":true}]}}