{"id":754,"date":"2023-05-16T09:09:12","date_gmt":"2023-05-16T07:09:12","guid":{"rendered":"https:\/\/www.amprintservice.com\/?page_id=754"},"modified":"2024-09-17T14:01:48","modified_gmt":"2024-09-17T12:01:48","slug":"crevoice-la-sin-rost-pa-am-printservice","status":"publish","type":"page","link":"https:\/\/www.amprintservice.com\/en\/crevoice-la-sin-rost-pa-am-printservice\/","title":{"rendered":"Crevoice voted for AM Printservice"},"content":{"rendered":"<img loading=\"lazy\" decoding=\"async\" src=\"https:\/\/www.amprintservice.com\/wp-content\/uploads\/2023\/05\/1622191961339.jpeg\" alt=\"Crevoice speaker partially created with 3D printing.\" itemprop=\"image\" height=\"600\" width=\"750\" title=\"1622191961339\" onerror=\"this.style.display='none'\"  \/>\n<h1>\n\t\tCrevoice voted for AM Printservice\n\t<\/h1>\n\t<p>Torbj\u00f6rn Pettersson, the founder of Crevoice, turned his attention to using local small businesses to further develop his invention, the speaker vest. The speaker, which has been around since 1989, is sold to a wide range of businesses. AM Printservice is one of the local companies that makes parts for the Crevoice speaker.<\/p>\n<p>Att st\u00f6ta p\u00e5 problem kan vara ett hinder f\u00f6r m\u00e5nga &#8211; f\u00f6r andra \u00e4r det en chans till utveckling. Torbj\u00f6rn Pettersson har till och med ett ord f\u00f6r detta &#8211; Torbj\u00f6rneffekten.<\/p>\n<p>I have always been something of a problem solver. Circumventing obstacles to get ahead is fun and exciting and a big part of how I invent,\" says Torbj\u00f6rn.<\/p>\n<p>The speaker came about when Torbj\u00f6rn received an order for a mobile speaker solution from SKB Svensk k\u00e4rnbr\u00e4nslehantering in Oskarshamn. They needed it for their guides in a noisy and difficult environment. The acoustics were poor and thanks to the speaker vest, everyone could hear the information. This was in 1989 and the first speaker saw the light of day in Sweden. As sales increased, further development went on to the US and China. Today it is back in Sweden and locally in V\u00e4stervik.<\/p>\n<p>The speaker housing itself, which has replaced the vest, has been printed at AM Printservice in V\u00e4stervik since 2019 and the amplifier part by IL-elektronik, another V\u00e4stervik company. The proximity to the service bureau has meant that refinements and improvements to the product have been quick and that dialogue has been maintained on site, which has simplified the work considerably. Injection moulding, which would have been the other option, would have been cheaper once the mould was set, but with Multi Jet Fusion the speaker housing is much more attractive, easier to improve and can also be ordered a\u00b4la carte.<\/p>\n<p>Being able to test out a good solution and not having to order thousands of the product that I then have to stock has made it more cost-effective for me. I can order the exact amount that I sell and have it in place within a reasonable time,\" Torbj\u00f6rn explains.<\/p>\n<p>Torbj\u00f6rn can pat himself on the back for many major and minor inventions. The speaker that he builds by hand has been used in London during the Olympics, in numerous city tours around Sweden and in countless tours and presentations at companies.<\/p>\n<p>It works wirelessly and can be connected to large speaker systems and even satellite dishes if you want,\" says Torbj\u00f6rn.<\/p>\n<p>The technology he uses is carefully developed and, thanks to Torbj\u00f6rn's background as a hearing care technician, very effective.<\/p>\n<p>I know how we as humans take in information and how we listen and hear, so it has definitely been a good help on the way to the best solution,\" he says.<\/p>\n<p>For AM Printservice, this means another chance to develop products in collaboration with the customer, but also gives the company proof that 3D printing and then powder bed technology has a broad market. Everything from multinational corporations to smaller businesses can benefit from the service.<\/p>\n<p>I think it has been a successful combination of development and co-operation between local actors. This is both environmentally friendly and cost-effective,\" says Torbj\u00f6rn Pettersson.<\/p>\n<p>Mirjam Schackenborg<\/p>\n<p><a href=\"https:\/\/www.amprintservice.com\/en\/\">Read more<\/a><\/p>","protected":false},"excerpt":{"rendered":"<p>Crevoice la sin r\u00f6st p\u00e5 AM Printservice Torbj\u00f6rn Pettersson, grundare av Crevoice, drog \u00f6ronen \u00e5t sig och anv\u00e4nder sig idag av lokala sm\u00e5f\u00f6retag n\u00e4r han vidareutvecklar sin uppfinning, h\u00f6gtalarv\u00e4sten. H\u00f6gtalaren, som har funnits sen 1989, s\u00e4ljs till m\u00e4ngder av olika verksamheter. AM Printservice \u00e4r en av de lokala akt\u00f6rer som g\u00f6r delar till Crevoice-h\u00f6gtalaren. Att [&hellip;]<\/p>\n","protected":false},"author":2,"featured_media":756,"parent":0,"menu_order":0,"comment_status":"closed","ping_status":"closed","template":"page-templates\/template-pagebuilder.php","meta":{"_acf_changed":false,"_genesis_hide_title":false,"_genesis_hide_breadcrumbs":false,"_genesis_hide_singular_image":false,"_genesis_hide_footer_widgets":false,"_genesis_custom_body_class":"","_genesis_custom_post_class":"","_genesis_layout":"","footnotes":""},"class_list":{"0":"post-754","1":"page","2":"type-page","3":"status-publish","4":"has-post-thumbnail","6":"entry"},"acf":[],"_links":{"self":[{"href":"https:\/\/www.amprintservice.com\/en\/wp-json\/wp\/v2\/pages\/754","targetHints":{"allow":["GET"]}}],"collection":[{"href":"https:\/\/www.amprintservice.com\/en\/wp-json\/wp\/v2\/pages"}],"about":[{"href":"https:\/\/www.amprintservice.com\/en\/wp-json\/wp\/v2\/types\/page"}],"author":[{"embeddable":true,"href":"https:\/\/www.amprintservice.com\/en\/wp-json\/wp\/v2\/users\/2"}],"replies":[{"embeddable":true,"href":"https:\/\/www.amprintservice.com\/en\/wp-json\/wp\/v2\/comments?post=754"}],"version-history":[{"count":10,"href":"https:\/\/www.amprintservice.com\/en\/wp-json\/wp\/v2\/pages\/754\/revisions"}],"predecessor-version":[{"id":1687,"href":"https:\/\/www.amprintservice.com\/en\/wp-json\/wp\/v2\/pages\/754\/revisions\/1687"}],"wp:featuredmedia":[{"embeddable":true,"href":"https:\/\/www.amprintservice.com\/en\/wp-json\/wp\/v2\/media\/756"}],"wp:attachment":[{"href":"https:\/\/www.amprintservice.com\/en\/wp-json\/wp\/v2\/media?parent=754"}],"curies":[{"name":"wp","href":"https:\/\/api.w.org\/{rel}","templated":true}]}}