{"id":750,"date":"2023-05-10T08:40:50","date_gmt":"2023-05-10T06:40:50","guid":{"rendered":"https:\/\/www.amprintservice.com\/?page_id=750"},"modified":"2025-06-12T11:52:54","modified_gmt":"2025-06-12T09:52:54","slug":"bestall-3d-utskrifter-snabbt-och-enkelt-fran-am-printservice","status":"publish","type":"page","link":"https:\/\/www.amprintservice.com\/en\/bestall-3d-utskrifter-snabbt-och-enkelt-fran-am-printservice\/","title":{"rendered":"Order 3D prints quickly and easily from AM Printservice"},"content":{"rendered":"<h1>\n\t\tBest\u00e4ll 3D-utskrifter fr\u00e5n AM Printservice &#8211; s\u00e5 g\u00f6r du\n\t<\/h1>\n\t<p><strong>Upload \u00bb Quote \u00bb Order<\/strong><\/p>\n\t\t\t<a href=\"https:\/\/www.amprintservice.com\/en\/order\/\" target=\"_self\" rel=\"noopener\">\n\t\t\t\t\t\tOrder here!\n\t\t\t\t\t<\/a>\n\t<p>Order 3D prints for your project. It doesn't get any easier than with AM Printservice online service. Fast, reliable and cost-effective. We are a trusted Swedish supplier of high-quality 3D printing and can customise solutions to suit your needs.<\/p>\n<h2>Order 3D prints in a simple process<\/h2>\n<p>Ordering 3D prints online from AM Printservice is a simple process. First, you choose the type of print and the material you need. Then you upload your file(s). Next, we send you a quote based on your specific requirements. Once you've approved the quote, we'll print your parts in top quality and send them to you.<\/p>\n<h2>Modern 3D printers<\/h2>\n<p>We use state-of-the-art 3D printers from, among others <a href=\"https:\/\/www.hp.com\/us-en\/printers\/3d-printers\/products\/multi-jet-technology.html\" target=\"_blank\" rel=\"noopener\">HP<\/a> and the highest quality plastic and metal materials. We have chosen these technologies and materials to ensure our customers get the best results, whether you need prototypes, spare parts or series production. We also have fast delivery times and can ship your parts worldwide if needed.<\/p>\n<h2>Experienced team to help you<\/h2>\n<p>Whatever CAD software you use, our team of experienced technicians and engineers can help you. We have the expertise to optimise your files to ensure they are perfect for 3D printing. We also offer prototyping services and can help you produce a finished product from start to finish.<\/p>\n<h2>Contact us or order 3D prints directly in the order tool<\/h2>\n<p>So if you need high-quality 3D printing with short delivery times for your project, don't hesitate to contact us at AM Printservice. We are experts in 3D printing and can help you take your product development and manufacturing to the next level.<\/p>\n<p><a href=\"https:\/\/www.amprintservice.com\/en\/order\/\">See the order tool \u00bb<\/a><\/p>\n\t\t\t\t<img loading=\"lazy\" decoding=\"async\" src=\"https:\/\/www.amprintservice.com\/wp-content\/uploads\/2020\/12\/AM_Print_3DCenter.jpg\" alt=\"AM Printservice order HP 3D-printers best\u00e4ll 3D-utskrifte\" itemprop=\"image\" height=\"640\" width=\"641\" title=\"AM_Print_3DCentre\" onerror=\"this.style.display='none'\"  \/>\n\t\t\t\t<img loading=\"lazy\" decoding=\"async\" src=\"https:\/\/www.amprintservice.com\/wp-content\/uploads\/2021\/02\/HP-kugghjul-scaled.jpg\" alt=\"AM Printservice oder 3D Prints online\" itemprop=\"image\" height=\"1920\" width=\"2560\" title=\"HP gears\" onerror=\"this.style.display='none'\"  \/>\n\t\t\t\t<img loading=\"lazy\" decoding=\"async\" src=\"https:\/\/www.amprintservice.com\/wp-content\/uploads\/2021\/02\/amloggo-scaled.jpg\" alt=\"AM Printservice oder 3D Prints online\" itemprop=\"image\" height=\"1920\" width=\"2560\" title=\"amloggo\" onerror=\"this.style.display='none'\"  \/>\n\t<h3>Contact us<\/h3>\n<p>Please contact us with your concerns and we can tell you more about our concept and how your business can benefit from our services.<\/p>\n<p><a id=\"contact-email\" href=\"mailto:info@amprintservice.com\">mailto:info@amprintservice.com<\/a><\/p>\n\t\n<div class=\"wpcf7 no-js\" id=\"wpcf7-f5-o1\" lang=\"sv-SE\" dir=\"ltr\" data-wpcf7-id=\"5\">\n<div class=\"screen-reader-response\"><p role=\"status\" aria-live=\"polite\" aria-atomic=\"true\"><\/p> <ul><\/ul><\/div>\n<form action=\"\/en\/wp-json\/wp\/v2\/pages\/750#wpcf7-f5-o1\" method=\"post\" class=\"wpcf7-form init\" aria-label=\"Contact form\" novalidate=\"novalidate\" data-status=\"init\" data-trp-original-action=\"\/en\/wp-json\/wp\/v2\/pages\/750#wpcf7-f5-o1\">\n<fieldset class=\"hidden-fields-container\"><input type=\"hidden\" name=\"_wpcf7\" value=\"5\" \/><input type=\"hidden\" name=\"_wpcf7_version\" value=\"6.1.5\" \/><input type=\"hidden\" name=\"_wpcf7_locale\" value=\"sv_SE\" \/><input type=\"hidden\" name=\"_wpcf7_unit_tag\" value=\"wpcf7-f5-o1\" \/><input type=\"hidden\" name=\"_wpcf7_container_post\" value=\"0\" \/><input type=\"hidden\" name=\"_wpcf7_posted_data_hash\" value=\"\" \/>\n<\/fieldset>\n<p><label> Name<br \/>\n<span class=\"wpcf7-form-control-wrap\" data-name=\"your-name\"><input size=\"40\" maxlength=\"400\" class=\"wpcf7-form-control wpcf7-text wpcf7-validates-as-required\" aria-required=\"true\" aria-invalid=\"false\" value=\"\" type=\"text\" name=\"your-name\" \/><\/span> <\/label>\n<\/p>\n<p><label> E-mail<br \/>\n<span class=\"wpcf7-form-control-wrap\" data-name=\"your-email\"><input size=\"40\" maxlength=\"400\" class=\"wpcf7-form-control wpcf7-email wpcf7-validates-as-required wpcf7-text wpcf7-validates-as-email\" aria-required=\"true\" aria-invalid=\"false\" value=\"\" type=\"email\" name=\"your-email\" \/><\/span> <\/label>\n<\/p>\n<p><label> Message<br \/>\n<span class=\"wpcf7-form-control-wrap\" data-name=\"your-message\"><textarea cols=\"40\" rows=\"10\" maxlength=\"2000\" class=\"wpcf7-form-control wpcf7-textarea wpcf7-validates-as-required\" aria-required=\"true\" aria-invalid=\"false\" name=\"your-message\"><\/textarea><\/span> <\/label>\n<\/p>\n<p><span class=\"wpcf7-form-control-wrap\" data-name=\"quiz-799\"><label><span class=\"wpcf7-quiz-label\">Are you a robot? How many letters are there in the word PRINT?<\/span> <input size=\"40\" class=\"wpcf7-form-control wpcf7-quiz\" autocomplete=\"off\" aria-required=\"true\" aria-invalid=\"false\" type=\"text\" name=\"quiz-799\" \/><\/label><input type=\"hidden\" name=\"_wpcf7_quiz_answer_quiz-799\" value=\"c3047008f9ff68ac5b81426e2bf8c630\" \/><\/span>\n<\/p>\n<p><input class=\"wpcf7-form-control wpcf7-submit has-spinner\" type=\"submit\" value=\"Send\" \/>\n<\/p><p style=\"display: none !important;\" class=\"akismet-fields-container\" data-prefix=\"_wpcf7_ak_\"><label>\u0394<textarea name=\"_wpcf7_ak_hp_textarea\" cols=\"45\" rows=\"8\" maxlength=\"100\"><\/textarea><\/label><input type=\"hidden\" id=\"ak_js_1\" name=\"_wpcf7_ak_js\" value=\"110\"\/><script>document.getElementById( \"ak_js_1\" ).setAttribute( \"value\", ( new Date() ).getTime() );<\/script><\/p><div class=\"wpcf7-response-output\" aria-hidden=\"true\"><\/div>\n<input type=\"hidden\" name=\"trp-form-language\" value=\"en\"\/><\/form>\n<\/div>","protected":false},"excerpt":{"rendered":"<p>Best\u00e4ll 3D-utskrifter fr\u00e5n AM Printservice &#8211; s\u00e5 g\u00f6r du Ladda upp \u00bb\u00a0Offert \u00bb Best\u00e4ll Best\u00e4ll h\u00e4r! Best\u00e4ll 3D-utskrifter till ditt projekt. Det blir inte enklare \u00e4n med AM Printservice onlinetj\u00e4nst. Snabbt, p\u00e5litligt och kostnadseffektivt. Vi \u00e4r en betrodd svensk leverant\u00f6r av h\u00f6gkvalitativa 3D-utskrifter och kan skr\u00e4ddarsy l\u00f6sningar som passar just dina behov. Best\u00e4ll 3D-utskrifter i [&hellip;]<\/p>\n","protected":false},"author":2,"featured_media":356,"parent":0,"menu_order":0,"comment_status":"closed","ping_status":"closed","template":"page-templates\/template-pagebuilder.php","meta":{"_acf_changed":false,"_genesis_hide_title":false,"_genesis_hide_breadcrumbs":false,"_genesis_hide_singular_image":false,"_genesis_hide_footer_widgets":false,"_genesis_custom_body_class":"","_genesis_custom_post_class":"","_genesis_layout":"","footnotes":""},"class_list":{"0":"post-750","1":"page","2":"type-page","3":"status-publish","4":"has-post-thumbnail","6":"entry"},"acf":[],"_links":{"self":[{"href":"https:\/\/www.amprintservice.com\/en\/wp-json\/wp\/v2\/pages\/750","targetHints":{"allow":["GET"]}}],"collection":[{"href":"https:\/\/www.amprintservice.com\/en\/wp-json\/wp\/v2\/pages"}],"about":[{"href":"https:\/\/www.amprintservice.com\/en\/wp-json\/wp\/v2\/types\/page"}],"author":[{"embeddable":true,"href":"https:\/\/www.amprintservice.com\/en\/wp-json\/wp\/v2\/users\/2"}],"replies":[{"embeddable":true,"href":"https:\/\/www.amprintservice.com\/en\/wp-json\/wp\/v2\/comments?post=750"}],"version-history":[{"count":26,"href":"https:\/\/www.amprintservice.com\/en\/wp-json\/wp\/v2\/pages\/750\/revisions"}],"predecessor-version":[{"id":1690,"href":"https:\/\/www.amprintservice.com\/en\/wp-json\/wp\/v2\/pages\/750\/revisions\/1690"}],"wp:featuredmedia":[{"embeddable":true,"href":"https:\/\/www.amprintservice.com\/en\/wp-json\/wp\/v2\/media\/356"}],"wp:attachment":[{"href":"https:\/\/www.amprintservice.com\/en\/wp-json\/wp\/v2\/media?parent=750"}],"curies":[{"name":"wp","href":"https:\/\/api.w.org\/{rel}","templated":true}]}}