{"id":721,"date":"2023-04-25T13:40:39","date_gmt":"2023-04-25T11:40:39","guid":{"rendered":"https:\/\/www.amprintservice.com\/?page_id=721"},"modified":"2025-06-12T11:50:49","modified_gmt":"2025-06-12T09:50:49","slug":"additiv-tillverkning-i-plast","status":"publish","type":"page","link":"https:\/\/www.amprintservice.com\/en\/additiv-tillverkning-i-plast\/","title":{"rendered":"Additive Manufacturing with 3D Printing in Plastics"},"content":{"rendered":"<h1>\n\t\tAdditive Manufacturing with 3D Printing in Plastics\n\t<\/h1>\n\t<p>Additive manufacturing with plastic 3D printing is an exciting and innovative technology that has revolutionised the manufacturing industry. By creating physical products from digital models, plastic 3D printing makes it possible to manufacture complex and detailed parts that would otherwise be difficult to produce using traditional manufacturing methods.<\/p>\n<p>One of the main advantages of plastic 3D printing is its speed and cost-effectiveness. Instead of having to create a completely new tool or machine for each production run, the 3D printing process can be quickly and easily adjusted to produce different parts. This saves both time and money and makes it possible to create smaller series or individual special orders.<\/p>\n<p>Another advantage of plastic 3D printing is the ability to create parts with high precision and quality. Because the product is created layer by layer, detailed design elements or demanding geometries can be produced more easily with 3D printing than with traditional manufacturing methods. This makes the technology ideal for use in a variety of industries, from medicine and aerospace to automotive and consumer electronics.<\/p>\n<p>Another advantage of plastic 3D printing is its environmental friendliness. Unlike traditional manufacturing where there can be a lot of waste, only the amount of material actually needed for a specific product is produced. This not only reduces costs but also waste and contributes to a more sustainable production.<\/p>\n<p>In conclusion, plastic 3D printing is an exciting technology that has the potential to revolutionise the manufacturing industry in many ways. With high precision, speed and cost-effectiveness, plastic 3D printing can help companies produce high-quality and customised products in a more sustainable way.<\/p>\n<p><a href=\"https:\/\/www.amprintservice.com\/en\/\">Read more<\/a><\/p>\n\t\t\t\t<img loading=\"lazy\" decoding=\"async\" src=\"https:\/\/www.amprintservice.com\/wp-content\/uploads\/2021\/02\/amloggo-scaled.jpg\" alt=\"AM Printservice oder 3D Prints online\" itemprop=\"image\" height=\"1920\" width=\"2560\" title=\"amloggo\" onerror=\"this.style.display='none'\"  \/>\n\t\t\t\t<img loading=\"lazy\" decoding=\"async\" src=\"https:\/\/www.amprintservice.com\/wp-content\/uploads\/2021\/02\/skeppdammsug-scaled.jpg\" alt=\"AM Printservice cleaning the 3D printer\" itemprop=\"image\" height=\"2560\" width=\"1920\" title=\"ship&#039;s vacuum cleaner\" onerror=\"this.style.display='none'\"  \/>\n\t\t\t\t<img loading=\"lazy\" decoding=\"async\" src=\"https:\/\/www.amprintservice.com\/wp-content\/uploads\/2020\/12\/AM_Print_3DCenter.jpg\" alt=\"AM Printservice orders HP 3D printers\" itemprop=\"image\" height=\"640\" width=\"641\" title=\"AM_Print_3DCentre\" onerror=\"this.style.display='none'\"  \/>","protected":false},"excerpt":{"rendered":"<p>Additiv Tillverkning med 3D-Utskrifter i Plast Additiv tillverkning med 3D-utskrifter i plast \u00e4r en sp\u00e4nnande och innovativ teknik som har revolutionerat tillverkningsindustrin. Genom att skapa fysiska produkter fr\u00e5n digitala modeller, g\u00f6r 3D- utskrifter i plast det m\u00f6jligt att tillverka komplexa och detaljerade delar som annars skulle vara sv\u00e5ra att tillverka med traditionella tillverkningsmetoder. En av [&hellip;]<\/p>\n","protected":false},"author":2,"featured_media":356,"parent":0,"menu_order":0,"comment_status":"closed","ping_status":"closed","template":"page-templates\/template-pagebuilder.php","meta":{"_acf_changed":false,"_genesis_hide_title":false,"_genesis_hide_breadcrumbs":false,"_genesis_hide_singular_image":false,"_genesis_hide_footer_widgets":false,"_genesis_custom_body_class":"","_genesis_custom_post_class":"","_genesis_layout":"","footnotes":""},"class_list":{"0":"post-721","1":"page","2":"type-page","3":"status-publish","4":"has-post-thumbnail","6":"entry"},"acf":[],"_links":{"self":[{"href":"https:\/\/www.amprintservice.com\/en\/wp-json\/wp\/v2\/pages\/721","targetHints":{"allow":["GET"]}}],"collection":[{"href":"https:\/\/www.amprintservice.com\/en\/wp-json\/wp\/v2\/pages"}],"about":[{"href":"https:\/\/www.amprintservice.com\/en\/wp-json\/wp\/v2\/types\/page"}],"author":[{"embeddable":true,"href":"https:\/\/www.amprintservice.com\/en\/wp-json\/wp\/v2\/users\/2"}],"replies":[{"embeddable":true,"href":"https:\/\/www.amprintservice.com\/en\/wp-json\/wp\/v2\/comments?post=721"}],"version-history":[{"count":10,"href":"https:\/\/www.amprintservice.com\/en\/wp-json\/wp\/v2\/pages\/721\/revisions"}],"predecessor-version":[{"id":1679,"href":"https:\/\/www.amprintservice.com\/en\/wp-json\/wp\/v2\/pages\/721\/revisions\/1679"}],"wp:featuredmedia":[{"embeddable":true,"href":"https:\/\/www.amprintservice.com\/en\/wp-json\/wp\/v2\/media\/356"}],"wp:attachment":[{"href":"https:\/\/www.amprintservice.com\/en\/wp-json\/wp\/v2\/media?parent=721"}],"curies":[{"name":"wp","href":"https:\/\/api.w.org\/{rel}","templated":true}]}}