{"id":321,"date":"2021-01-27T10:51:05","date_gmt":"2021-01-27T09:51:05","guid":{"rendered":"https:\/\/amprintservice.evdy.se\/?page_id=321"},"modified":"2025-06-12T13:13:41","modified_gmt":"2025-06-12T11:13:41","slug":"om-oss","status":"publish","type":"page","link":"https:\/\/www.amprintservice.com\/en\/om-oss\/","title":{"rendered":"About us"},"content":{"rendered":"<h1>ABOUT AM PRINTSERVICE<\/h1>\n<hr \/>\n<p>&nbsp;<\/p>\n<p>AM PRINTSERVICE IS YOUR SERVICE AGENCY FOR HIGHEST QUALITY 3D PRINTING<\/p>\n<p>&nbsp;<\/p>\n\t<p>AM Printservice is a service agency with long experience in additive manufacturing. We are a Swedish 3D printing company that delivers 3D printing to small and large companies around Sweden and Europe. With market-leading manufacturing technology from HP together with high expertise, we can deliver single or as many items as you want in plastic and metal.<\/p>\n<p>Vi skapar och uppfinner varje dag &#8211; och det b\u00e4sta av allt &#8211; id\u00e9erna och uppfinningarna blir verklighet framf\u00f6r v\u00e5ra \u00f6gon. V\u00e5r service \u00e4r enkel &#8211; vi skriver ut din detalj med material av b\u00e4sta kvalitet och med en av marknadens b\u00e4sta tekniker. Som kund kan du best\u00e4lla direkt fr\u00e5n v\u00e5rt digitala verktyg som du hittar under fliken <a href=\"https:\/\/www.amprintservice.com\/en\/order\/\">ORDER<\/a> and where you can also see the price of making your 3D model.<\/p>\n<p>If you don't have a ready-made drawing with a problem to be solved or an idea you want to realise, you can always contact us for a consultation and we will come up with a solution together.<\/p>\n<p><strong>Whether you need to make small production runs or need a prototype, we do it according to your wishes with high quality materials, short delivery time and good price. <\/strong><\/p>\n<p><strong>For a quote, please contact us via our email address <a href=\"mailto:order@amprintservice.com\">order@amprintservice.com <\/a>or give us a call on <a href=\"tel:+46(0)10-788 83 50\">+46(0)10-788 83 50<\/a><\/strong><\/p>","protected":false},"excerpt":{"rendered":"<p>OM AM PRINTSERVICE &nbsp; AM PRINTSERVICE \u00c4R DIN SERVICEBYR\u00c5 F\u00d6R 3D-UTSKRIFTER AV H\u00d6GSTA KVALITET &nbsp; AM Printservice \u00e4r en servicebyr\u00e5 med l\u00e5ng erfarenhet inom additiv tillverkning. Vi \u00e4r ett svenskt 3D-printing f\u00f6retag som levererar 3D-utskrifter till sm\u00e5 och stora f\u00f6retag runt om i Sverige och Europa. Med marknadsledande tillverkningsteknik fr\u00e5n HP tillsammans med h\u00f6g kompetens [&hellip;]<\/p>\n","protected":false},"author":2,"featured_media":209,"parent":0,"menu_order":0,"comment_status":"closed","ping_status":"closed","template":"page-templates\/template-pagebuilder.php","meta":{"_acf_changed":false,"_genesis_hide_title":false,"_genesis_hide_breadcrumbs":false,"_genesis_hide_singular_image":false,"_genesis_hide_footer_widgets":false,"_genesis_custom_body_class":"","_genesis_custom_post_class":"","_genesis_layout":"","footnotes":""},"class_list":{"0":"post-321","1":"page","2":"type-page","3":"status-publish","4":"has-post-thumbnail","6":"entry"},"acf":[],"_links":{"self":[{"href":"https:\/\/www.amprintservice.com\/en\/wp-json\/wp\/v2\/pages\/321","targetHints":{"allow":["GET"]}}],"collection":[{"href":"https:\/\/www.amprintservice.com\/en\/wp-json\/wp\/v2\/pages"}],"about":[{"href":"https:\/\/www.amprintservice.com\/en\/wp-json\/wp\/v2\/types\/page"}],"author":[{"embeddable":true,"href":"https:\/\/www.amprintservice.com\/en\/wp-json\/wp\/v2\/users\/2"}],"replies":[{"embeddable":true,"href":"https:\/\/www.amprintservice.com\/en\/wp-json\/wp\/v2\/comments?post=321"}],"version-history":[{"count":39,"href":"https:\/\/www.amprintservice.com\/en\/wp-json\/wp\/v2\/pages\/321\/revisions"}],"predecessor-version":[{"id":1706,"href":"https:\/\/www.amprintservice.com\/en\/wp-json\/wp\/v2\/pages\/321\/revisions\/1706"}],"wp:featuredmedia":[{"embeddable":true,"href":"https:\/\/www.amprintservice.com\/en\/wp-json\/wp\/v2\/media\/209"}],"wp:attachment":[{"href":"https:\/\/www.amprintservice.com\/en\/wp-json\/wp\/v2\/media?parent=321"}],"curies":[{"name":"wp","href":"https:\/\/api.w.org\/{rel}","templated":true}]}}