{"id":30,"date":"2020-12-22T10:46:14","date_gmt":"2020-12-22T09:46:14","guid":{"rendered":"http:\/\/local.amprintservice.com\/?page_id=30"},"modified":"2025-09-08T15:55:21","modified_gmt":"2025-09-08T13:55:21","slug":"order","status":"publish","type":"page","link":"https:\/\/www.amprintservice.com\/en\/order\/","title":{"rendered":"Order"},"content":{"rendered":"<h1 class=\"translation-block\">ORDER YOUR<br>\n3D PRINT HERE<\/h1>\n<hr \/>\n<p>&nbsp;<\/p>\n<p>YOUR ONLINE PARTNER FOR 3D PROTOTYPES &amp; PRODUCTION<\/p>\n<p>&nbsp;<\/p>\n\t\t\t<a href=\"https:\/\/www.amprintservice.com\/en\/order\/\" target=\"_self\">\n\t\t\t\t\t\t\tOrder 3D printing\n\t\t\t\t\t<\/a>\n\t\t\t<a href=\"https:\/\/www.amprintservice.com\/en\/contact\/\" target=\"_self\">\n\t\t\t\t\t\t\tContact us\n\t\t\t\t\t<\/a>\n<h3>\n\t\t\tGet a quote!\t<\/h3>\n\t\t\t<a href=\"https:\/\/app.digifabster.com\/AMPrintservice\/widget\/upload\/\" target=\"_blank\" rel=\"noopener\">\n\t\t\t\t\t\t\tORDER\n\t\t\t\t\t<\/a>\n<h3>\n\t\t\tHow to order your 3D print\t<\/h3>\n\t<p>We offer on-demand 3D printing in plastic\/nylon and metal. With our advanced technology, we can create high-quality prints tailored to your needs. Whether you need prototypes, spare parts or custom-designed objects, we are ready to deliver with fast and reliable service. In the tool above, you can upload your model and get a quote right away.<\/p>\n<p>Do you need help or have any questions? Don't hesitate to contact us.<\/p>\n\t\t\t<a href=\"https:\/\/www.amprintservice.com\/en\/contact\/\" target=\"_self\">\n\t\t\t\t\t\t\tContact us\n\t\t\t\t\t<\/a>\n\t<h3>Contact us<\/h3>\n<p>Please contact us with your concerns and we can tell you more about our concept and how your business can benefit from our services.<\/p>\n<p><a id=\"contact-email\" href=\"mailto:info@amprintservice.com\">mailto:info@amprintservice.com<\/a><\/p>\n    \t<a style=\"text-decoration: none;\" href=\"https:\/\/www.instagram.com\/amprintservice\/\" target=\"_blank\" rel=\"noopener\">\n\t\t<img decoding=\"async\" style=\"width: 50px; height: auto;\" src=\"https:\/\/www.amprintservice.com\/wp-content\/themes\/amprintservice\/images\/instagram.svg\">\n\t<\/a>\n\t\n    \t<a style=\"text-decoration: none;\" href=\"https:\/\/www.linkedin.com\/company\/amprintservice\/\" target=\"_blank\" rel=\"noopener\">\n\t\t<img decoding=\"async\" style=\"width: 50px; height: auto;\" src=\"https:\/\/www.amprintservice.com\/wp-content\/themes\/amprintservice\/images\/linkedin.svg\">\n\t<\/a>\n\t\n\t\n<div class=\"wpcf7 no-js\" id=\"wpcf7-f5-o1\" lang=\"sv-SE\" dir=\"ltr\" data-wpcf7-id=\"5\">\n<div class=\"screen-reader-response\"><p role=\"status\" aria-live=\"polite\" aria-atomic=\"true\"><\/p> <ul><\/ul><\/div>\n<form action=\"\/en\/wp-json\/wp\/v2\/pages\/30#wpcf7-f5-o1\" method=\"post\" class=\"wpcf7-form init\" aria-label=\"Contact form\" novalidate=\"novalidate\" data-status=\"init\" data-trp-original-action=\"\/en\/wp-json\/wp\/v2\/pages\/30#wpcf7-f5-o1\">\n<fieldset class=\"hidden-fields-container\"><input type=\"hidden\" name=\"_wpcf7\" value=\"5\" \/><input type=\"hidden\" name=\"_wpcf7_version\" value=\"6.1.5\" \/><input type=\"hidden\" name=\"_wpcf7_locale\" value=\"sv_SE\" \/><input type=\"hidden\" name=\"_wpcf7_unit_tag\" value=\"wpcf7-f5-o1\" \/><input type=\"hidden\" name=\"_wpcf7_container_post\" value=\"0\" \/><input type=\"hidden\" name=\"_wpcf7_posted_data_hash\" value=\"\" \/>\n<\/fieldset>\n<p><label> Name<br \/>\n<span class=\"wpcf7-form-control-wrap\" data-name=\"your-name\"><input size=\"40\" maxlength=\"400\" class=\"wpcf7-form-control wpcf7-text wpcf7-validates-as-required\" aria-required=\"true\" aria-invalid=\"false\" value=\"\" type=\"text\" name=\"your-name\" \/><\/span> <\/label>\n<\/p>\n<p><label> E-mail<br \/>\n<span class=\"wpcf7-form-control-wrap\" data-name=\"your-email\"><input size=\"40\" maxlength=\"400\" class=\"wpcf7-form-control wpcf7-email wpcf7-validates-as-required wpcf7-text wpcf7-validates-as-email\" aria-required=\"true\" aria-invalid=\"false\" value=\"\" type=\"email\" name=\"your-email\" \/><\/span> <\/label>\n<\/p>\n<p><label> Message<br \/>\n<span class=\"wpcf7-form-control-wrap\" data-name=\"your-message\"><textarea cols=\"40\" rows=\"10\" maxlength=\"2000\" class=\"wpcf7-form-control wpcf7-textarea wpcf7-validates-as-required\" aria-required=\"true\" aria-invalid=\"false\" name=\"your-message\"><\/textarea><\/span> <\/label>\n<\/p>\n<p><span class=\"wpcf7-form-control-wrap\" data-name=\"quiz-799\"><label><span class=\"wpcf7-quiz-label\">Are you a robot? How many letters are there in the word PRINT?<\/span> <input size=\"40\" class=\"wpcf7-form-control wpcf7-quiz\" autocomplete=\"off\" aria-required=\"true\" aria-invalid=\"false\" type=\"text\" name=\"quiz-799\" \/><\/label><input type=\"hidden\" name=\"_wpcf7_quiz_answer_quiz-799\" value=\"c3047008f9ff68ac5b81426e2bf8c630\" \/><\/span>\n<\/p>\n<p><input class=\"wpcf7-form-control wpcf7-submit has-spinner\" type=\"submit\" value=\"Send\" \/>\n<\/p><p style=\"display: none !important;\" class=\"akismet-fields-container\" data-prefix=\"_wpcf7_ak_\"><label>\u0394<textarea name=\"_wpcf7_ak_hp_textarea\" cols=\"45\" rows=\"8\" maxlength=\"100\"><\/textarea><\/label><input type=\"hidden\" id=\"ak_js_1\" name=\"_wpcf7_ak_js\" value=\"140\"\/><script>\ndocument.getElementById( \"ak_js_1\" ).setAttribute( \"value\", ( new Date() ).getTime() );\n<\/script>\n<\/p><div class=\"wpcf7-response-output\" aria-hidden=\"true\"><\/div>\n<input type=\"hidden\" name=\"trp-form-language\" value=\"en\"\/><\/form>\n<\/div>","protected":false},"excerpt":{"rendered":"<p>BEST\u00c4LL DIN 3D-UTSKRIFT H\u00c4R &nbsp; DIN PARTNER ONLINE F\u00d6R PROTOTYPER &amp; PRODUKTION I 3D &nbsp; Best\u00e4ll 3D-utskrift Kontakta oss F\u00e5 en offert! ORDER S\u00e5 best\u00e4ller du din 3D-utskrift Vi erbjuder 3D-utskrifter on demand i plast\/nylon och metall. Med v\u00e5r avancerade teknik kan vi skapa h\u00f6gkvalitativa utskrifter skr\u00e4ddarsydda efter dina behov. Oavsett om du beh\u00f6ver prototyper, [&hellip;]<\/p>\n","protected":false},"author":2,"featured_media":0,"parent":0,"menu_order":0,"comment_status":"closed","ping_status":"closed","template":"page-templates\/template-pagebuilder.php","meta":{"_acf_changed":false,"_genesis_hide_title":false,"_genesis_hide_breadcrumbs":false,"_genesis_hide_singular_image":false,"_genesis_hide_footer_widgets":false,"_genesis_custom_body_class":"","_genesis_custom_post_class":"","_genesis_layout":"","footnotes":""},"class_list":{"0":"post-30","1":"page","2":"type-page","3":"status-publish","5":"entry"},"acf":[],"_links":{"self":[{"href":"https:\/\/www.amprintservice.com\/en\/wp-json\/wp\/v2\/pages\/30","targetHints":{"allow":["GET"]}}],"collection":[{"href":"https:\/\/www.amprintservice.com\/en\/wp-json\/wp\/v2\/pages"}],"about":[{"href":"https:\/\/www.amprintservice.com\/en\/wp-json\/wp\/v2\/types\/page"}],"author":[{"embeddable":true,"href":"https:\/\/www.amprintservice.com\/en\/wp-json\/wp\/v2\/users\/2"}],"replies":[{"embeddable":true,"href":"https:\/\/www.amprintservice.com\/en\/wp-json\/wp\/v2\/comments?post=30"}],"version-history":[{"count":163,"href":"https:\/\/www.amprintservice.com\/en\/wp-json\/wp\/v2\/pages\/30\/revisions"}],"predecessor-version":[{"id":1885,"href":"https:\/\/www.amprintservice.com\/en\/wp-json\/wp\/v2\/pages\/30\/revisions\/1885"}],"wp:attachment":[{"href":"https:\/\/www.amprintservice.com\/en\/wp-json\/wp\/v2\/media?parent=30"}],"curies":[{"name":"wp","href":"https:\/\/api.w.org\/{rel}","templated":true}]}}