{"id":2048,"date":"2026-01-20T13:39:08","date_gmt":"2026-01-20T12:39:08","guid":{"rendered":"https:\/\/www.amprintservice.com\/?page_id=2048"},"modified":"2026-01-20T13:39:09","modified_gmt":"2026-01-20T12:39:09","slug":"serietillverkning","status":"publish","type":"page","link":"https:\/\/www.amprintservice.com\/en\/serietillverkning\/","title":{"rendered":"Series production"},"content":{"rendered":"<h1>SERIES PRODUCTION<\/h1>\n<hr>\n<p>&nbsp;<\/p>\n<p>YOUR ONLINE PARTNER FOR 3D SERIES PRODUCTION<\/p>\n<p>&nbsp;<\/p>\n\t\t\t<a href=\"https:\/\/www.amprintservice.com\/en\/order\/\" target=\"_self\">\n\t\t\t\t\t\t\tOrder 3D printing\n\t\t\t\t\t<\/a>\n\t\t\t<a href=\"https:\/\/www.amprintservice.com\/en\/contact\/\" target=\"_self\">\n\t\t\t\t\t\t\tContact us\n\t\t\t\t\t<\/a>\n<h2>\n\t\t\tThe benefits of mass production with 3D printing\t<\/h2>\n\t<h3>No tool cost<\/h3>\n<p>Additive manufacturing eliminates the need for costly moulds and tools. It makes it economically viable to produce series from just a few parts up to several thousand. Perfect for both zero series, test production and full-scale series production.<\/p>\n<h3>Reduce storage costs<\/h3>\n<p>With print-on-demand production, you minimise capital tied up in stock. Produce parts when they are needed instead of stocking large volumes. This is especially valuable in today's economic climate where capital is more valuable than ever.<\/p>\n<h3>Short lead times<\/h3>\n<p>We deliver quickly thanks to our efficient production process. From order to finished product takes only days instead of weeks or months as traditional manufacturing methods require.<\/p>\n<h3>Flexible and customisable<\/h3>\n<p>Need to make design changes? With 3D printing, you can easily update your CAD file and get new parts without investing in new moulds. This allows for rapid product development and testing of different variants.<\/p>\n<h3>Complex geometries<\/h3>\n<p>3D-print m\u00f6jligg\u00f6r tillverkning av delar som skulle vara om\u00f6jliga eller mycket dyra att producera med traditionella metoder. Interna kanaler, gitterstrukturer och organiska former &#8211; ingen extra kostnad f\u00f6r komplexitet.<\/p>\n<h3>Sustainable production<\/h3>\n<p>Additive manufacturing uses only the material that is actually needed. You avoid surplus material and can produce exactly the volume you need, reducing waste and contributing to more sustainable production.<\/p>\n<h2>\n\t\t\tWhat is mass production with 3D printing?\t<\/h2>\n\t<p>Serietillverkning med additiv tillverkning inneb\u00e4r att du producerar flera identiska delar med hj\u00e4lp av 3D-print teknologi. Till skillnad fr\u00e5n traditionella tillverkningsmetoder som kr\u00e4ver dyra formar och verktyg kan vi med 3D-print g\u00e5 direkt fr\u00e5n digital CAD-modell till f\u00e4rdig produkt &#8211; oavsett om du beh\u00f6ver 10, 100 eller 10 000 delar.<\/p>\n\t\t\t\t<img decoding=\"async\" src=\"https:\/\/www.amprintservice.com\/wp-content\/uploads\/2025\/09\/3D-parts_on-demand-production-and-prototypes-scaled.webp\" alt=\"3D printed industrial parts. Example of production on demand\" itemprop=\"image\" height=\"1920\" width=\"2560\" title=\"3D parts_on demand production and prototypes\" onerror=\"this.style.display='none'\" loading=\"lazy\">\n<h2>\n\t\t\tWhen is mass production with 3D printing suitable?\t<\/h2>\n\t<p>Additive manufacturing batch production works well in a variety of situations:<\/p>\n<h3>Small to medium production runs (10-10 000+ parts)<\/h3>\n<p>When the volume is too large to be profitable as single prototypes but too small to justify injection moulding or tooling. This could be zero series, test markets or products with a limited life cycle.<\/p>\n<p>&nbsp;<\/p>\n<h3>Spare parts and aftermarket products<\/h3>\n<p>Produce spare parts on-demand instead of keeping them in stock. Ideal for products that are no longer manufactured or where demand is hard to predict. Digital warehousing saves both space and capital.<\/p>\n<p>&nbsp;<\/p>\n<h3>Rapid product launches<\/h3>\n<p>Get products to market faster. Go from prototype to production without waiting for tools. Test the market with smaller volumes before scaling up.<\/p>\n<p>&nbsp;<\/p>\n<h3>Mass customisation<\/h3>\n<p>When each part needs to be unique and you have high volumes. For example, when producing patient-specific medical devices, customised products or parts that need to fit unique configurations.<\/p>\n<h2>\n\t\t\tHow serialisation works with us\t<\/h2>\n<h3>Discuss your needs (for larger series)<\/h3>\n<p>For production series, we always recommend that you contact us. We can help you optimise the design for production, choose the right materials and process, and provide some volume discounts.<\/p>\n<p>&nbsp;<\/p>\n<h3>We produce your parts<\/h3>\n<p>Our experienced technicians prepare and supervise production. We ensure that each part meets your specifications and our quality requirements.<\/p>\n<p>&nbsp;<\/p>\n<h3>Quality control and delivery<\/h3>\n<p>All parts undergo quality control before delivery. We deliver to all of Sweden and Europe.<\/p>\n<p>&nbsp;<\/p>\n<p><strong>Want to discuss a larger series?<\/strong> Contact us and we will help you find the most cost-effective solution.<\/p>\n<p><a href=\"\/en\/contact\/\">Contact us for serial production<\/a><\/p>\n\t\t\t\t<img decoding=\"async\" src=\"https:\/\/www.amprintservice.com\/wp-content\/uploads\/2024\/12\/hp-3d-printed-robot-grippers.png\" alt=\"3D printing for robotic grippers\" itemprop=\"image\" height=\"1000\" width=\"1702\" title=\"hp-3d-printed-robot-grippers\" onerror=\"this.style.display='none'\" loading=\"lazy\">\n\t\t\t\t<img decoding=\"async\" src=\"https:\/\/www.amprintservice.com\/wp-content\/uploads\/2025\/02\/IMA-One-AM-Printserivce-scaled.jpg\" alt=\"AM Print Service at IMA One\" itemprop=\"image\" height=\"2219\" width=\"2560\" title=\"IMA One-AM Printserivce\" onerror=\"this.style.display='none'\" loading=\"lazy\">\n\t<h3>Contact us<\/h3>\n<p>Are you wondering how we can help you with your serial production? Contact us today and we can tell you more about our concept and how your business can benefit from our services.<\/p>\n<p><a id=\"contact-email\" href=\"mailto:info@amprintservice.com\">mailto:info@amprintservice.com<\/a><\/p>\n\t\n<div class=\"wpcf7 no-js\" id=\"wpcf7-f5-o1\" lang=\"sv-SE\" dir=\"ltr\" data-wpcf7-id=\"5\">\n<div class=\"screen-reader-response\"><p role=\"status\" aria-live=\"polite\" aria-atomic=\"true\"><\/p> <ul><\/ul><\/div>\n<form action=\"\/en\/wp-json\/wp\/v2\/pages\/2048#wpcf7-f5-o1\" method=\"post\" class=\"wpcf7-form init\" aria-label=\"Contact form\" novalidate=\"novalidate\" data-status=\"init\" data-trp-original-action=\"\/en\/wp-json\/wp\/v2\/pages\/2048#wpcf7-f5-o1\">\n<fieldset class=\"hidden-fields-container\"><input type=\"hidden\" name=\"_wpcf7\" value=\"5\" \/><input type=\"hidden\" name=\"_wpcf7_version\" value=\"6.1.5\" \/><input type=\"hidden\" name=\"_wpcf7_locale\" value=\"sv_SE\" \/><input type=\"hidden\" name=\"_wpcf7_unit_tag\" value=\"wpcf7-f5-o1\" \/><input type=\"hidden\" name=\"_wpcf7_container_post\" value=\"0\" \/><input type=\"hidden\" name=\"_wpcf7_posted_data_hash\" value=\"\" \/>\n<\/fieldset>\n<p><label> Name<br \/>\n<span class=\"wpcf7-form-control-wrap\" data-name=\"your-name\"><input size=\"40\" maxlength=\"400\" class=\"wpcf7-form-control wpcf7-text wpcf7-validates-as-required\" aria-required=\"true\" aria-invalid=\"false\" value=\"\" type=\"text\" name=\"your-name\" \/><\/span> <\/label>\n<\/p>\n<p><label> E-mail<br \/>\n<span class=\"wpcf7-form-control-wrap\" data-name=\"your-email\"><input size=\"40\" maxlength=\"400\" class=\"wpcf7-form-control wpcf7-email wpcf7-validates-as-required wpcf7-text wpcf7-validates-as-email\" aria-required=\"true\" aria-invalid=\"false\" value=\"\" type=\"email\" name=\"your-email\" \/><\/span> <\/label>\n<\/p>\n<p><label> Message<br \/>\n<span class=\"wpcf7-form-control-wrap\" data-name=\"your-message\"><textarea cols=\"40\" rows=\"10\" maxlength=\"2000\" class=\"wpcf7-form-control wpcf7-textarea wpcf7-validates-as-required\" aria-required=\"true\" aria-invalid=\"false\" name=\"your-message\"><\/textarea><\/span> <\/label>\n<\/p>\n<p><span class=\"wpcf7-form-control-wrap\" data-name=\"quiz-799\"><label><span class=\"wpcf7-quiz-label\">Are you a robot? How many letters are there in the word PRINT?<\/span> <input size=\"40\" class=\"wpcf7-form-control wpcf7-quiz\" autocomplete=\"off\" aria-required=\"true\" aria-invalid=\"false\" type=\"text\" name=\"quiz-799\" \/><\/label><input type=\"hidden\" name=\"_wpcf7_quiz_answer_quiz-799\" value=\"c3047008f9ff68ac5b81426e2bf8c630\" \/><\/span>\n<\/p>\n<p><input class=\"wpcf7-form-control wpcf7-submit has-spinner\" type=\"submit\" value=\"Send\" \/>\n<\/p><p style=\"display: none !important;\" class=\"akismet-fields-container\" data-prefix=\"_wpcf7_ak_\"><label>\u0394<textarea name=\"_wpcf7_ak_hp_textarea\" cols=\"45\" rows=\"8\" maxlength=\"100\"><\/textarea><\/label><input type=\"hidden\" id=\"ak_js_1\" name=\"_wpcf7_ak_js\" value=\"43\"\/><script>\ndocument.getElementById( \"ak_js_1\" ).setAttribute( \"value\", ( new Date() ).getTime() );\n<\/script>\n<\/p><div class=\"wpcf7-response-output\" aria-hidden=\"true\"><\/div>\n<input type=\"hidden\" name=\"trp-form-language\" value=\"en\"\/><\/form>\n<\/div>\n\n\n\n\n<p><\/p>","protected":false},"excerpt":{"rendered":"<p>SERIETILLVERKNING &nbsp; DIN PARTNER ONLINE F\u00d6R SERIETILLVERKNING I 3D &nbsp; Best\u00e4ll 3D-utskrift Kontakta oss F\u00f6rdelarna med serietillverkning med 3D-print Ingen verktygskostnad Med additiv tillverkning slipper du kostsamma formar och verktyg. Det g\u00f6r det ekonomiskt l\u00f6nsamt att producera serier fr\u00e5n bara n\u00e5gra f\u00e5 delar upp till flera tusen. Perfekt f\u00f6r b\u00e5de nollserier, testproduktion och fullskalig serietillverkning. [&hellip;]<\/p>\n","protected":false},"author":7,"featured_media":0,"parent":0,"menu_order":0,"comment_status":"closed","ping_status":"closed","template":"page-templates\/template-pagebuilder.php","meta":{"_acf_changed":false,"_genesis_hide_title":false,"_genesis_hide_breadcrumbs":false,"_genesis_hide_singular_image":false,"_genesis_hide_footer_widgets":false,"_genesis_custom_body_class":"","_genesis_custom_post_class":"","_genesis_layout":"","footnotes":""},"class_list":{"0":"post-2048","1":"page","2":"type-page","3":"status-publish","5":"entry"},"acf":[],"_links":{"self":[{"href":"https:\/\/www.amprintservice.com\/en\/wp-json\/wp\/v2\/pages\/2048","targetHints":{"allow":["GET"]}}],"collection":[{"href":"https:\/\/www.amprintservice.com\/en\/wp-json\/wp\/v2\/pages"}],"about":[{"href":"https:\/\/www.amprintservice.com\/en\/wp-json\/wp\/v2\/types\/page"}],"author":[{"embeddable":true,"href":"https:\/\/www.amprintservice.com\/en\/wp-json\/wp\/v2\/users\/7"}],"replies":[{"embeddable":true,"href":"https:\/\/www.amprintservice.com\/en\/wp-json\/wp\/v2\/comments?post=2048"}],"version-history":[{"count":3,"href":"https:\/\/www.amprintservice.com\/en\/wp-json\/wp\/v2\/pages\/2048\/revisions"}],"predecessor-version":[{"id":2069,"href":"https:\/\/www.amprintservice.com\/en\/wp-json\/wp\/v2\/pages\/2048\/revisions\/2069"}],"wp:attachment":[{"href":"https:\/\/www.amprintservice.com\/en\/wp-json\/wp\/v2\/media?parent=2048"}],"curies":[{"name":"wp","href":"https:\/\/api.w.org\/{rel}","templated":true}]}}