{"id":1509,"date":"2025-05-06T15:09:20","date_gmt":"2025-05-06T13:09:20","guid":{"rendered":"https:\/\/www.amprintservice.com\/?page_id=1509"},"modified":"2025-11-20T15:44:03","modified_gmt":"2025-11-20T14:44:03","slug":"3d-printing-in-abs-plastic","status":"publish","type":"page","link":"https:\/\/www.amprintservice.com\/en\/3d-utskrift-i-abs-plast\/","title":{"rendered":"3D printing in ABS plastic"},"content":{"rendered":"<h1>3D PRINTING IN ABS PLASTIC<\/h1>\n<hr \/>\n<p>&nbsp;<\/p>\n<p>YOUR ONLINE PARTNER FOR 3D PROTOTYPES &amp; PRODUCTION<\/p>\n<p>&nbsp;<\/p>\n\t\t\t<a href=\"https:\/\/www.amprintservice.com\/en\/order\/\" target=\"_self\">\n\t\t\t\t\t\t\tOrder 3D printing\n\t\t\t\t\t<\/a>\n\t\t\t<a href=\"https:\/\/www.amprintservice.com\/en\/contact\/\" target=\"_self\">\n\t\t\t\t\t\t\tContact us\n\t\t\t\t\t<\/a>\n\t<h2 aria-level=\"3\">For small and medium-sized series<\/h2>\n<p>ABS plastic (Acrylonitrile Butadiene Styrene) is a widely used thermoplastic in industry. With its combination of impact resistance, thermal stability and processability, it is a natural choice for technical applications where function and durability are required.\u00a0\u00a0<\/p>\n<p>Genom avancerad 3D-utskriftsteknik baserad p\u00e5 STEP\u2122-processen (Selective Thermoplastic Electrophotographic Process) erbjuder vi m\u00f6jligheten att tillverka funktionella komponenter i ABS material &#8211; utan att kompromissa med precision eller kvalitet.\u00a0\u00a0<\/p>\n<h3>Advantages of 3D printing in ABS plastic<\/h3>\n<p>For companies working with smaller series or prototyping, 3D printing in ABS offers a flexible and cost-effective solution. Unlike traditional injection molding, no expensive tooling or mold manufacturing is required, reducing both start-up costs and lead times.\u00a0\u00a0<\/p>\n<p>Additionally, 3D printing in ABS is perfect for creating prototypes due to its strength and machinability. Our method allows for the production of from a few hundred up to several thousand units with consistent quality, which gives greater freedom to adjust designs and launch products faster.\u00a0<\/p>\n\t\t\t<a href=\"https:\/\/www.amprintservice.com\/wp-content\/uploads\/2025\/05\/Datablad-ABS.pdf\" target=\"_self\">\n\t\t\t\t\t\tData sheet ABS material\n\t\t\t\t\t<\/a>\n\t\n<div class=\"wpcf7 no-js\" id=\"wpcf7-f5-o1\" lang=\"sv-SE\" dir=\"ltr\" data-wpcf7-id=\"5\">\n<div class=\"screen-reader-response\"><p role=\"status\" aria-live=\"polite\" aria-atomic=\"true\"><\/p> <ul><\/ul><\/div>\n<form action=\"\/en\/wp-json\/wp\/v2\/pages\/1509#wpcf7-f5-o1\" method=\"post\" class=\"wpcf7-form init\" aria-label=\"Contact form\" novalidate=\"novalidate\" data-status=\"init\" data-trp-original-action=\"\/en\/wp-json\/wp\/v2\/pages\/1509#wpcf7-f5-o1\">\n<fieldset class=\"hidden-fields-container\"><input type=\"hidden\" name=\"_wpcf7\" value=\"5\" \/><input type=\"hidden\" name=\"_wpcf7_version\" value=\"6.1.5\" \/><input type=\"hidden\" name=\"_wpcf7_locale\" value=\"sv_SE\" \/><input type=\"hidden\" name=\"_wpcf7_unit_tag\" value=\"wpcf7-f5-o1\" \/><input type=\"hidden\" name=\"_wpcf7_container_post\" value=\"0\" \/><input type=\"hidden\" name=\"_wpcf7_posted_data_hash\" value=\"\" \/>\n<\/fieldset>\n<p><label> Name<br \/>\n<span class=\"wpcf7-form-control-wrap\" data-name=\"your-name\"><input size=\"40\" maxlength=\"400\" class=\"wpcf7-form-control wpcf7-text wpcf7-validates-as-required\" aria-required=\"true\" aria-invalid=\"false\" value=\"\" type=\"text\" name=\"your-name\" \/><\/span> <\/label>\n<\/p>\n<p><label> E-mail<br \/>\n<span class=\"wpcf7-form-control-wrap\" data-name=\"your-email\"><input size=\"40\" maxlength=\"400\" class=\"wpcf7-form-control wpcf7-email wpcf7-validates-as-required wpcf7-text wpcf7-validates-as-email\" aria-required=\"true\" aria-invalid=\"false\" value=\"\" type=\"email\" name=\"your-email\" \/><\/span> <\/label>\n<\/p>\n<p><label> Message<br \/>\n<span class=\"wpcf7-form-control-wrap\" data-name=\"your-message\"><textarea cols=\"40\" rows=\"10\" maxlength=\"2000\" class=\"wpcf7-form-control wpcf7-textarea wpcf7-validates-as-required\" aria-required=\"true\" aria-invalid=\"false\" name=\"your-message\"><\/textarea><\/span> <\/label>\n<\/p>\n<p><span class=\"wpcf7-form-control-wrap\" data-name=\"quiz-799\"><label><span class=\"wpcf7-quiz-label\">Are you a robot? How many letters are there in the word PRINT?<\/span> <input size=\"40\" class=\"wpcf7-form-control wpcf7-quiz\" autocomplete=\"off\" aria-required=\"true\" aria-invalid=\"false\" type=\"text\" name=\"quiz-799\" \/><\/label><input type=\"hidden\" name=\"_wpcf7_quiz_answer_quiz-799\" value=\"c3047008f9ff68ac5b81426e2bf8c630\" \/><\/span>\n<\/p>\n<p><input class=\"wpcf7-form-control wpcf7-submit has-spinner\" type=\"submit\" value=\"Send\" \/>\n<\/p><p style=\"display: none !important;\" class=\"akismet-fields-container\" data-prefix=\"_wpcf7_ak_\"><label>\u0394<textarea name=\"_wpcf7_ak_hp_textarea\" cols=\"45\" rows=\"8\" maxlength=\"100\"><\/textarea><\/label><input type=\"hidden\" id=\"ak_js_1\" name=\"_wpcf7_ak_js\" value=\"147\"\/><script>\ndocument.getElementById( \"ak_js_1\" ).setAttribute( \"value\", ( new Date() ).getTime() );\n<\/script>\n<\/p><div class=\"wpcf7-response-output\" aria-hidden=\"true\"><\/div>\n<input type=\"hidden\" name=\"trp-form-language\" value=\"en\"\/><\/form>\n<\/div>\n\n\t\t\t\t<img decoding=\"async\" src=\"https:\/\/www.amprintservice.com\/wp-content\/uploads\/2025\/05\/Evolve-pap2.jpg\" alt=\"Step technology, printed parts\" itemprop=\"image\" height=\"350\" width=\"350\" title=\"Evolve-pap2\" onerror=\"this.style.display='none'\" loading=\"lazy\" \/>\n\t\t\t<a href=\"https:\/\/www.amprintservice.com\/en\/order\/\" target=\"_self\">\n\t\t\t\t\t\t\tOrder 3D printing\n\t\t\t\t\t<\/a>\n\t\t\t<a href=\"https:\/\/www.amprintservice.com\/en\/contact\/\" target=\"_self\">\n\t\t\t\t\t\t\tContact us\n\t\t\t\t\t<\/a>\n\t<h3 aria-level=\"2\">ABS plastic as an alternative to injection molding<\/h3>\n<p>N\u00e4r krav finns p\u00e5 snabbhet, flexibilitet eller mindre volymer \u00e4r 3D-utskrift ett effektivt alternativ till formsprutning. Framf\u00f6r allt vid serier i spannet 100-5 000 enheter kan det vara en mer kostnadsmedveten metod &#8211; s\u00e4rskilt d\u00e4r produktutveckling sker iterativt.\u00a0\u00a0<\/p>\n<p>With our process, you get components that match the functional performance of injection molded parts, but at a lower investment and with shorter lead times.\u00a0\u00a0<\/p>\n<h3>ABS material: properties<\/h3>\n<p>ABS is an amorphous thermoplastic with properties that are well suited for technical applications:caper\u00a0\u00a0<\/p>\n<ul>\n<li>Slag- och v\u00e4rmet\u00e5lighet &#8211; Klarar av b\u00e5de fysiska p\u00e5frestningar och temperaturvariationer.\u00a0\u00a0<\/li>\n<li>Kemikalieresistens &#8211; L\u00e4mplig f\u00f6r milj\u00f6er d\u00e4r kontakt med oljor, fetter eller l\u00f6sningsmedel f\u00f6rekommer.\u00a0\u00a0<\/li>\n<li>Bearbetning &#8211; L\u00e4tt att efterbearbeta, limma och ytbehandla.\u00a0\u00a0<\/li>\n<li>Stable balance between mechanical strength and design flexibility\u00a0<\/li>\n<\/ul>\n\t<h3 aria-level=\"2\">ABS with STEP\u2122 technology \u00a0<\/h3>\n<p><a href=\"https:\/\/www.amprintservice.com\/en\/3d-printing-with-step-technology\/\">STEP\u2122-tekniken<\/a> m\u00f6jligg\u00f6r 3D-utskrift med h\u00f6g detaljrikedom och repeterbarhet. Med Evolve SVP\u2122-systemet arbetar vi med ett lagerdjup p\u00e5 20-25 mikroner, vilket ger en fin ytfinish och exakt dimensionskontroll. Det ABS material vi anv\u00e4nder omvandlas till toner, vilket minimerar materialspill och f\u00f6rb\u00e4ttrar processens milj\u00f6profil.\u00a0\u00a0<\/p>\n<p>Detta tillv\u00e4gag\u00e5ngss\u00e4tt g\u00f6r det m\u00f6jligt att leverera serier av tekniska delar med h\u00f6ga krav p\u00e5 form, funktion och finish &#8211; utan kompromisser.\u00a0\u00a0<\/p>\n<h3 aria-level=\"2\">Benefits of ABS and STEP\u2122 \u00a0<\/h3>\n<ul>\n<li>Effektiv produktion &#8211; ingen verktygskostnad, snabb start\u00a0\u00a0<\/li>\n<li>Flexibel volym &#8211; fr\u00e5n prototyp till mindre serier\u00a0\u00a0<\/li>\n<li>Materialprestanda &#8211; ABS material med h\u00f6g h\u00e5llbarhet och temperaturt\u00e5lighet\u00a0\u00a0<\/li>\n<li>Detaljrikedom &#8211; fin ytfinish och noggrann geometri\u00a0\u00a0<\/li>\n<li>H\u00e5llbart &#8211; minimalt materialavfall\u00a0\u00a0<\/li>\n<\/ul>\n\t\t\t\t<img decoding=\"async\" src=\"https:\/\/www.amprintservice.com\/wp-content\/uploads\/2025\/03\/ABS-scaled.jpg\" alt=\"3d printing with ABS\" itemprop=\"image\" height=\"1920\" width=\"2560\" title=\"ABS\" onerror=\"this.style.display='none'\" loading=\"lazy\" \/>\n\t\t\t<a href=\"https:\/\/www.amprintservice.com\/en\/3d-printing-with-step-technology\/\" target=\"_self\">\n\t\t\t\t\t\t\tRead more about STEP\u2122 technology here\n\t\t\t\t\t<\/a>\n\t\t\t<a href=\"https:\/\/www.amprintservice.com\/en\/order\/\" target=\"_self\">\n\t\t\t\t\t\t\tOrder 3D printing\n\t\t\t\t\t<\/a>\n\t\t\t<a href=\"https:\/\/www.amprintservice.com\/en\/contact\/\" target=\"_self\">\n\t\t\t\t\t\t\tContact us\n\t\t\t\t\t<\/a>\n<h2>\n\t\t\tContact us\t<\/h2>\n\t\n<div class=\"wpcf7 no-js\" id=\"wpcf7-f5-o2\" lang=\"sv-SE\" dir=\"ltr\" data-wpcf7-id=\"5\">\n<div class=\"screen-reader-response\"><p role=\"status\" aria-live=\"polite\" aria-atomic=\"true\"><\/p> <ul><\/ul><\/div>\n<form action=\"\/en\/wp-json\/wp\/v2\/pages\/1509#wpcf7-f5-o2\" method=\"post\" class=\"wpcf7-form init\" aria-label=\"Contact form\" novalidate=\"novalidate\" data-status=\"init\" data-trp-original-action=\"\/en\/wp-json\/wp\/v2\/pages\/1509#wpcf7-f5-o2\">\n<fieldset class=\"hidden-fields-container\"><input type=\"hidden\" name=\"_wpcf7\" value=\"5\" \/><input type=\"hidden\" name=\"_wpcf7_version\" value=\"6.1.5\" \/><input type=\"hidden\" name=\"_wpcf7_locale\" value=\"sv_SE\" \/><input type=\"hidden\" name=\"_wpcf7_unit_tag\" value=\"wpcf7-f5-o2\" \/><input type=\"hidden\" name=\"_wpcf7_container_post\" value=\"0\" \/><input type=\"hidden\" name=\"_wpcf7_posted_data_hash\" value=\"\" \/>\n<\/fieldset>\n<p><label> Name<br \/>\n<span class=\"wpcf7-form-control-wrap\" data-name=\"your-name\"><input size=\"40\" maxlength=\"400\" class=\"wpcf7-form-control wpcf7-text wpcf7-validates-as-required\" aria-required=\"true\" aria-invalid=\"false\" value=\"\" type=\"text\" name=\"your-name\" \/><\/span> <\/label>\n<\/p>\n<p><label> E-mail<br \/>\n<span class=\"wpcf7-form-control-wrap\" data-name=\"your-email\"><input size=\"40\" maxlength=\"400\" class=\"wpcf7-form-control wpcf7-email wpcf7-validates-as-required wpcf7-text wpcf7-validates-as-email\" aria-required=\"true\" aria-invalid=\"false\" value=\"\" type=\"email\" name=\"your-email\" \/><\/span> <\/label>\n<\/p>\n<p><label> Message<br \/>\n<span class=\"wpcf7-form-control-wrap\" data-name=\"your-message\"><textarea cols=\"40\" rows=\"10\" maxlength=\"2000\" class=\"wpcf7-form-control wpcf7-textarea wpcf7-validates-as-required\" aria-required=\"true\" aria-invalid=\"false\" name=\"your-message\"><\/textarea><\/span> <\/label>\n<\/p>\n<p><span class=\"wpcf7-form-control-wrap\" data-name=\"quiz-799\"><label><span class=\"wpcf7-quiz-label\">Are you a robot? How many letters are there in the word PRINT?<\/span> <input size=\"40\" class=\"wpcf7-form-control wpcf7-quiz\" autocomplete=\"off\" aria-required=\"true\" aria-invalid=\"false\" type=\"text\" name=\"quiz-799\" \/><\/label><input type=\"hidden\" name=\"_wpcf7_quiz_answer_quiz-799\" value=\"c3047008f9ff68ac5b81426e2bf8c630\" \/><\/span>\n<\/p>\n<p><input class=\"wpcf7-form-control wpcf7-submit has-spinner\" type=\"submit\" value=\"Send\" \/>\n<\/p><p style=\"display: none !important;\" class=\"akismet-fields-container\" data-prefix=\"_wpcf7_ak_\"><label>\u0394<textarea name=\"_wpcf7_ak_hp_textarea\" cols=\"45\" rows=\"8\" maxlength=\"100\"><\/textarea><\/label><input type=\"hidden\" id=\"ak_js_2\" name=\"_wpcf7_ak_js\" value=\"78\"\/><script>\ndocument.getElementById( \"ak_js_2\" ).setAttribute( \"value\", ( new Date() ).getTime() );\n<\/script>\n<\/p><div class=\"wpcf7-response-output\" aria-hidden=\"true\"><\/div>\n<input type=\"hidden\" name=\"trp-form-language\" value=\"en\"\/><\/form>\n<\/div>\n\n\t<h3 aria-level=\"2\">Want to know more about 3D printing in ABS?\u00a0\u00a0<\/h3>\n<p>We help you evaluate whether 3D printing with ABS plastic is the right solution for your project. Whether you are developing a new product, need functional prototypes, or need to manufacture technical components in smaller volumes, our technology offers an effective alternative to traditional production.\u00a0\u00a0<\/p>\n<p>Kontakta oss g\u00e4rna f\u00f6r att diskutera dina behov &#8211; vi ber\u00e4ttar g\u00e4rna mer om hur v\u00e5r 3D-utskrift i termoplast kan bidra till att f\u00f6rkorta utvecklingstiden och \u00f6ka produktv\u00e4rdet.\u00a0 \u00a0<\/p>\n<p><a id=\"contact-email\" href=\"mailto:info@amprintservice.com\">mailto:info@amprintservice.com<\/a><\/p>\n<h4>Read our articles about ABS plastic:<\/h4>\n<p><a href=\"https:\/\/www.amprintservice.com\/en\/3d-printing-with-abs-an-alternative-to-injection-molding\/\">3D-prining med ABS &#8211; ett alternativ till formsprutning<\/a><\/p>\n<p><a href=\"https:\/\/www.amprintservice.com\/en\/3d-printing-with-abs-injection-mold-quality\/\">3D printing with injection-molded ABS<\/a><\/p>\n    \t<a style=\"text-decoration: none;\" href=\"https:\/\/www.instagram.com\/amprintservice\/\" target=\"_blank\" rel=\"noopener\">\n\t\t<img decoding=\"async\" style=\"width: 50px; height: auto;\" src=\"https:\/\/www.amprintservice.com\/wp-content\/themes\/amprintservice\/images\/instagram.svg\">\n\t<\/a>\n\t\n    \t<a style=\"text-decoration: none;\" href=\"https:\/\/www.linkedin.com\/company\/amprintservice\/\" target=\"_blank\" rel=\"noopener\">\n\t\t<img decoding=\"async\" style=\"width: 50px; height: auto;\" src=\"https:\/\/www.amprintservice.com\/wp-content\/themes\/amprintservice\/images\/linkedin.svg\">\n\t<\/a>\n\t\n\t<h3>AT THE PRINT SERVICE<\/h3>\n<hr \/>\n<p>&nbsp;<\/p>\n<p><strong>Contact us<\/strong><\/p>\n\t\t\t<a href=\"https:\/\/www.amprintservice.com\/en\/order\/\" target=\"_self\">\n\t\t\t\t\t\t\tOrder 3D-print\n\t\t\t\t\t<\/a>","protected":false},"excerpt":{"rendered":"<p>3D-UTSKRIFT I ABS PLAST &nbsp; DIN PARTNER ONLINE F\u00d6R PROTOTYPER &amp; PRODUKTION I 3D &nbsp; Best\u00e4ll 3D-utskrift Kontakta oss F\u00f6r sm\u00e5 och medelstora serier ABS plast (Acrylonitrile Butadiene Styrene) \u00e4r en v\u00e4lanv\u00e4nd termoplast inom industrin. Med sin kombination av slagt\u00e5lighet, termisk stabilitet och bearbetbarhet \u00e4r det ett naturligt val f\u00f6r tekniska applikationer d\u00e4r funktion och [&hellip;]<\/p>\n","protected":false},"author":10,"featured_media":209,"parent":0,"menu_order":0,"comment_status":"closed","ping_status":"closed","template":"page-templates\/template-pagebuilder.php","meta":{"_acf_changed":false,"_genesis_hide_title":false,"_genesis_hide_breadcrumbs":false,"_genesis_hide_singular_image":false,"_genesis_hide_footer_widgets":false,"_genesis_custom_body_class":"","_genesis_custom_post_class":"","_genesis_layout":"","footnotes":""},"class_list":{"0":"post-1509","1":"page","2":"type-page","3":"status-publish","4":"has-post-thumbnail","6":"entry"},"acf":[],"_links":{"self":[{"href":"https:\/\/www.amprintservice.com\/en\/wp-json\/wp\/v2\/pages\/1509","targetHints":{"allow":["GET"]}}],"collection":[{"href":"https:\/\/www.amprintservice.com\/en\/wp-json\/wp\/v2\/pages"}],"about":[{"href":"https:\/\/www.amprintservice.com\/en\/wp-json\/wp\/v2\/types\/page"}],"author":[{"embeddable":true,"href":"https:\/\/www.amprintservice.com\/en\/wp-json\/wp\/v2\/users\/10"}],"replies":[{"embeddable":true,"href":"https:\/\/www.amprintservice.com\/en\/wp-json\/wp\/v2\/comments?post=1509"}],"version-history":[{"count":18,"href":"https:\/\/www.amprintservice.com\/en\/wp-json\/wp\/v2\/pages\/1509\/revisions"}],"predecessor-version":[{"id":1855,"href":"https:\/\/www.amprintservice.com\/en\/wp-json\/wp\/v2\/pages\/1509\/revisions\/1855"}],"wp:featuredmedia":[{"embeddable":true,"href":"https:\/\/www.amprintservice.com\/en\/wp-json\/wp\/v2\/media\/209"}],"wp:attachment":[{"href":"https:\/\/www.amprintservice.com\/en\/wp-json\/wp\/v2\/media?parent=1509"}],"curies":[{"name":"wp","href":"https:\/\/api.w.org\/{rel}","templated":true}]}}