{"id":1497,"date":"2025-05-06T11:39:42","date_gmt":"2025-05-06T09:39:42","guid":{"rendered":"https:\/\/www.amprintservice.com\/?page_id=1497"},"modified":"2025-11-20T15:42:43","modified_gmt":"2025-11-20T14:42:43","slug":"3d-printing-with-step-technology","status":"publish","type":"page","link":"https:\/\/www.amprintservice.com\/en\/3d-utskrift-med-step-teknologi\/","title":{"rendered":"3D Printing with STEP\u2122 technology"},"content":{"rendered":"\n\n\t<h1>3D-UTSKRIFT MED STEP\u2122 TEKNOLOGI<\/h1>\n<hr \/>\n<p>&nbsp;<\/p>\n<p>DIN PARTNER ONLINE F\u00d6R PROTOTYPER &amp; PRODUKTION I 3D<\/p>\n<p>&nbsp;<\/p>\n\t\t\t<a href=\"https:\/\/www.amprintservice.com\/order\/\" target=\"_self\">\n\t\t\t\t\t\t\tBest\u00e4ll 3D-utskrift\n\t\t\t\t\t<\/a>\n\t\t\t<a href=\"https:\/\/www.amprintservice.com\/contact\/\" target=\"_self\">\n\t\t\t\t\t\t\tKontakta oss\n\t\t\t\t\t<\/a>\n<h2>\n\t\t\tEn modern l\u00f6sning f\u00f6r 3D produktion\t<\/h2>\n\t<p>STEP\u2122 (Selective Thermoplastic Electrophotographic Process) \u00e4r en banbrytande teknologi fr\u00e5n Evolve Additive Solutions som kombinerar styrkan fr\u00e5n traditionell formsprutning med flexibiliteten hos 3D-printing. Tekniken \u00e4r s\u00e4rskilt utvecklad f\u00f6r att m\u00f6ta industrins krav p\u00e5 h\u00f6g precision, repeterbar kvalitet och kostnadseffektiv volymproduktion &#8211; utan att beh\u00f6va investera i formar.\u00a0<\/p>\n<p>Med STEP\u2122 \u00e4r det m\u00f6jligt att tillverka massiva plastkomponenter med densitet, styrka och ytkvalitet som motsvarar formsprutade delar, samtidigt som tekniken m\u00f6jligg\u00f6r snabba cykler, komplex geometri och automatiserad drift.\u00a0<\/p>\n<h2>\n\t\t\tHur fungerar STEP\u2122? \t<\/h2>\n         <img decoding=\"async\" src=\"https:\/\/www.amprintservice.com\/wp-content\/uploads\/2025\/05\/Imaging.png\" alt=\"\" loading=\"lazy\"\/><h3>Imaging<\/h3>      \n         <img decoding=\"async\" src=\"https:\/\/www.amprintservice.com\/wp-content\/uploads\/2025\/05\/Alignment.png\" alt=\"\" loading=\"lazy\"\/><h3>Alignment<\/h3>      \n         <img decoding=\"async\" src=\"https:\/\/www.amprintservice.com\/wp-content\/uploads\/2025\/05\/Fusing.png\" alt=\"\" loading=\"lazy\"\/><h3>Fusing<\/h3>      \n         <img decoding=\"async\" src=\"https:\/\/www.amprintservice.com\/wp-content\/uploads\/2025\/05\/small_parts.jpg\" alt=\"\" loading=\"lazy\"\/><h3>STEP\u2122<\/h3>      \n         <img decoding=\"async\" src=\"https:\/\/www.amprintservice.com\/wp-content\/uploads\/2025\/05\/Evolve-pap2.jpg\" alt=\"\" loading=\"lazy\"\/><h3>Exemplar<\/h3>      \n\t<p>STEP\u2122-teknologin bygger p\u00e5 tre centrala steg som\u00a0ger kontroll och repeterbarhet i varje lager:\u00a0<\/p>\n<ul>\n<li data-leveltext=\"\uf0b7\" data-font=\"Symbol\" data-listid=\"8\" data-list-defn-props=\"{&quot;335552541&quot;:1,&quot;335559683&quot;:0,&quot;335559684&quot;:-2,&quot;335559685&quot;:720,&quot;335559991&quot;:360,&quot;469769226&quot;:&quot;Symbol&quot;,&quot;469769242&quot;:[8226],&quot;469777803&quot;:&quot;left&quot;,&quot;469777804&quot;:&quot;\uf0b7&quot;,&quot;469777815&quot;:&quot;hybridMultilevel&quot;}\" aria-setsize=\"-1\" data-aria-posinset=\"1\" data-aria-level=\"1\"><b>Imaging<\/b>: En 2D-elektrofotografisk utskriftsmotor (baserad p\u00e5 Kodak NexPress\u2122) \u00f6verf\u00f6r exakt m\u00e4ngd termoplastiskt pulver p\u00e5 en bildtrumma med uppl\u00f6sning upp till 600 dpi. Lagerh\u00f6jden kan vara s\u00e5 l\u00e5g som 13 mikrometer &#8211; vilket ger en sl\u00e4t finish och fin detaljering redan fr\u00e5n maskinen.<\/li>\n<li data-leveltext=\"\uf0b7\" data-font=\"Symbol\" data-listid=\"8\" data-list-defn-props=\"{&quot;335552541&quot;:1,&quot;335559683&quot;:0,&quot;335559684&quot;:-2,&quot;335559685&quot;:720,&quot;335559991&quot;:360,&quot;469769226&quot;:&quot;Symbol&quot;,&quot;469769242&quot;:[8226],&quot;469777803&quot;:&quot;left&quot;,&quot;469777804&quot;:&quot;\uf0b7&quot;,&quot;469777815&quot;:&quot;hybridMultilevel&quot;}\" aria-setsize=\"-1\" data-aria-posinset=\"1\" data-aria-level=\"1\"><b>Alignment<\/b>: Ett optiskt system justerar varje nytt lager exakt i f\u00f6rh\u00e5llande till det f\u00f6reg\u00e5ende, vilket s\u00e4kerst\u00e4ller h\u00f6g strukturell integritet.\u00a0<\/li>\n<li data-leveltext=\"\uf0b7\" data-font=\"Symbol\" data-listid=\"8\" data-list-defn-props=\"{&quot;335552541&quot;:1,&quot;335559683&quot;:0,&quot;335559684&quot;:-2,&quot;335559685&quot;:720,&quot;335559991&quot;:360,&quot;469769226&quot;:&quot;Symbol&quot;,&quot;469769242&quot;:[8226],&quot;469777803&quot;:&quot;left&quot;,&quot;469777804&quot;:&quot;\uf0b7&quot;,&quot;469777815&quot;:&quot;hybridMultilevel&quot;}\" aria-setsize=\"-1\" data-aria-posinset=\"3\" data-aria-level=\"1\"><b>Fusing<\/b>: Med hj\u00e4lp av v\u00e4rme och tryck sm\u00e4lts lagren samman till en t\u00e4t och h\u00e5llbar komponent. Resultatet blir starka, massiva delar med h\u00f6g m\u00e5ttnoggrannhet.\u00a0<\/li>\n<\/ul>\n<h3>Integration i Industri 4.0-milj\u00f6\u00a0<\/h3>\n<p>STEP\u2122 \u00e4r redo f\u00f6r modern industriell integration. Med st\u00f6d f\u00f6r digitala arbetsfl\u00f6den och avancerad maskinkommunikation passar teknologin v\u00e4l in i uppkopplade produktionsmilj\u00f6er enligt principerna f\u00f6r Industri 4.0. Utrustningen \u00e4r framtidss\u00e4krad, b\u00e5de fr\u00e5n h\u00e5rdvaru- och mjukvarusida.\u00a0<\/p>\n\t<h3>F\u00f6rdelar med STEP\u2122<\/h3>\n<p>STEP\u2122 erbjuder en rad unika f\u00f6rdelar f\u00f6r additiv tillverkning:\u00a0<\/p>\n<ul>\n<li>Fina detaljer utan efterbearbetning\u00a0<\/li>\n<li>Repeterbar kvalitet mellan utskrifter\u00a0<\/li>\n<li>Snabba cykeltider vid serietillverkning\u00a0<\/li>\n<li>Kompatibilitet med vanliga tekniska plaster, som ABS och andra termoplaster\u00a0<\/li>\n<li>M\u00f6jlighet till automatiserad materialhantering<\/li>\n<li>F\u00f6ruts\u00e4gbara kostnader &#8211; ingen verktygsinvestering kr\u00e4vs\u00a0<\/li>\n<\/ul>\n\t\t\t<a href=\"https:\/\/www.amprintservice.com\/wp-content\/uploads\/2025\/05\/STEP-technology-specification.pdf\" target=\"_self\">\n\t\t\t\t\t\t\tL\u00e4s mer om STEP\u2122 teknologi h\u00e4r\n\t\t\t\t\t<\/a>\n<h2>\n\t\t\tKontakta oss\t<\/h2>\n\t\n<div class=\"wpcf7 no-js\" id=\"wpcf7-f5-o1\" lang=\"sv-SE\" dir=\"ltr\" data-wpcf7-id=\"5\">\n<div class=\"screen-reader-response\"><p role=\"status\" aria-live=\"polite\" aria-atomic=\"true\"><\/p> <ul><\/ul><\/div>\n<form action=\"\/en\/wp-json\/wp\/v2\/pages\/1497#wpcf7-f5-o1\" method=\"post\" class=\"wpcf7-form init\" aria-label=\"Kontaktformul\u00e4r\" novalidate=\"novalidate\" data-status=\"init\">\n<fieldset class=\"hidden-fields-container\"><input type=\"hidden\" name=\"_wpcf7\" value=\"5\" \/><input type=\"hidden\" name=\"_wpcf7_version\" value=\"6.1.6\" \/><input type=\"hidden\" name=\"_wpcf7_locale\" value=\"sv_SE\" \/><input type=\"hidden\" name=\"_wpcf7_unit_tag\" value=\"wpcf7-f5-o1\" \/><input type=\"hidden\" name=\"_wpcf7_container_post\" value=\"0\" \/><input type=\"hidden\" name=\"_wpcf7_posted_data_hash\" value=\"\" \/>\n<\/fieldset>\n<p><label> Namn<br \/>\n<span class=\"wpcf7-form-control-wrap\" data-name=\"your-name\"><input size=\"40\" maxlength=\"400\" class=\"wpcf7-form-control wpcf7-text wpcf7-validates-as-required\" aria-required=\"true\" aria-invalid=\"false\" value=\"\" type=\"text\" name=\"your-name\" \/><\/span> <\/label>\n<\/p>\n<p><label> E-post<br \/>\n<span class=\"wpcf7-form-control-wrap\" data-name=\"your-email\"><input size=\"40\" maxlength=\"400\" class=\"wpcf7-form-control wpcf7-email wpcf7-validates-as-required wpcf7-text wpcf7-validates-as-email\" aria-required=\"true\" aria-invalid=\"false\" value=\"\" type=\"email\" name=\"your-email\" \/><\/span> <\/label>\n<\/p>\n<p><label> Meddelande<br \/>\n<span class=\"wpcf7-form-control-wrap\" data-name=\"your-message\"><textarea cols=\"40\" rows=\"10\" maxlength=\"2000\" class=\"wpcf7-form-control wpcf7-textarea wpcf7-validates-as-required\" aria-required=\"true\" aria-invalid=\"false\" name=\"your-message\"><\/textarea><\/span> <\/label>\n<\/p>\n<p><span class=\"wpcf7-form-control-wrap\" data-name=\"quiz-799\"><label><span class=\"wpcf7-quiz-label\">\u00c4r du en robot? Hur m\u00e5nga bokst\u00e4ver finns det i ordet PRINT ?<\/span> <input size=\"40\" class=\"wpcf7-form-control wpcf7-quiz\" autocomplete=\"off\" aria-required=\"true\" aria-invalid=\"false\" type=\"text\" name=\"quiz-799\" \/><\/label><input type=\"hidden\" name=\"_wpcf7_quiz_answer_quiz-799\" value=\"c3047008f9ff68ac5b81426e2bf8c630\" \/><\/span>\n<\/p>\n<p><input class=\"wpcf7-form-control wpcf7-submit has-spinner\" type=\"submit\" value=\"Skicka\" \/>\n<\/p><p style=\"display: none !important;\" class=\"akismet-fields-container\" data-prefix=\"_wpcf7_ak_\"><label>&#916;<textarea name=\"_wpcf7_ak_hp_textarea\" cols=\"45\" rows=\"8\" maxlength=\"100\"><\/textarea><\/label><input type=\"hidden\" id=\"ak_js_1\" name=\"_wpcf7_ak_js\" value=\"167\"\/><script>\ndocument.getElementById( \"ak_js_1\" ).setAttribute( \"value\", ( new Date() ).getTime() );\n<\/script>\n<\/p><div class=\"wpcf7-response-output\" aria-hidden=\"true\"><\/div>\n<\/form>\n<\/div>\n\n\t<h3>Beh\u00f6ver du ABS-detaljer med kvalitet?<\/h3>\n<p>STEP\u2122-teknologin \u00e4r idealisk f\u00f6r funktionella prototyper i produktionslika material, s\u00e4rskilt vid sm\u00e5 serier d\u00e4r formsprutning blir f\u00f6r dyrt. Den erbjuder h\u00f6g precision, slagt\u00e5lighet och korta ledtider &#8211; och m\u00f6jligg\u00f6r \u00f6verg\u00e5ng fr\u00e5n prototyp till produktion i samma maskin och material.<\/p>\n<p>Hos AM Printservice har vi kompetensen och tekniken f\u00f6r att st\u00f6tta dig hela v\u00e4gen. Kontakta oss &#8211; s\u00e5 tittar vi tillsammans p\u00e5 om STEP-teknologi passar ditt n\u00e4sta projekt! \u00a0<\/p>\n<p><a id=\"contact-email\" href=\"mailto:info@amprintservice.com\">info@amprintservice.com<\/a><\/p>\n<h4>L\u00e4s v\u00e5ra artiklar om STEP\u2122-teknologin:<\/h4>\n<p><a href=\"https:\/\/www.amprintservice.com\/3d-printing-med-abs-ett-alternativ-till-formsprutning\/\">3D-prining med ABS &#8211; ett alternativ till formsprutning<\/a><\/p>\n<p><a href=\"https:\/\/www.amprintservice.com\/3d-utskrift-med-abs-i-formsprutnings-kvalitet\/\">3D-utskrit med ABS i formsprutnings kvalitet<\/a><\/p>\n    \t<a style=\"text-decoration: none;\" href=\"https:\/\/www.instagram.com\/amprintservice\/\" target=\"_blank\" rel=\"noopener\">\n\t\t<img decoding=\"async\" style=\"width: 50px; height: auto;\" src=\"https:\/\/www.amprintservice.com\/wp-content\/themes\/amprintservice\/images\/instagram.svg\">\n\t<\/a>\n\t\n    \t<a style=\"text-decoration: none;\" href=\"https:\/\/www.linkedin.com\/company\/amprintservice\/\" target=\"_blank\" rel=\"noopener\">\n\t\t<img decoding=\"async\" style=\"width: 50px; height: auto;\" src=\"https:\/\/www.amprintservice.com\/wp-content\/themes\/amprintservice\/images\/linkedin.svg\">\n\t<\/a>\n\t\n\t<h3>AM PRINTSERVICE<\/h3>\n<hr \/>\n<p>&nbsp;<\/p>\n<p><strong>KONTAKTA OSS<\/strong><\/p>\n\t\t\t<a href=\"https:\/\/www.amprintservice.com\/order\/\" target=\"_self\">\n\t\t\t\t\t\t\tBest\u00e4ll 3D-print\n\t\t\t\t\t<\/a>\n\n","protected":false},"excerpt":{"rendered":"<p>3D-UTSKRIFT MED STEP\u2122 TEKNOLOGI &nbsp; DIN PARTNER ONLINE F\u00d6R PROTOTYPER &amp; PRODUKTION I 3D &nbsp; Best\u00e4ll 3D-utskrift Kontakta oss En modern l\u00f6sning f\u00f6r 3D produktion STEP\u2122 (Selective Thermoplastic Electrophotographic Process) \u00e4r en banbrytande teknologi fr\u00e5n Evolve Additive Solutions som kombinerar styrkan fr\u00e5n traditionell formsprutning med flexibiliteten hos 3D-printing. Tekniken \u00e4r s\u00e4rskilt utvecklad f\u00f6r att m\u00f6ta [&hellip;]<\/p>\n","protected":false},"author":10,"featured_media":209,"parent":0,"menu_order":0,"comment_status":"closed","ping_status":"closed","template":"page-templates\/template-pagebuilder.php","meta":{"_acf_changed":false,"_genesis_hide_title":false,"_genesis_hide_breadcrumbs":false,"_genesis_hide_singular_image":false,"_genesis_hide_footer_widgets":false,"_genesis_custom_body_class":"","_genesis_custom_post_class":"","_genesis_layout":"","footnotes":""},"class_list":{"0":"post-1497","1":"page","2":"type-page","3":"status-publish","4":"has-post-thumbnail","6":"entry"},"acf":[],"_links":{"self":[{"href":"https:\/\/www.amprintservice.com\/en\/wp-json\/wp\/v2\/pages\/1497","targetHints":{"allow":["GET"]}}],"collection":[{"href":"https:\/\/www.amprintservice.com\/en\/wp-json\/wp\/v2\/pages"}],"about":[{"href":"https:\/\/www.amprintservice.com\/en\/wp-json\/wp\/v2\/types\/page"}],"author":[{"embeddable":true,"href":"https:\/\/www.amprintservice.com\/en\/wp-json\/wp\/v2\/users\/10"}],"replies":[{"embeddable":true,"href":"https:\/\/www.amprintservice.com\/en\/wp-json\/wp\/v2\/comments?post=1497"}],"version-history":[{"count":11,"href":"https:\/\/www.amprintservice.com\/en\/wp-json\/wp\/v2\/pages\/1497\/revisions"}],"predecessor-version":[{"id":1870,"href":"https:\/\/www.amprintservice.com\/en\/wp-json\/wp\/v2\/pages\/1497\/revisions\/1870"}],"wp:featuredmedia":[{"embeddable":true,"href":"https:\/\/www.amprintservice.com\/en\/wp-json\/wp\/v2\/media\/209"}],"wp:attachment":[{"href":"https:\/\/www.amprintservice.com\/en\/wp-json\/wp\/v2\/media?parent=1497"}],"curies":[{"name":"wp","href":"https:\/\/api.w.org\/{rel}","templated":true}]}}