{"id":1359,"date":"2024-12-13T07:53:36","date_gmt":"2024-12-13T06:53:36","guid":{"rendered":"https:\/\/www.amprintservice.com\/?page_id=1359"},"modified":"2025-11-20T15:45:51","modified_gmt":"2025-11-20T14:45:51","slug":"3d-print-for-manufacturing-industry","status":"publish","type":"page","link":"https:\/\/www.amprintservice.com\/en\/3d-print-for-tillverkningsindustri\/","title":{"rendered":"Industries"},"content":{"rendered":"<h1>3D PRINTING FOR THE INDUSTRY<\/h1>\n<hr \/>\n<p>&nbsp;<\/p>\n<p>YOUR ONLINE PARTNER FOR 3D PROTOTYPES &amp; PRODUCTION<\/p>\n<p>&nbsp;<\/p>\n\t\t\t<a href=\"https:\/\/www.amprintservice.com\/en\/order\/\" target=\"_self\">\n\t\t\t\t\t\t\tOrder 3D printing\n\t\t\t\t\t<\/a>\n\t\t\t<a href=\"https:\/\/www.amprintservice.com\/en\/contact\/\" target=\"_self\">\n\t\t\t\t\t\t\tContact us\n\t\t\t\t\t<\/a>\n<h2>\n\t\t\tThe benefits of 3D printing in manufacturing\t<\/h2>\n\t<p class=\"translation-block\">3D printing in plastic and metal offers valuable opportunities for industrial manufacturing by combining speed, flexibility and precision. The technology allows your company to create complex components with minimal material consumption, reducing costs and reducing environmental impact.<\/p>\n<p class=\"translation-block\">For plastic parts, this means rapid prototype development and cost-effective production of small series. For metal parts, it enables advanced geometries and high strength, which is perfect for demanding applications in the automotive and aerospace industries, for example.<\/p>\n<p>By using us as your 3D printing supplier, your company can shorten lead times, reduce inventory and quickly adapt to market demands.<\/p>\n<h2>\n\t\t\t3D printing for car manufacturers\t<\/h2>\n\t<p class=\"translation-block\">In the automotive industry, 3D printing enables rapid prototyping and custom parts, streamlining product development and reducing lead times. The technology is also being used to produce custom tools and fixtures in days, instead of weeks, and at a fraction of the cost of traditional methods.<\/p>\n<p><a href=\"https:\/\/www.amprintservice.com\/en\/3d-print-for-manufacturing-industry\/3d-printing-for-automotive-industry\/\">READ MORE<\/a><\/p>\n\t\t\t\t<img decoding=\"async\" src=\"https:\/\/www.amprintservice.com\/wp-content\/uploads\/2024\/10\/advantages-of-3d-printing-2.jpg\" alt=\"3d printing for the automotive industry exemplified by 3d printed interior parts\" itemprop=\"image\" height=\"698\" width=\"1248\" title=\"advantages-of-3d-printing-2\" onerror=\"this.style.display='none'\" loading=\"lazy\" \/>\n\t\t\t\t<img decoding=\"async\" src=\"https:\/\/www.amprintservice.com\/wp-content\/uploads\/2024\/10\/hp-machine-builder-1-cropped.jpg\" alt=\"3d printing for machine builders hands with tools\" itemprop=\"image\" height=\"500\" width=\"699\" title=\"hp machine builder 1 cropped\" onerror=\"this.style.display='none'\" loading=\"lazy\" \/>\n<h2>\n\t\t\t3D printing for machine builders\t<\/h2>\n\t<p class=\"translation-block\">3D printing allows machine builders to quickly produce prototypes, complex custom parts and special tools that would otherwise be difficult or expensive to produce. The technology reduces lead times, lowers costs and eliminates the need to stock spare parts \u2013 all to maximize efficiency and minimize downtime.<\/p>\n<p><a href=\"https:\/\/www.amprintservice.com\/en\/3d-print-for-manufacturing-industry\/3d-print-for-machine-builders\/\">READ MORE<\/a><\/p>\n<h2>\n\t\t\t3D printing for robots\t<\/h2>\n\t<p>With 3D printing, you can go from idea to finished tool for your robot integration in just days, at a lower cost and with less material consumption. The technology enables customized solutions, faster adjustments and sustainable processes, which increases flexibility and reduces environmental impact. This means you get perfect tools and accessories for your robot installation.<\/p>\n<p><a href=\"https:\/\/www.amprintservice.com\/en\/3d-print-for-robot-integration\/\">READ MORE<\/a><\/p>\n<p>&nbsp;<\/p>\n\t\t\t\t<img decoding=\"async\" src=\"https:\/\/www.amprintservice.com\/wp-content\/uploads\/2024\/12\/hp-3d-printed-robot-grippers.png\" alt=\"3D printing for robotic grippers\" itemprop=\"image\" height=\"1000\" width=\"1702\" title=\"hp-3d-printed-robot-grippers\" onerror=\"this.style.display='none'\" loading=\"lazy\" \/>\n\t\t\t\t<img decoding=\"async\" src=\"https:\/\/www.amprintservice.com\/wp-content\/uploads\/2024\/11\/Drones-5.jpg\" alt=\"3D printed drones can be manufactured more flexibly and with less weight.\" itemprop=\"image\" height=\"1184\" width=\"1704\" title=\"Drones 5\" onerror=\"this.style.display='none'\" loading=\"lazy\" \/>\n<h2>\n\t\t\t3D printing for drones\t<\/h2>\n\t<p class=\"translation-block\">With 3D printing you can create advanced geometries that are impossible to manufacture with traditional methods. The technology makes it easy to optimize the weight of your drone parts. In addition, you get flexible production where you only produce what you need. Thanks to minimal material waste and local manufacturing in Sweden, the process also contributes to more sustainable production.<\/p>\n<p><a href=\"https:\/\/www.amprintservice.com\/en\/3d-printed-drones\/\">READ MORE<\/a><\/p>\n<p>&nbsp;<\/p>\n\t<h3>Contact us<\/h3>\n<p>Please contact us with your concerns and we can tell you more about our concept and how your business can benefit from our services.<\/p>\n<p><a id=\"contact-email\" href=\"mailto:info@amprintservice.com\">mailto:info@amprintservice.com<\/a><\/p>\n\t\n<div class=\"wpcf7 no-js\" id=\"wpcf7-f5-o1\" lang=\"sv-SE\" dir=\"ltr\" data-wpcf7-id=\"5\">\n<div class=\"screen-reader-response\"><p role=\"status\" aria-live=\"polite\" aria-atomic=\"true\"><\/p> <ul><\/ul><\/div>\n<form action=\"\/en\/wp-json\/wp\/v2\/pages\/1359#wpcf7-f5-o1\" method=\"post\" class=\"wpcf7-form init\" aria-label=\"Contact form\" novalidate=\"novalidate\" data-status=\"init\" data-trp-original-action=\"\/en\/wp-json\/wp\/v2\/pages\/1359#wpcf7-f5-o1\">\n<fieldset class=\"hidden-fields-container\"><input type=\"hidden\" name=\"_wpcf7\" value=\"5\" \/><input type=\"hidden\" name=\"_wpcf7_version\" value=\"6.1.5\" \/><input type=\"hidden\" name=\"_wpcf7_locale\" value=\"sv_SE\" \/><input type=\"hidden\" name=\"_wpcf7_unit_tag\" value=\"wpcf7-f5-o1\" \/><input type=\"hidden\" name=\"_wpcf7_container_post\" value=\"0\" \/><input type=\"hidden\" name=\"_wpcf7_posted_data_hash\" value=\"\" \/>\n<\/fieldset>\n<p><label> Name<br \/>\n<span class=\"wpcf7-form-control-wrap\" data-name=\"your-name\"><input size=\"40\" maxlength=\"400\" class=\"wpcf7-form-control wpcf7-text wpcf7-validates-as-required\" aria-required=\"true\" aria-invalid=\"false\" value=\"\" type=\"text\" name=\"your-name\" \/><\/span> <\/label>\n<\/p>\n<p><label> E-mail<br \/>\n<span class=\"wpcf7-form-control-wrap\" data-name=\"your-email\"><input size=\"40\" maxlength=\"400\" class=\"wpcf7-form-control wpcf7-email wpcf7-validates-as-required wpcf7-text wpcf7-validates-as-email\" aria-required=\"true\" aria-invalid=\"false\" value=\"\" type=\"email\" name=\"your-email\" \/><\/span> <\/label>\n<\/p>\n<p><label> Message<br \/>\n<span class=\"wpcf7-form-control-wrap\" data-name=\"your-message\"><textarea cols=\"40\" rows=\"10\" maxlength=\"2000\" class=\"wpcf7-form-control wpcf7-textarea wpcf7-validates-as-required\" aria-required=\"true\" aria-invalid=\"false\" name=\"your-message\"><\/textarea><\/span> <\/label>\n<\/p>\n<p><span class=\"wpcf7-form-control-wrap\" data-name=\"quiz-799\"><label><span class=\"wpcf7-quiz-label\">Are you a robot? How many letters are there in the word PRINT?<\/span> <input size=\"40\" class=\"wpcf7-form-control wpcf7-quiz\" autocomplete=\"off\" aria-required=\"true\" aria-invalid=\"false\" type=\"text\" name=\"quiz-799\" \/><\/label><input type=\"hidden\" name=\"_wpcf7_quiz_answer_quiz-799\" value=\"c3047008f9ff68ac5b81426e2bf8c630\" \/><\/span>\n<\/p>\n<p><input class=\"wpcf7-form-control wpcf7-submit has-spinner\" type=\"submit\" value=\"Send\" \/>\n<\/p><p style=\"display: none !important;\" class=\"akismet-fields-container\" data-prefix=\"_wpcf7_ak_\"><label>\u0394<textarea name=\"_wpcf7_ak_hp_textarea\" cols=\"45\" rows=\"8\" maxlength=\"100\"><\/textarea><\/label><input type=\"hidden\" id=\"ak_js_1\" name=\"_wpcf7_ak_js\" value=\"93\"\/><script>document.getElementById( \"ak_js_1\" ).setAttribute( \"value\", ( new Date() ).getTime() );<\/script><\/p><div class=\"wpcf7-response-output\" aria-hidden=\"true\"><\/div>\n<input type=\"hidden\" name=\"trp-form-language\" value=\"en\"\/><\/form>\n<\/div>","protected":false},"excerpt":{"rendered":"<p>3D-PRINT F\u00d6R TILLVERKNINGSINDUSTRI &nbsp; DIN PARTNER ONLINE F\u00d6R PROTOTYPER &amp; PRODUKTION I 3D &nbsp; Best\u00e4ll 3D-utskrift Kontakta oss Nyttan med 3d-print inom tillverkningsindustri 3D-print i plast och metall ger v\u00e4rdefulla m\u00f6jligheter f\u00f6r industriell tillverkning genom att kombinera snabbhet, flexibilitet och precision. Med tekniken kan ditt f\u00f6retag skapa komplexa komponenter med minimal material\u00e5tg\u00e5ng, vilket s\u00e4nker kostnader [&hellip;]<\/p>\n","protected":false},"author":10,"featured_media":0,"parent":0,"menu_order":0,"comment_status":"closed","ping_status":"closed","template":"page-templates\/template-pagebuilder.php","meta":{"_acf_changed":false,"_genesis_hide_title":false,"_genesis_hide_breadcrumbs":false,"_genesis_hide_singular_image":false,"_genesis_hide_footer_widgets":false,"_genesis_custom_body_class":"","_genesis_custom_post_class":"","_genesis_layout":"","footnotes":""},"class_list":{"0":"post-1359","1":"page","2":"type-page","3":"status-publish","5":"entry"},"acf":[],"_links":{"self":[{"href":"https:\/\/www.amprintservice.com\/en\/wp-json\/wp\/v2\/pages\/1359","targetHints":{"allow":["GET"]}}],"collection":[{"href":"https:\/\/www.amprintservice.com\/en\/wp-json\/wp\/v2\/pages"}],"about":[{"href":"https:\/\/www.amprintservice.com\/en\/wp-json\/wp\/v2\/types\/page"}],"author":[{"embeddable":true,"href":"https:\/\/www.amprintservice.com\/en\/wp-json\/wp\/v2\/users\/10"}],"replies":[{"embeddable":true,"href":"https:\/\/www.amprintservice.com\/en\/wp-json\/wp\/v2\/comments?post=1359"}],"version-history":[{"count":18,"href":"https:\/\/www.amprintservice.com\/en\/wp-json\/wp\/v2\/pages\/1359\/revisions"}],"predecessor-version":[{"id":1871,"href":"https:\/\/www.amprintservice.com\/en\/wp-json\/wp\/v2\/pages\/1359\/revisions\/1871"}],"wp:attachment":[{"href":"https:\/\/www.amprintservice.com\/en\/wp-json\/wp\/v2\/media?parent=1359"}],"curies":[{"name":"wp","href":"https:\/\/api.w.org\/{rel}","templated":true}]}}