{"id":1233,"date":"2024-10-16T21:34:19","date_gmt":"2024-10-16T19:34:19","guid":{"rendered":"https:\/\/www.amprintservice.com\/?page_id=1233"},"modified":"2025-09-02T12:50:09","modified_gmt":"2025-09-02T10:50:09","slug":"3d-printing-for-automotive-industry","status":"publish","type":"page","link":"https:\/\/www.amprintservice.com\/en\/3d-print-for-tillverkningsindustri\/3d-print-for-fordonsindustrin\/","title":{"rendered":"3D PRINTING FOR AUTOMOTIVE INDUSTRY"},"content":{"rendered":"<h1>3D-PRINT FOR AUTOMOTIVE<\/h1>\n<hr \/>\n<p>&nbsp;<\/p>\n<p>3D printing shortens lead times, improves innovation capacity and lowers costs for the automotive industry.<\/p>\n<p>&nbsp;<\/p>\n\t\t\t<a href=\"https:\/\/www.amprintservice.com\/en\/order\/\" target=\"_self\">\n\t\t\t\t\t\t\tOrder 3D printing\n\t\t\t\t\t<\/a>\n\t\t\t<a href=\"https:\/\/www.amprintservice.com\/en\/contact\/\" target=\"_self\">\n\t\t\t\t\t\t\tContact us\n\t\t\t\t\t<\/a>\n<h2>\n\t\t\tInnovative 3D printing solutions for the automotive industry \t<\/h2>\n\t<p>The automotive industry faces several challenges, such as faster product development and supply chain optimization. By using additive manufacturing, companies can develop and produce parts in a flexible and scalable way. \u00a0<\/p>\n<p>Vi arbetar med allt fr\u00e5n prototyptillverkning till produktion av specialanpassade delar och verktyg. V\u00e5r teknik m\u00f6jligg\u00f6r en snabb omst\u00e4llning fr\u00e5n design till f\u00e4rdig produkt, med m\u00f6jlighet till <a href=\"https:\/\/www.amprintservice.com\/en\/order\/\">3D printing on demand<\/a> f\u00f6r att m\u00f6ta akuta behov eller korta ledtider.\u00a0<\/p>\n<h2>\n\t\t\tBenefits of 3D for industry\t<\/h2>\n\t<ul>\n<li><strong>Snabba prototyper:<\/strong> Reducera utvecklingstiden genom att snabbt ta fram och testa prototyper &#8211; produktf\u00f6rb\u00e4ttringar p\u00e5 dagar ist\u00e4llet f\u00f6r veckor<\/li>\n<li class=\"translation-block\"><span style=\"font-weight: 400\"><strong>Cost-effective customizations:<\/strong> <span class=\"TextRun SCXW13894170 BCX0\" lang=\"SV-SE\" xml:lang=\"SV-SE\" data-contrast=\"auto\"><span class=\"NormalTextRun SCXW13894170 BCX0\">Produce custom components and tools quickly and economically<\/span><\/span><\/span><\/li>\n<li><strong>Verktygstillverkning:<\/strong> Skapa skr\u00e4ddarsydda fixturer och verktyg som anv\u00e4nds direkt i produktionslinjen &#8211; minska beroendet av externa leverant\u00f6rer och kortar ledtider<\/li>\n<\/ul>\n\t\t\t\t<img decoding=\"async\" src=\"https:\/\/www.amprintservice.com\/wp-content\/uploads\/2024\/10\/3d-printing-for-cars_2.jpg\" alt=\"3d printing for the automotive industry visualised through a 3d printed chassis detail\" itemprop=\"image\" height=\"698\" width=\"1248\" title=\"3d-printing-for-cars_2\" onerror=\"this.style.display='none'\" loading=\"lazy\" \/>\n\t\t\t\t<img decoding=\"async\" src=\"https:\/\/www.amprintservice.com\/wp-content\/uploads\/2024\/10\/advantages-of-3d-printing-2.jpg\" alt=\"3d printing for the automotive industry exemplified by 3d printed interior parts\" itemprop=\"image\" height=\"698\" width=\"1248\" title=\"advantages-of-3d-printing-2\" onerror=\"this.style.display='none'\" loading=\"lazy\" \/>\n<h2>\n\t\t\tComponents for the automotive industry \t<\/h2>\n\t<p>3D printing technology can be particularly useful for applications such as:<\/p>\n<ul>\n<li aria-level=\"1\" class=\"translation-block\"><span style=\"font-weight: 400\"><strong>Prototypes:<\/strong> <span class=\"TextRun SCXW84987516 BCX0\" lang=\"SV-SE\" xml:lang=\"SV-SE\" data-contrast=\"auto\"><span class=\"NormalTextRun SCXW84987516 BCX0\">Test and improve products before they go into production<\/span><\/span><\/span>especially useful for applications such as:<\/li>\n<li aria-level=\"1\" class=\"translation-block\"><strong>Special components:<\/strong> <span class=\"TextRun SCXW167312172 BCX0\" lang=\"SV-SE\" xml:lang=\"SV-SE\" data-contrast=\"auto\"><span class=\"NormalTextRun SCXW167312172 BCX0\">Lightweight parts that reduce vehicle weight and increase fuel efficiency<\/span><\/span><\/li>\n<li aria-level=\"1\" class=\"translation-block\"><strong>Personalized parts:<\/strong><span class=\"TextRun SCXW20838325 BCX0\" lang=\"SV-SE\" xml:lang=\"SV-SE\" data-contrast=\"auto\"><span class=\"NormalTextRun SCXW20838325 BCX0\">Customized solutions for example disabled-accessible vehicles<\/span><\/span><\/li>\n<li aria-level=\"1\" class=\"translation-block\"><span style=\"font-weight: 400\"><strong>Tools and fixtures:<\/strong> <span class=\"TextRun SCXW81289280 BCX0\" lang=\"SV-SE\" xml:lang=\"SV-SE\" data-contrast=\"auto\"><span class=\"NormalTextRun SCXW81289280 BCX0\">Custom tools that streamline the manufacturing process<\/span><\/span><\/span><\/li>\n<\/ul>\n\t<h2>How 3D printing works for the automotive industry<\/h2>\n<p>When you come to us at AM Printservice to manufacture your parts, we offer a streamlined process. Everything from design to finished product.<\/p>\n<ol>\n<li aria-level=\"1\">Inquiry and project definition<\/li>\n<li aria-level=\"1\">CAD design and approval<\/li>\n<li aria-level=\"1\">3D printing with modern technology from <a href=\"http:\/\/www.hp.com\" target=\"_blank\" rel=\"noopener\">HP<\/a><\/li>\n<li aria-level=\"1\">Adjustments if necessary<\/li>\n<li aria-level=\"1\">Delivery within agreed time<\/li>\n<\/ol>\n\t\t\t\t<img decoding=\"async\" src=\"https:\/\/www.amprintservice.com\/wp-content\/uploads\/2024\/10\/3d-printing-for-cars_1.jpg\" alt=\"3d printing for the automotive industry visualised by a 3d printed part for a passenger car\" itemprop=\"image\" title=\"3d-printing-for-cars_1\" onerror=\"this.style.display='none'\" loading=\"lazy\" \/>\n\t\t\t\t<img decoding=\"async\" src=\"https:\/\/www.amprintservice.com\/wp-content\/uploads\/2024\/10\/3d-printing-for-cars_2.jpg\" alt=\"3d printing for the automotive industry visualised through a 3d printed chassis detail\" itemprop=\"image\" height=\"698\" width=\"1248\" title=\"3d-printing-for-cars_2\" onerror=\"this.style.display='none'\" loading=\"lazy\" \/>\n<h2>\n\t\t\tThe future of the automotive industry \t<\/h2>\n\t<p>The automotive industry is in a phase of transformation, where digitalization and sustainable solutions are key areas of focus. 3D printing technology is an important part of this development and has the potential to redefine how the industry designs, manufactures and distributes products. By offering faster, more flexible and cost-effective solutions, the technology can meet the growing demands for innovation and sustainability.\u00a0<\/p>\n\t<h3>Contact us<\/h3>\n<p>Om ditt f\u00f6retag arbetar inom fordonsindustrin och letar efter kostnadseffektiva och flexibla tillverkningsmetoder, \u00e4r AM Printservice r\u00e4tt partner. Kontakta oss idag f\u00f6r att diskutera hur v\u00e5ra 3D-printl\u00f6sningar, inklusive 3D-print on demand, kan hj\u00e4lpa dig att m\u00f6ta framtidens utmaningar.\u00a0<\/p>\n<p><a id=\"contact-email\" href=\"mailto:info@amprintservice.com\">mailto:info@amprintservice.com<\/a><\/p>\n\t\n<div class=\"wpcf7 no-js\" id=\"wpcf7-f5-o1\" lang=\"sv-SE\" dir=\"ltr\" data-wpcf7-id=\"5\">\n<div class=\"screen-reader-response\"><p role=\"status\" aria-live=\"polite\" aria-atomic=\"true\"><\/p> <ul><\/ul><\/div>\n<form action=\"\/en\/wp-json\/wp\/v2\/pages\/1233#wpcf7-f5-o1\" method=\"post\" class=\"wpcf7-form init\" aria-label=\"Contact form\" novalidate=\"novalidate\" data-status=\"init\" data-trp-original-action=\"\/en\/wp-json\/wp\/v2\/pages\/1233#wpcf7-f5-o1\">\n<fieldset class=\"hidden-fields-container\"><input type=\"hidden\" name=\"_wpcf7\" value=\"5\" \/><input type=\"hidden\" name=\"_wpcf7_version\" value=\"6.1.5\" \/><input type=\"hidden\" name=\"_wpcf7_locale\" value=\"sv_SE\" \/><input type=\"hidden\" name=\"_wpcf7_unit_tag\" value=\"wpcf7-f5-o1\" \/><input type=\"hidden\" name=\"_wpcf7_container_post\" value=\"0\" \/><input type=\"hidden\" name=\"_wpcf7_posted_data_hash\" value=\"\" \/>\n<\/fieldset>\n<p><label> Name<br \/>\n<span class=\"wpcf7-form-control-wrap\" data-name=\"your-name\"><input size=\"40\" maxlength=\"400\" class=\"wpcf7-form-control wpcf7-text wpcf7-validates-as-required\" aria-required=\"true\" aria-invalid=\"false\" value=\"\" type=\"text\" name=\"your-name\" \/><\/span> <\/label>\n<\/p>\n<p><label> E-mail<br \/>\n<span class=\"wpcf7-form-control-wrap\" data-name=\"your-email\"><input size=\"40\" maxlength=\"400\" class=\"wpcf7-form-control wpcf7-email wpcf7-validates-as-required wpcf7-text wpcf7-validates-as-email\" aria-required=\"true\" aria-invalid=\"false\" value=\"\" type=\"email\" name=\"your-email\" \/><\/span> <\/label>\n<\/p>\n<p><label> Message<br \/>\n<span class=\"wpcf7-form-control-wrap\" data-name=\"your-message\"><textarea cols=\"40\" rows=\"10\" maxlength=\"2000\" class=\"wpcf7-form-control wpcf7-textarea wpcf7-validates-as-required\" aria-required=\"true\" aria-invalid=\"false\" name=\"your-message\"><\/textarea><\/span> <\/label>\n<\/p>\n<p><span class=\"wpcf7-form-control-wrap\" data-name=\"quiz-799\"><label><span class=\"wpcf7-quiz-label\">Are you a robot? How many letters are there in the word PRINT?<\/span> <input size=\"40\" class=\"wpcf7-form-control wpcf7-quiz\" autocomplete=\"off\" aria-required=\"true\" aria-invalid=\"false\" type=\"text\" name=\"quiz-799\" \/><\/label><input type=\"hidden\" name=\"_wpcf7_quiz_answer_quiz-799\" value=\"c3047008f9ff68ac5b81426e2bf8c630\" \/><\/span>\n<\/p>\n<p><input class=\"wpcf7-form-control wpcf7-submit has-spinner\" type=\"submit\" value=\"Send\" \/>\n<\/p><p style=\"display: none !important;\" class=\"akismet-fields-container\" data-prefix=\"_wpcf7_ak_\"><label>\u0394<textarea name=\"_wpcf7_ak_hp_textarea\" cols=\"45\" rows=\"8\" maxlength=\"100\"><\/textarea><\/label><input type=\"hidden\" id=\"ak_js_1\" name=\"_wpcf7_ak_js\" value=\"146\"\/><script>\ndocument.getElementById( \"ak_js_1\" ).setAttribute( \"value\", ( new Date() ).getTime() );\n<\/script>\n<\/p><div class=\"wpcf7-response-output\" aria-hidden=\"true\"><\/div>\n<input type=\"hidden\" name=\"trp-form-language\" value=\"en\"\/><\/form>\n<\/div>","protected":false},"excerpt":{"rendered":"<p>3D-PRINT F\u00d6R FORDONSINDUSTRIN &nbsp; 3d-print f\u00f6rkortar ledtider, f\u00f6rb\u00e4ttrar innovationsf\u00f6rm\u00e5gan och s\u00e4nker kostnader f\u00f6r fordonsindustrin. &nbsp; Best\u00e4ll 3D-utskrift Kontakta oss Innovativa 3D-printl\u00f6sningar f\u00f6r fordonsbranschen Fordonsindustrin st\u00e5r inf\u00f6r flera utmaningar, s\u00e5som snabbare produktutveckling och optimering av leveranskedjor. Genom att anv\u00e4nda additiv tillverkning kan f\u00f6retag utveckla och producera delar p\u00e5 ett flexibelt och skalbart s\u00e4tt. \u00a0 Vi arbetar [&hellip;]<\/p>\n","protected":false},"author":7,"featured_media":0,"parent":1359,"menu_order":0,"comment_status":"closed","ping_status":"closed","template":"page-templates\/template-pagebuilder.php","meta":{"_acf_changed":false,"_genesis_hide_title":false,"_genesis_hide_breadcrumbs":false,"_genesis_hide_singular_image":false,"_genesis_hide_footer_widgets":false,"_genesis_custom_body_class":"","_genesis_custom_post_class":"","_genesis_layout":"","footnotes":""},"class_list":{"0":"post-1233","1":"page","2":"type-page","3":"status-publish","5":"entry"},"acf":[],"_links":{"self":[{"href":"https:\/\/www.amprintservice.com\/en\/wp-json\/wp\/v2\/pages\/1233","targetHints":{"allow":["GET"]}}],"collection":[{"href":"https:\/\/www.amprintservice.com\/en\/wp-json\/wp\/v2\/pages"}],"about":[{"href":"https:\/\/www.amprintservice.com\/en\/wp-json\/wp\/v2\/types\/page"}],"author":[{"embeddable":true,"href":"https:\/\/www.amprintservice.com\/en\/wp-json\/wp\/v2\/users\/7"}],"replies":[{"embeddable":true,"href":"https:\/\/www.amprintservice.com\/en\/wp-json\/wp\/v2\/comments?post=1233"}],"version-history":[{"count":21,"href":"https:\/\/www.amprintservice.com\/en\/wp-json\/wp\/v2\/pages\/1233\/revisions"}],"predecessor-version":[{"id":1872,"href":"https:\/\/www.amprintservice.com\/en\/wp-json\/wp\/v2\/pages\/1233\/revisions\/1872"}],"up":[{"embeddable":true,"href":"https:\/\/www.amprintservice.com\/en\/wp-json\/wp\/v2\/pages\/1359"}],"wp:attachment":[{"href":"https:\/\/www.amprintservice.com\/en\/wp-json\/wp\/v2\/media?parent=1233"}],"curies":[{"name":"wp","href":"https:\/\/api.w.org\/{rel}","templated":true}]}}