{"id":1225,"date":"2024-10-14T21:02:08","date_gmt":"2024-10-14T19:02:08","guid":{"rendered":"https:\/\/www.amprintservice.com\/?page_id=1225"},"modified":"2025-09-02T12:50:56","modified_gmt":"2025-09-02T10:50:56","slug":"3d-print-for-machine-builders","status":"publish","type":"page","link":"https:\/\/www.amprintservice.com\/en\/3d-print-for-tillverkningsindustri\/3d-print-for-maskinbyggare\/","title":{"rendered":"3D printing for machine builders"},"content":{"rendered":"<h1>3D PRINTING FOR MACHINERY<\/h1>\n<hr \/>\n<p>&nbsp;<\/p>\n<p>3D printing shortens delivery times, makes you more flexible and enables cost-effective customized components.<\/p>\n<p>&nbsp;<\/p>\n\t\t\t<a href=\"https:\/\/www.amprintservice.com\/en\/order\/\" target=\"_self\">\n\t\t\t\t\t\t\tOrder 3D printing\n\t\t\t\t\t<\/a>\n\t\t\t<a href=\"https:\/\/www.amprintservice.com\/en\/contact\/\" target=\"_self\">\n\t\t\t\t\t\t\tContact us\n\t\t\t\t\t<\/a>\n<h2>\n\t\t\tMain challenges for machine builders\t<\/h2>\n\tMaskintillverkare och maskinbyggare m\u00f6ter m\u00e5nga utmaningar i sitt arbete, fr\u00e5n l\u00e5nga ledtider till h\u00f6ga kostnader. Traditionella tillverkningsmetoder kan begr\u00e4nsa flexibiliteten och g\u00f6ra det sv\u00e5rt att m\u00f6ta krav p\u00e5 snabba leveranser och innovativa l\u00f6sningar.\nMed 3D-utskrift kan du snabbt producera sm\u00e5 serier av delar eller produkter. Idag kan man med hj\u00e4lp av 3D-utskrift tillverka allt fr\u00e5n ett tiotal till flera tusen delar p\u00e5 n\u00e5gra dagar.\u00a0\nMed v\u00e5r expertis och 3D-printl\u00f6sningar, samt <a href=\"https:\/\/www.amprintservice.com\/en\/order\/\">3D printing on demand<\/a>, hj\u00e4lper vi dig att korta ledtider, minska beroendet av stora lager och \u00f6ka din produktionskapacitet.\u00a0\u00a0\n<h2>\n\t\t\tBenefits of 3D printing for machine builders\t<\/h2>\n\t<ul>\n<li class=\"translation-block\"><b>Rapid Prototyping<\/b><span style=\"font-weight: 400\">: <span class=\"NormalTextRun SCXW244632935 BCX0\">Create and test prototypes without having to wait weeks like with traditional manufacturing methods. This way you can shorten the development cycle and launch new products faster<\/span><\/span><\/li>\n<li class=\"translation-block\"><b>Smart design<\/b><span style=\"font-weight: 400\">:<span class=\"NormalTextRun SCXW204809966 BCX0\"> 3D printing enables the manufacture of complex, customized components that are lighter<\/span><span class=\"NormalTextRun SCXW204809966 BCX0\"> and<\/span><span class=\"NormalTextRun SCXW204809966 BCX0\"> more functional<\/span><\/span><\/li>\n<li class=\"translation-block\"><b>Tools and spare parts<\/b><span style=\"font-weight: 400\">: <span class=\"NormalTextRun SCXW10584311 BCX0\">Manufacturing customized tools and spare parts is fast and cost-effective. <\/span><span class=\"NormalTextRun SCXW10584311 BCX0\">This<\/span><span class=\"NormalTextRun SCXW10584311 BCX0\">means that you avoid large inventories and can instead order what you need, when you need it<\/span><\/span><\/li>\n<\/ul>\n\t\t\t\t<img decoding=\"async\" src=\"https:\/\/www.amprintservice.com\/wp-content\/uploads\/2024\/10\/hp-machine-builder-3-cropped.jpg\" alt=\"3d print for machine builders with 3d printed component\" itemprop=\"image\" height=\"500\" width=\"640\" title=\"hp machine builder 3 cropped\" onerror=\"this.style.display='none'\" loading=\"lazy\" \/>\n\t\t\t\t<img decoding=\"async\" src=\"https:\/\/www.amprintservice.com\/wp-content\/uploads\/2024\/10\/hp-machine-builder-2-cropped.jpg\" alt=\"3d printing for machine builders 3d printed ball bearings\" itemprop=\"image\" height=\"500\" width=\"708\" title=\"hp machine builder 2 cropped\" onerror=\"this.style.display='none'\" loading=\"lazy\" \/>\n<h2>\n\t\t\tYou can 3D print this\t<\/h2>\n\t<p>3D printing technology can be particularly useful for applications such as:<\/p>\n<ul>\n<li class=\"translation-block\"><b>Prototyping<\/b><span style=\"font-weight: 400\">: <span class=\"NormalTextRun SCXW66294400 BCX0\">By making prototypes, you can test and develop new products<\/span><span class=\"NormalTextRun SCXW66294400 BCX0\"> faster<\/span><\/span><\/li>\n<li class=\"translation-block\"><b>Toolmaking<\/b><span style=\"font-weight: 400\">: <span class=\"TextRun SCXW207326343 BCX0\" lang=\"SV-SE\" xml:lang=\"SV-SE\" data-contrast=\"auto\"><span class=\"NormalTextRun SCXW207326343 BCX0\">Custom tools and fixtures can be manufactured in a short time and with high precision, which facilitates the production flow<\/span><\/span><\/span><\/li>\n<li class=\"translation-block\"><b>Production of final parts<\/b><span style=\"font-weight: 400\">: <span class=\"NormalTextRun SCXW77418426 BCX0\">For smaller series and customized components, 3D printing is flexible and <\/span><span class=\"NormalTextRun SCXW77418426 BCX0\">cost-effective<\/span><\/span><\/li>\n<\/ul>\n\t<h2>Produktion n\u00e4r det beh\u00f6vs\u00a0<\/h2>\n<p>V\u00e5rt koncept f\u00f6r 3D-print on demand \u00e4r s\u00e4rskilt anpassat f\u00f6r dig som vill ha flexibilitet i din produktion. Med denna tj\u00e4nst kan du best\u00e4lla de delar du beh\u00f6ver, n\u00e4r du beh\u00f6ver dem. Processen \u00e4r enkel och effektiv:\u00a0<\/p>\n<ol>\n<li aria-level=\"2\">We receive your request and define the project<\/li>\n<li aria-level=\"2\">We cad the solution and get acceptance from you<\/li>\n<li aria-level=\"2\">We 3D print the tool using modern technology from <a href=\"http:\/\/www.hp.com\" target=\"_blank\" rel=\"noopener\">HP<\/a><\/li>\n<li aria-level=\"2\">We make adjustments if needed<\/li>\n<li aria-level=\"2\">We deliver your tools within the agreed time<\/li>\n<\/ol>\n\t\t\t\t<img decoding=\"async\" src=\"https:\/\/www.amprintservice.com\/wp-content\/uploads\/2024\/10\/hp-machine-builder-1-cropped.jpg\" alt=\"3d printing for machine builders hands with tools\" itemprop=\"image\" height=\"500\" width=\"699\" title=\"hp machine builder 1 cropped\" onerror=\"this.style.display='none'\" loading=\"lazy\" \/>\n\t<h3>Contact us<\/h3>\n<p>We work with the latest HP technology to ensure that every component we deliver is of the highest quality. Whether you need single prototypes, tooling or larger runs of final components, we meet your needs.\u00a0\u00a0<\/p>\n<p>Would you like to know more about how 3D printing can benefit your business as a machine manufacturer or machine builder? Contact us today. We will tell you more about our services and help you find the right solution for your needs. Get in touch with us and we will take the next step together.\u00a0<\/p>\n<p><a id=\"contact-email\" href=\"mailto:info@amprintservice.com\">mailto:info@amprintservice.com<\/a><\/p>\n\t\n<div class=\"wpcf7 no-js\" id=\"wpcf7-f5-o1\" lang=\"sv-SE\" dir=\"ltr\" data-wpcf7-id=\"5\">\n<div class=\"screen-reader-response\"><p role=\"status\" aria-live=\"polite\" aria-atomic=\"true\"><\/p> <ul><\/ul><\/div>\n<form action=\"\/en\/wp-json\/wp\/v2\/pages\/1225#wpcf7-f5-o1\" method=\"post\" class=\"wpcf7-form init\" aria-label=\"Contact form\" novalidate=\"novalidate\" data-status=\"init\" data-trp-original-action=\"\/en\/wp-json\/wp\/v2\/pages\/1225#wpcf7-f5-o1\">\n<fieldset class=\"hidden-fields-container\"><input type=\"hidden\" name=\"_wpcf7\" value=\"5\" \/><input type=\"hidden\" name=\"_wpcf7_version\" value=\"6.1.5\" \/><input type=\"hidden\" name=\"_wpcf7_locale\" value=\"sv_SE\" \/><input type=\"hidden\" name=\"_wpcf7_unit_tag\" value=\"wpcf7-f5-o1\" \/><input type=\"hidden\" name=\"_wpcf7_container_post\" value=\"0\" \/><input type=\"hidden\" name=\"_wpcf7_posted_data_hash\" value=\"\" \/>\n<\/fieldset>\n<p><label> Name<br \/>\n<span class=\"wpcf7-form-control-wrap\" data-name=\"your-name\"><input size=\"40\" maxlength=\"400\" class=\"wpcf7-form-control wpcf7-text wpcf7-validates-as-required\" aria-required=\"true\" aria-invalid=\"false\" value=\"\" type=\"text\" name=\"your-name\" \/><\/span> <\/label>\n<\/p>\n<p><label> E-mail<br \/>\n<span class=\"wpcf7-form-control-wrap\" data-name=\"your-email\"><input size=\"40\" maxlength=\"400\" class=\"wpcf7-form-control wpcf7-email wpcf7-validates-as-required wpcf7-text wpcf7-validates-as-email\" aria-required=\"true\" aria-invalid=\"false\" value=\"\" type=\"email\" name=\"your-email\" \/><\/span> <\/label>\n<\/p>\n<p><label> Message<br \/>\n<span class=\"wpcf7-form-control-wrap\" data-name=\"your-message\"><textarea cols=\"40\" rows=\"10\" maxlength=\"2000\" class=\"wpcf7-form-control wpcf7-textarea wpcf7-validates-as-required\" aria-required=\"true\" aria-invalid=\"false\" name=\"your-message\"><\/textarea><\/span> <\/label>\n<\/p>\n<p><span class=\"wpcf7-form-control-wrap\" data-name=\"quiz-799\"><label><span class=\"wpcf7-quiz-label\">Are you a robot? How many letters are there in the word PRINT?<\/span> <input size=\"40\" class=\"wpcf7-form-control wpcf7-quiz\" autocomplete=\"off\" aria-required=\"true\" aria-invalid=\"false\" type=\"text\" name=\"quiz-799\" \/><\/label><input type=\"hidden\" name=\"_wpcf7_quiz_answer_quiz-799\" value=\"c3047008f9ff68ac5b81426e2bf8c630\" \/><\/span>\n<\/p>\n<p><input class=\"wpcf7-form-control wpcf7-submit has-spinner\" type=\"submit\" value=\"Send\" \/>\n<\/p><p style=\"display: none !important;\" class=\"akismet-fields-container\" data-prefix=\"_wpcf7_ak_\"><label>\u0394<textarea name=\"_wpcf7_ak_hp_textarea\" cols=\"45\" rows=\"8\" maxlength=\"100\"><\/textarea><\/label><input type=\"hidden\" id=\"ak_js_1\" name=\"_wpcf7_ak_js\" value=\"203\"\/><script>\ndocument.getElementById( \"ak_js_1\" ).setAttribute( \"value\", ( new Date() ).getTime() );\n<\/script>\n<\/p><div class=\"wpcf7-response-output\" aria-hidden=\"true\"><\/div>\n<input type=\"hidden\" name=\"trp-form-language\" value=\"en\"\/><\/form>\n<\/div>","protected":false},"excerpt":{"rendered":"<p>3D-UTSKRIFT F\u00d6R MASKINBYGGE &nbsp; 3d-print kortar leveranstiderna, g\u00f6r dig flexiblare och m\u00f6jligg\u00f6r kostnadseffektiva kundanpassade komponenter. &nbsp; Best\u00e4ll 3D-utskrift Kontakta oss Fr\u00e4msta utmaningarna f\u00f6r maskinbyggare Maskintillverkare och maskinbyggare m\u00f6ter m\u00e5nga utmaningar i sitt arbete, fr\u00e5n l\u00e5nga ledtider till h\u00f6ga kostnader. Traditionella tillverkningsmetoder kan begr\u00e4nsa flexibiliteten och g\u00f6ra det sv\u00e5rt att m\u00f6ta krav p\u00e5 snabba leveranser och [&hellip;]<\/p>\n","protected":false},"author":7,"featured_media":0,"parent":1359,"menu_order":0,"comment_status":"closed","ping_status":"closed","template":"page-templates\/template-pagebuilder.php","meta":{"_acf_changed":false,"_genesis_hide_title":false,"_genesis_hide_breadcrumbs":false,"_genesis_hide_singular_image":false,"_genesis_hide_footer_widgets":false,"_genesis_custom_body_class":"","_genesis_custom_post_class":"","_genesis_layout":"","footnotes":""},"class_list":{"0":"post-1225","1":"page","2":"type-page","3":"status-publish","5":"entry"},"acf":[],"_links":{"self":[{"href":"https:\/\/www.amprintservice.com\/en\/wp-json\/wp\/v2\/pages\/1225","targetHints":{"allow":["GET"]}}],"collection":[{"href":"https:\/\/www.amprintservice.com\/en\/wp-json\/wp\/v2\/pages"}],"about":[{"href":"https:\/\/www.amprintservice.com\/en\/wp-json\/wp\/v2\/types\/page"}],"author":[{"embeddable":true,"href":"https:\/\/www.amprintservice.com\/en\/wp-json\/wp\/v2\/users\/7"}],"replies":[{"embeddable":true,"href":"https:\/\/www.amprintservice.com\/en\/wp-json\/wp\/v2\/comments?post=1225"}],"version-history":[{"count":16,"href":"https:\/\/www.amprintservice.com\/en\/wp-json\/wp\/v2\/pages\/1225\/revisions"}],"predecessor-version":[{"id":1873,"href":"https:\/\/www.amprintservice.com\/en\/wp-json\/wp\/v2\/pages\/1225\/revisions\/1873"}],"up":[{"embeddable":true,"href":"https:\/\/www.amprintservice.com\/en\/wp-json\/wp\/v2\/pages\/1359"}],"wp:attachment":[{"href":"https:\/\/www.amprintservice.com\/en\/wp-json\/wp\/v2\/media?parent=1225"}],"curies":[{"name":"wp","href":"https:\/\/api.w.org\/{rel}","templated":true}]}}